{"id":3658,"date":"2022-11-02T21:18:03","date_gmt":"2022-11-03T03:18:03","guid":{"rendered":"https:\/\/vitaminaselsalvador.net\/?post_type=product&#038;p=3658"},"modified":"2025-07-08T11:05:12","modified_gmt":"2025-07-08T17:05:12","slug":"esomeprazol-calox-40mg-14-tabletas","status":"publish","type":"product","link":"https:\/\/vitaminaselsalvador.net\/index.php\/product\/esomeprazol-calox-40mg-14-tabletas\/","title":{"rendered":"ESOMEPRAZOL CALOX 40mg 14 Tabletas"},"content":{"rendered":"<p><strong><span style=\"color: #000000;\">CONTRA-INDICACIONES:<\/span><\/strong><\/p>\n<p><span style=\"color: #000000;\">Hipersensibilidad a esomeprazol, a benzomidazoles sustituidos.<\/span><\/p>\n<p><span style=\"color: #000000;\">Esomeprazol 40.00MG<\/span><\/p>\n","protected":false},"excerpt":{"rendered":"<p><strong><span style=\"color: #000000;\">INDICACIONES:<\/span><\/strong><\/p>\n<p><span style=\"color: #000000;\">Esomeprazol calox est\u00e1 indicado en: enfermedad por reflujo gastroesof\u00e1gico. Tratamiento de esofagitis erosiva por reflujo. Prevenir reca\u00eddas en el tratamiento a largo plazo de esofagitis cicatrizada. Tratamiento sintom\u00e1tico de rge. Pacientes que requieren terapia con aines: tratamiento de s\u00edntomas gastrointestinales superiores asociados a la terapia con medicamentos antiinflamatorios no esteroideos.<\/span><\/p>\n","protected":false},"featured_media":3688,"comment_status":"closed","ping_status":"closed","template":"","meta":{"_kad_post_transparent":"","_kad_post_title":"","_kad_post_layout":"","_kad_post_sidebar_id":"","_kad_post_content_style":"","_kad_post_vertical_padding":"","_kad_post_feature":"","_kad_post_feature_position":"","_kad_post_header":false,"_kad_post_footer":false},"product_brand":[],"product_cat":[1436,1437],"product_tag":[1438,1439,1440,1441,1442,1443],"class_list":{"0":"post-3658","1":"product","2":"type-product","3":"status-publish","4":"has-post-thumbnail","6":"product_cat-esomeprazol","7":"product_cat-laboratorios-calox","8":"product_tag-esofagitis-cicactrizada","9":"product_tag-esofagitis-erosiva","10":"product_tag-gastrointestinal","11":"product_tag-recaida","12":"product_tag-reflujo","13":"product_tag-reflujo-gastroesofatico","15":"first","16":"instock","17":"shipping-taxable","18":"purchasable","19":"product-type-simple","20":"entry","21":"content-bg","22":"loop-entry"},"_links":{"self":[{"href":"https:\/\/vitaminaselsalvador.net\/index.php\/wp-json\/wp\/v2\/product\/3658","targetHints":{"allow":["GET"]}}],"collection":[{"href":"https:\/\/vitaminaselsalvador.net\/index.php\/wp-json\/wp\/v2\/product"}],"about":[{"href":"https:\/\/vitaminaselsalvador.net\/index.php\/wp-json\/wp\/v2\/types\/product"}],"replies":[{"embeddable":true,"href":"https:\/\/vitaminaselsalvador.net\/index.php\/wp-json\/wp\/v2\/comments?post=3658"}],"wp:featuredmedia":[{"embeddable":true,"href":"https:\/\/vitaminaselsalvador.net\/index.php\/wp-json\/wp\/v2\/media\/3688"}],"wp:attachment":[{"href":"https:\/\/vitaminaselsalvador.net\/index.php\/wp-json\/wp\/v2\/media?parent=3658"}],"wp:term":[{"taxonomy":"product_brand","embeddable":true,"href":"https:\/\/vitaminaselsalvador.net\/index.php\/wp-json\/wp\/v2\/product_brand?post=3658"},{"taxonomy":"product_cat","embeddable":true,"href":"https:\/\/vitaminaselsalvador.net\/index.php\/wp-json\/wp\/v2\/product_cat?post=3658"},{"taxonomy":"product_tag","embeddable":true,"href":"https:\/\/vitaminaselsalvador.net\/index.php\/wp-json\/wp\/v2\/product_tag?post=3658"}],"curies":[{"name":"wp","href":"https:\/\/api.w.org\/{rel}","templated":true}]}}