{"id":3632,"date":"2022-11-02T21:17:40","date_gmt":"2022-11-03T03:17:40","guid":{"rendered":"https:\/\/vitaminaselsalvador.net\/?post_type=product&#038;p=3632"},"modified":"2025-07-08T11:05:12","modified_gmt":"2025-07-08T17:05:12","slug":"tabcin-flema-y-congestion-60-gel-caps","status":"publish","type":"product","link":"https:\/\/vitaminaselsalvador.net\/index.php\/product\/tabcin-flema-y-congestion-60-gel-caps\/","title":{"rendered":"TABCIN FLEMA Y CONGESTION 60 Gel Caps"},"content":{"rendered":"<p><strong><span style=\"color: #000000;\">CONTRA-INDICACIONES:<\/span><\/strong><br \/>\n<span style=\"color: #000000;\">Debe tenerse suma precaucion en pacientes hipertensos o con trastornos cardiovasculares. Embarazo. No debe utilizarse en conjunto con otro producto que contenga acetaminofen.<\/span><\/p>\n","protected":false},"excerpt":{"rendered":"<p><strong><span style=\"color: #000000;\">INDICACIONES:<\/span><\/strong><br \/>\n<span style=\"color: #000000;\">Ayuda a fluidificar la flema (mucosidad) y las secreciones bronquiales delgadas para eliminar los conductos bronquiales de moco molesto y provocar tos m\u00e1s productiva. Alivio temporal de los s\u00edntomas relacionados a gripe o resfriado: congesti\u00f3n nasal,congesti\u00f3n y presi\u00f3n en los senos, dolor y molestias leves, dolor de cabeza, tos, dolor de garganta. Reduce temporalmente la fiebre.<\/span><\/p>\n","protected":false},"featured_media":3687,"comment_status":"closed","ping_status":"closed","template":"","meta":{"_kad_post_transparent":"","_kad_post_title":"","_kad_post_layout":"","_kad_post_sidebar_id":"","_kad_post_content_style":"","_kad_post_vertical_padding":"","_kad_post_feature":"","_kad_post_feature_position":"","_kad_post_header":false,"_kad_post_footer":false},"product_brand":[],"product_cat":[227,1429,1430],"product_tag":[1431,161,614,1432,1090,1433,1434,1435,619],"class_list":{"0":"post-3632","1":"product","2":"type-product","3":"status-publish","4":"has-post-thumbnail","6":"product_cat-laboratorios-bayer","7":"product_cat-mucosidad","8":"product_cat-resfriado","9":"product_tag-congestion","10":"product_tag-dolor-de-cabeza","11":"product_tag-dolor-de-garganta","12":"product_tag-fluidificar","13":"product_tag-gripe","14":"product_tag-moco","15":"product_tag-molestia","16":"product_tag-secreciones-bronquiales","17":"product_tag-tos","19":"first","20":"instock","21":"shipping-taxable","22":"purchasable","23":"product-type-simple","24":"entry","25":"content-bg","26":"loop-entry"},"_links":{"self":[{"href":"https:\/\/vitaminaselsalvador.net\/index.php\/wp-json\/wp\/v2\/product\/3632","targetHints":{"allow":["GET"]}}],"collection":[{"href":"https:\/\/vitaminaselsalvador.net\/index.php\/wp-json\/wp\/v2\/product"}],"about":[{"href":"https:\/\/vitaminaselsalvador.net\/index.php\/wp-json\/wp\/v2\/types\/product"}],"replies":[{"embeddable":true,"href":"https:\/\/vitaminaselsalvador.net\/index.php\/wp-json\/wp\/v2\/comments?post=3632"}],"wp:featuredmedia":[{"embeddable":true,"href":"https:\/\/vitaminaselsalvador.net\/index.php\/wp-json\/wp\/v2\/media\/3687"}],"wp:attachment":[{"href":"https:\/\/vitaminaselsalvador.net\/index.php\/wp-json\/wp\/v2\/media?parent=3632"}],"wp:term":[{"taxonomy":"product_brand","embeddable":true,"href":"https:\/\/vitaminaselsalvador.net\/index.php\/wp-json\/wp\/v2\/product_brand?post=3632"},{"taxonomy":"product_cat","embeddable":true,"href":"https:\/\/vitaminaselsalvador.net\/index.php\/wp-json\/wp\/v2\/product_cat?post=3632"},{"taxonomy":"product_tag","embeddable":true,"href":"https:\/\/vitaminaselsalvador.net\/index.php\/wp-json\/wp\/v2\/product_tag?post=3632"}],"curies":[{"name":"wp","href":"https:\/\/api.w.org\/{rel}","templated":true}]}}