{"id":3630,"date":"2022-11-02T21:17:39","date_gmt":"2022-11-03T03:17:39","guid":{"rendered":"https:\/\/vitaminaselsalvador.net\/?post_type=product&#038;p=3630"},"modified":"2025-07-08T11:05:12","modified_gmt":"2025-07-08T17:05:12","slug":"pulmogrip-capsulas-24-sobres","status":"publish","type":"product","link":"https:\/\/vitaminaselsalvador.net\/index.php\/product\/pulmogrip-capsulas-24-sobres\/","title":{"rendered":"PULMOGRIP C\u00e1psulas 24 Sobres"},"content":{"rendered":"<p><span style=\"color: #000000;\">Administrado en etapa de proceso infeccioso. Aplicado cuando el proceso infeccioso est\u00e1 ya declarado. Reduce la duraci\u00f3n e intensidad de la sintamatolog\u00eda<\/span><\/p>\n<p><strong><span style=\"color: #000000;\">D\u00d3SIS:<\/span><\/strong><br \/>\n<span style=\"color: #000000;\">Concentraci\u00f3n: Tomar 1 c\u00e1psula cada 8 horas al dia<\/span><br \/>\n<span style=\"color: #000000;\">Concentraci\u00f3n: Acetominofen + dextrometorfano + fenilefrina + clorfeniramina<\/span><\/p>\n","protected":false},"excerpt":{"rendered":"<p><span style=\"color: #000000;\">Proporciona alivio a los s\u00edntomas de la gripe, resfriado y tos, como ser dolor de cabeza y fiebre, tos y estornudos y ardor de garganta.<\/span><\/p>\n<ul>\n<li><span style=\"color: #000000;\">Dolor de cabeza y fiebre<\/span><\/li>\n<li><span style=\"color: #000000;\">Congesti\u00f3n y Flujo nasal<\/span><\/li>\n<li><span style=\"color: #000000;\">Estornudo<\/span><\/li>\n<li><span style=\"color: #000000;\">Flema e irritaci\u00f3n de garganta<\/span><\/li>\n<li><span style=\"color: #000000;\">Contra estados gripales y catarrales<\/span><\/li>\n<li><span style=\"color: #000000;\">Infecciones virales del tracto respiratorio superior<\/span><\/li>\n<li><span style=\"color: #000000;\">Faringitis<\/span><\/li>\n<li><span style=\"color: #000000;\">Laringitis<\/span><\/li>\n<li><span style=\"color: #000000;\">Traqueobronquitis<\/span><\/li>\n<li><span style=\"color: #000000;\">Paroditis<\/span><\/li>\n<\/ul>\n","protected":false},"featured_media":3685,"comment_status":"closed","ping_status":"closed","template":"","meta":{"_kad_post_transparent":"","_kad_post_title":"","_kad_post_layout":"","_kad_post_sidebar_id":"","_kad_post_content_style":"","_kad_post_vertical_padding":"","_kad_post_feature":"","_kad_post_feature_position":"","_kad_post_header":false,"_kad_post_footer":false},"product_brand":[],"product_cat":[1420,1421,1422,1166,94],"product_tag":[161,1423,1424,826,221,1425],"class_list":{"0":"post-3630","1":"product","2":"type-product","3":"status-publish","4":"has-post-thumbnail","6":"product_cat-congestion","7":"product_cat-estado-gripal","8":"product_cat-flujo-nasal","9":"product_cat-laboratorios-nordic","10":"product_cat-laboratorios-vijosa","11":"product_tag-dolor-de-cabeza","12":"product_tag-estados-catarrales","13":"product_tag-estados-gripales","14":"product_tag-estornudo","15":"product_tag-fiebre","16":"product_tag-infecciones-virales","18":"first","19":"instock","20":"shipping-taxable","21":"purchasable","22":"product-type-simple","23":"entry","24":"content-bg","25":"loop-entry"},"_links":{"self":[{"href":"https:\/\/vitaminaselsalvador.net\/index.php\/wp-json\/wp\/v2\/product\/3630","targetHints":{"allow":["GET"]}}],"collection":[{"href":"https:\/\/vitaminaselsalvador.net\/index.php\/wp-json\/wp\/v2\/product"}],"about":[{"href":"https:\/\/vitaminaselsalvador.net\/index.php\/wp-json\/wp\/v2\/types\/product"}],"replies":[{"embeddable":true,"href":"https:\/\/vitaminaselsalvador.net\/index.php\/wp-json\/wp\/v2\/comments?post=3630"}],"wp:featuredmedia":[{"embeddable":true,"href":"https:\/\/vitaminaselsalvador.net\/index.php\/wp-json\/wp\/v2\/media\/3685"}],"wp:attachment":[{"href":"https:\/\/vitaminaselsalvador.net\/index.php\/wp-json\/wp\/v2\/media?parent=3630"}],"wp:term":[{"taxonomy":"product_brand","embeddable":true,"href":"https:\/\/vitaminaselsalvador.net\/index.php\/wp-json\/wp\/v2\/product_brand?post=3630"},{"taxonomy":"product_cat","embeddable":true,"href":"https:\/\/vitaminaselsalvador.net\/index.php\/wp-json\/wp\/v2\/product_cat?post=3630"},{"taxonomy":"product_tag","embeddable":true,"href":"https:\/\/vitaminaselsalvador.net\/index.php\/wp-json\/wp\/v2\/product_tag?post=3630"}],"curies":[{"name":"wp","href":"https:\/\/api.w.org\/{rel}","templated":true}]}}