{"id":3628,"date":"2022-11-02T21:17:39","date_gmt":"2022-11-03T03:17:39","guid":{"rendered":"https:\/\/vitaminaselsalvador.net\/?post_type=product&#038;p=3628"},"modified":"2025-07-08T11:05:10","modified_gmt":"2025-07-08T17:05:10","slug":"resveratrol-ultra-1000-mg","status":"publish","type":"product","link":"https:\/\/vitaminaselsalvador.net\/index.php\/product\/resveratrol-ultra-1000-mg\/","title":{"rendered":"Resveratrol Ultra 1000 mg"},"content":{"rendered":"<div class=\"entry-content-asset videofit\"><iframe loading=\"lazy\" title=\"ENERGIA, METABOLISMO Y ENVEJECIMIENTO. LO QUE NO SABIAS DEL RESVERATROL.\" width=\"720\" height=\"405\" src=\"https:\/\/www.youtube.com\/embed\/q6eodepk7HI?feature=oembed\" frameborder=\"0\" allow=\"accelerometer; autoplay; clipboard-write; encrypted-media; gyroscope; picture-in-picture; web-share\" referrerpolicy=\"strict-origin-when-cross-origin\" allowfullscreen><\/iframe><\/div>\n<p><span style=\"color: #000000;\">PRECAUCIONES Y ADVERTENCIAS:<\/span><br \/>\n<span style=\"color: #000000;\">Si est\u00e1 embarazada, lactando o tomando alg\u00fan medicamento, consulte a su m\u00e9dico antes de usar. No utilizar si el sello impreso bajo la tapa se encuentra roto o alterado. Mant\u00e9ngase fuera del alcance de los ni\u00f1os. Almacenar a temperatura no mayor a 30\u00b0C.<\/span><\/p>\n<p><span style=\"color: #000000;\">CONTRAINDICACIONES:<\/span><br \/>\n<span style=\"color: #000000;\">Suspenda el uso y consulte a su m\u00e9dico si presenta cualquier reacci\u00f3n adversa.<\/span><\/p>\n","protected":false},"excerpt":{"rendered":"<p>https:\/\/youtu.be\/WAUgNPHrW0M<\/p>\n<p><span style=\"color: #000000;\">RESVERATROL protege el coraz\u00f3n y el da\u00f1o celular relacionado con la edad.<\/span><br \/>\n<span style=\"color: #000000;\">1 c\u00e1psula aporta el contenido de RESVERATROL de m\u00e1s de 750 vasos de Vino Tinto.<\/span><\/p>\n<p><strong><span style=\"color: #000000;\">INSTRUCCIONES:<\/span><\/strong><br \/>\n<span style=\"color: #000000;\">Para adultos tomar de una (1) a dos (2) c\u00e1psulas al d\u00eda, preferiblemente con una comida.<\/span><\/p>\n<p><span style=\"color: #000000;\">Si los s\u00edntomas persisten consulte a su m\u00e9dico.<\/span><\/p>\n","protected":false},"featured_media":3683,"comment_status":"closed","ping_status":"closed","template":"","meta":{"_kad_post_transparent":"","_kad_post_title":"","_kad_post_layout":"","_kad_post_sidebar_id":"","_kad_post_content_style":"","_kad_post_vertical_padding":"","_kad_post_feature":"","_kad_post_feature_position":"","_kad_post_header":false,"_kad_post_footer":false},"product_brand":[],"product_cat":[1403,1404],"product_tag":[1306,1405,1406,1407,1408,1409],"class_list":{"0":"post-3628","1":"product","2":"type-product","3":"status-publish","4":"has-post-thumbnail","6":"product_cat-corazon","7":"product_cat-edad","8":"product_tag-corazon","9":"product_tag-dano-celular","10":"product_tag-edad","11":"product_tag-protege","12":"product_tag-salud","13":"product_tag-vino","15":"first","16":"instock","17":"shipping-taxable","18":"purchasable","19":"product-type-simple","20":"entry","21":"content-bg","22":"loop-entry"},"_links":{"self":[{"href":"https:\/\/vitaminaselsalvador.net\/index.php\/wp-json\/wp\/v2\/product\/3628","targetHints":{"allow":["GET"]}}],"collection":[{"href":"https:\/\/vitaminaselsalvador.net\/index.php\/wp-json\/wp\/v2\/product"}],"about":[{"href":"https:\/\/vitaminaselsalvador.net\/index.php\/wp-json\/wp\/v2\/types\/product"}],"replies":[{"embeddable":true,"href":"https:\/\/vitaminaselsalvador.net\/index.php\/wp-json\/wp\/v2\/comments?post=3628"}],"wp:featuredmedia":[{"embeddable":true,"href":"https:\/\/vitaminaselsalvador.net\/index.php\/wp-json\/wp\/v2\/media\/3683"}],"wp:attachment":[{"href":"https:\/\/vitaminaselsalvador.net\/index.php\/wp-json\/wp\/v2\/media?parent=3628"}],"wp:term":[{"taxonomy":"product_brand","embeddable":true,"href":"https:\/\/vitaminaselsalvador.net\/index.php\/wp-json\/wp\/v2\/product_brand?post=3628"},{"taxonomy":"product_cat","embeddable":true,"href":"https:\/\/vitaminaselsalvador.net\/index.php\/wp-json\/wp\/v2\/product_cat?post=3628"},{"taxonomy":"product_tag","embeddable":true,"href":"https:\/\/vitaminaselsalvador.net\/index.php\/wp-json\/wp\/v2\/product_tag?post=3628"}],"curies":[{"name":"wp","href":"https:\/\/api.w.org\/{rel}","templated":true}]}}