{"id":3627,"date":"2022-11-02T21:17:39","date_gmt":"2022-11-03T03:17:39","guid":{"rendered":"https:\/\/vitaminaselsalvador.net\/?post_type=product&#038;p=3627"},"modified":"2025-07-08T11:05:10","modified_gmt":"2025-07-08T17:05:10","slug":"tabcin-extra-fuerte-noche-60-liquid-gels-capsulas","status":"publish","type":"product","link":"https:\/\/vitaminaselsalvador.net\/index.php\/product\/tabcin-extra-fuerte-noche-60-liquid-gels-capsulas\/","title":{"rendered":"TABCIN EXTRA FUERTE NOCHE 60 Liquid Gels C\u00e1psulas"},"content":{"rendered":"<p><span style=\"color: #000000;\">La f\u00f3rmula de Tabcin Noche\u00ae tiene 6 acciones adem\u00e1s de ayudarte a conciliar el sue\u00f1o<\/span><\/p>\n<ul>\n<li><span style=\"color: #000000;\">Antihistam\u00ednica<\/span><\/li>\n<li><span style=\"color: #000000;\">Descongestionante<\/span><\/li>\n<li><span style=\"color: #000000;\">Analg\u00e9sico<\/span><\/li>\n<li><span style=\"color: #000000;\">Antitusivo<\/span><\/li>\n<li><span style=\"color: #000000;\">Antiinflamatorio<\/span><\/li>\n<li><span style=\"color: #000000;\">Antipir\u00e9tico<\/span><\/li>\n<\/ul>\n<p><span style=\"color: #000000;\">Las capsulas antigripales Tabcin Noche\u00ae cuenta con tecnolog\u00eda \u00abLiquid Gel\u00bb que ayuda a brindar un r\u00e1pido alivio de los s\u00edntomas de la gripe y tos.<\/span><\/p>\n<p><span style=\"color: #000000;\">Se recomienda tomar Tabcin Noche\u00ae de noche, en complemento con Tabcin Active\u00ae que se recomienda tomarse durante el d\u00eda.<\/span><\/p>\n<p><span style=\"color: #000000;\">Tabcin Noche\u00ae contiene paracetamol, fenilefrina, dextrometorfano y doxilamina.<\/span><\/p>\n","protected":false},"excerpt":{"rendered":"<p>Las capsulas antigripales Tabcin Noche\u00ae te ayuda a aliviar los s\u00edntomas de la gripe y adem\u00e1s sin efectivas en ayudarte a conciliar el sue\u00f1o.<\/p>\n<p>Tabcin Noche\u00ae te brinda un r\u00e1pido alivio a s\u00edntomas de gripe y tos tales como:<\/p>\n<ul>\n<li>Fiebre<\/li>\n<li>Dolor de cabeza<\/li>\n<li>Congesti\u00f3n nasal<\/li>\n<li>Cuerpo cortado<\/li>\n<li>Secreci\u00f3n nasal<\/li>\n<li>Estornudos<\/li>\n<li>Dolor de garganta<\/li>\n<li>Ojos llorosos<\/li>\n<\/ul>\n","protected":false},"featured_media":3657,"comment_status":"closed","ping_status":"closed","template":"","meta":{"_kad_post_transparent":"","_kad_post_title":"","_kad_post_layout":"","_kad_post_sidebar_id":"","_kad_post_content_style":"","_kad_post_vertical_padding":"","_kad_post_feature":"","_kad_post_feature_position":"","_kad_post_header":false,"_kad_post_footer":false},"product_brand":[],"product_cat":[227],"product_tag":[708,1130,1027,161,614,615,1402,637],"class_list":{"0":"post-3627","1":"product","2":"type-product","3":"status-publish","4":"has-post-thumbnail","6":"product_cat-laboratorios-bayer","7":"product_tag-antiinflamatorio","8":"product_tag-antipiretico","9":"product_tag-antitusivo","10":"product_tag-dolor-de-cabeza","11":"product_tag-dolor-de-garganta","12":"product_tag-estornudos","13":"product_tag-ojos-llorosos","14":"product_tag-secrecion-nasal","16":"first","17":"instock","18":"shipping-taxable","19":"purchasable","20":"product-type-simple","21":"entry","22":"content-bg","23":"loop-entry"},"_links":{"self":[{"href":"https:\/\/vitaminaselsalvador.net\/index.php\/wp-json\/wp\/v2\/product\/3627","targetHints":{"allow":["GET"]}}],"collection":[{"href":"https:\/\/vitaminaselsalvador.net\/index.php\/wp-json\/wp\/v2\/product"}],"about":[{"href":"https:\/\/vitaminaselsalvador.net\/index.php\/wp-json\/wp\/v2\/types\/product"}],"replies":[{"embeddable":true,"href":"https:\/\/vitaminaselsalvador.net\/index.php\/wp-json\/wp\/v2\/comments?post=3627"}],"wp:featuredmedia":[{"embeddable":true,"href":"https:\/\/vitaminaselsalvador.net\/index.php\/wp-json\/wp\/v2\/media\/3657"}],"wp:attachment":[{"href":"https:\/\/vitaminaselsalvador.net\/index.php\/wp-json\/wp\/v2\/media?parent=3627"}],"wp:term":[{"taxonomy":"product_brand","embeddable":true,"href":"https:\/\/vitaminaselsalvador.net\/index.php\/wp-json\/wp\/v2\/product_brand?post=3627"},{"taxonomy":"product_cat","embeddable":true,"href":"https:\/\/vitaminaselsalvador.net\/index.php\/wp-json\/wp\/v2\/product_cat?post=3627"},{"taxonomy":"product_tag","embeddable":true,"href":"https:\/\/vitaminaselsalvador.net\/index.php\/wp-json\/wp\/v2\/product_tag?post=3627"}],"curies":[{"name":"wp","href":"https:\/\/api.w.org\/{rel}","templated":true}]}}