{"id":3625,"date":"2022-11-02T21:17:39","date_gmt":"2022-11-03T03:17:39","guid":{"rendered":"https:\/\/vitaminaselsalvador.net\/?post_type=product&#038;p=3625"},"modified":"2025-07-08T11:05:10","modified_gmt":"2025-07-08T17:05:10","slug":"volclofen-75mg-inyectable-3ml-3-pack","status":"publish","type":"product","link":"https:\/\/vitaminaselsalvador.net\/index.php\/product\/volclofen-75mg-inyectable-3ml-3-pack\/","title":{"rendered":"VOLCLOFEN 75mg INYECTABLE 3ml 3 PACK"},"content":{"rendered":"<p><strong><span style=\"color: #000000;\">DOSIFICACI\u00d3N:<\/span><\/strong><\/p>\n<p><span style=\"color: #000000;\">VOLCLOFEN\u00ae Soluci\u00f3n inyectable:<\/span><\/p>\n<p><span style=\"color: #000000;\">Adultos: 1 ampolla diaria por v\u00eda intramuscular profunda (intragl\u00fatea) en el cuadrante superior externo del gl\u00fateo o por v\u00eda intravenosa. En casos graves podr\u00e1 administrarse 2 ampollas (una a cada lado).<\/span><\/p>\n<p><span style=\"color: #000000;\">VOLCLOFEN\u00ae Tabletas recubiertas:<\/span><\/p>\n<p><span style=\"color: #000000;\">Adultos: Iniciar con una tableta recubierta 3 veces al d\u00eda y luego reducir a una tableta recubierta al d\u00eda.<\/span><\/p>\n<p><span style=\"color: #000000;\">Ni\u00f1os mayores de 12 a\u00f1os: Seg\u00fan prescripci\u00f3n m\u00e9dica.<\/span><\/p>\n","protected":false},"excerpt":{"rendered":"<p><span style=\"color: #000000;\">VOLCLOFEN\u00ae es Diclofenac S\u00f3dico (Acetato S\u00f3dico de 0-(2-6-diclorofenil)-amino) Fenilo, derivado del \u00e1cido fenilac\u00e9tico. Es una sustancia qu\u00edmica no esteroide con efecto antirreum\u00e1tico, anti-inflamatorio, analg\u00e9sico y antipir\u00e9tico.<\/span><\/p>\n<p><span style=\"color: #000000;\">INDICACIONES:<\/span><\/p>\n<p><span style=\"color: #000000;\">VOLCLOFEN\u00ae est\u00e1 indicado en todas las formas inflamatorias y degenerativas del reumatismo, artr\u00edtis reumatoide, reumatismo extra-articular, esp\u00f3ndilo, artr\u00edtis anquilopoy\u00e9tico, artrosis, inflamaciones y tumefacciones post-traum\u00e1ticas.<\/span><\/p>\n<p><span style=\"color: #000000;\">\u00a0<\/span><\/p>\n","protected":false},"featured_media":3655,"comment_status":"closed","ping_status":"closed","template":"","meta":{"_kad_post_transparent":"","_kad_post_title":"","_kad_post_layout":"","_kad_post_sidebar_id":"","_kad_post_content_style":"","_kad_post_vertical_padding":"","_kad_post_feature":"","_kad_post_feature_position":"","_kad_post_header":false,"_kad_post_footer":false},"product_brand":[],"product_cat":[1394,383],"product_tag":[1207,1395,1130,1396,917,301],"class_list":{"0":"post-3625","1":"product","2":"type-product","3":"status-publish","4":"has-post-thumbnail","6":"product_cat-inflamacion","7":"product_cat-laboratorios-paill","8":"product_tag-analgesico","9":"product_tag-anti-inflamatorio","10":"product_tag-antipiretico","11":"product_tag-antirreumatico","12":"product_tag-inflamacion","13":"product_tag-reumatismo","15":"first","16":"outofstock","17":"shipping-taxable","18":"purchasable","19":"product-type-simple","20":"entry","21":"content-bg","22":"loop-entry"},"_links":{"self":[{"href":"https:\/\/vitaminaselsalvador.net\/index.php\/wp-json\/wp\/v2\/product\/3625","targetHints":{"allow":["GET"]}}],"collection":[{"href":"https:\/\/vitaminaselsalvador.net\/index.php\/wp-json\/wp\/v2\/product"}],"about":[{"href":"https:\/\/vitaminaselsalvador.net\/index.php\/wp-json\/wp\/v2\/types\/product"}],"replies":[{"embeddable":true,"href":"https:\/\/vitaminaselsalvador.net\/index.php\/wp-json\/wp\/v2\/comments?post=3625"}],"wp:featuredmedia":[{"embeddable":true,"href":"https:\/\/vitaminaselsalvador.net\/index.php\/wp-json\/wp\/v2\/media\/3655"}],"wp:attachment":[{"href":"https:\/\/vitaminaselsalvador.net\/index.php\/wp-json\/wp\/v2\/media?parent=3625"}],"wp:term":[{"taxonomy":"product_brand","embeddable":true,"href":"https:\/\/vitaminaselsalvador.net\/index.php\/wp-json\/wp\/v2\/product_brand?post=3625"},{"taxonomy":"product_cat","embeddable":true,"href":"https:\/\/vitaminaselsalvador.net\/index.php\/wp-json\/wp\/v2\/product_cat?post=3625"},{"taxonomy":"product_tag","embeddable":true,"href":"https:\/\/vitaminaselsalvador.net\/index.php\/wp-json\/wp\/v2\/product_tag?post=3625"}],"curies":[{"name":"wp","href":"https:\/\/api.w.org\/{rel}","templated":true}]}}