{"id":3624,"date":"2022-11-02T21:17:38","date_gmt":"2022-11-03T03:17:38","guid":{"rendered":"https:\/\/vitaminaselsalvador.net\/?post_type=product&#038;p=3624"},"modified":"2025-07-08T11:05:10","modified_gmt":"2025-07-08T17:05:10","slug":"panadol-mujer-26-sobres-de-2-tabletas","status":"publish","type":"product","link":"https:\/\/vitaminaselsalvador.net\/index.php\/product\/panadol-mujer-26-sobres-de-2-tabletas\/","title":{"rendered":"PANADOL MUJER 26 Sobres de 2 tabletas"},"content":{"rendered":"<p><strong><span style=\"color: #000000;\">INFORMACI\u00d3N ADICIONAL:<\/span><\/strong><\/p>\n<p><span style=\"color: #000000;\">Para advertencias, contraindicaciones, precauciones e interacciones con otros medicamentos y reacciones adversas lea la etiqueta.<\/span><\/p>\n<p><span style=\"color: #000000;\">No exceda la dosis recomendada. Si toma m\u00e1s cantidad de este medicamento de lo que debi\u00f3 haber tomado, consulte inmediatamente con el m\u00e9dico aunque no presente s\u00edntomas, debido a riesgo de da\u00f1o hep\u00e1tico. Mant\u00e9ngase fuera del alcance y vista de los ni\u00f1os. No se use si el sobre est\u00e1 roto. Cons\u00e9rvese a menos de 30 C. V\u00eda Oral. Venta libre.<\/span><\/p>\n<p><span style=\"color: #000000;\">Cada tableta contiene:<\/span><\/p>\n<p><span style=\"color: #000000;\">Acetaminof\u00e9n 500 mg.<\/span><br \/>\n<span style=\"color: #000000;\">Cafe\u00edna 65 mg.<\/span><br \/>\n<span style=\"color: #000000;\">Excipientes c.s.<\/span><\/p>\n","protected":false},"excerpt":{"rendered":"<p><strong><span style=\"color: #000000;\">CARACTER\u00cdSTICAS:<\/span><\/strong><\/p>\n<p><span style=\"color: #000000;\">Panadol Mujer provee un r\u00e1pido y efectivo alivio de:<\/span><\/p>\n<p><span style=\"color: #000000;\">Dolor menstrual (dismenorrea).<\/span><br \/>\n<span style=\"color: #000000;\">Dolor muscular.<\/span><br \/>\n<span style=\"color: #000000;\">Dolor de cabeza.<\/span><br \/>\n<span style=\"color: #000000;\">*Soportado por datos cl\u00ednicos que demuestran el alivio del dolor en 30 minutos<\/span><\/p>\n<p><span style=\"color: #000000;\">D\u00d3SIS:<\/span><\/p>\n<p><span style=\"color: #000000;\">Adultos (18 a\u00f1os en adelante): 2 tabletas cada 6 horas seg\u00fan sea necesario. No exceder 8 tabletas en 24 horas. No administrar en menores de 18 a\u00f1os. Puede provocar insomnio si se toma de noche.<\/span><\/p>\n<p><span style=\"color: #000000;\">No administrar m\u00e1s de 4 veces al d\u00eda la dosis recomendada, ni por m\u00e1s de 10 d\u00edas consecutivos a adultos. Si el dolor o fiebre persisten por m\u00e1s de 3 d\u00edas consulte al m\u00e9dico. Utilice siempre la menor dosis efectiva para tratar los s\u00edntomas.<\/span><\/p>\n<p><span style=\"color: #000000;\">Leer siempre las indicaciones del empaque.<\/span><\/p>\n<p><span style=\"color: #000000;\">Los ingredientes activos en Panadol Mujer brindan un poderoso alivio del dolor de hasta un 37% m\u00e1s que el acetaminof\u00e9n est\u00e1ndar.<\/span><\/p>\n<p><span style=\"color: #000000;\">Adecuado para su uso por personas mayores y bajo riesgo de interacci\u00f3n con otros medicamentos.<\/span><\/p>\n","protected":false},"featured_media":3654,"comment_status":"closed","ping_status":"closed","template":"","meta":{"_kad_post_transparent":"","_kad_post_title":"","_kad_post_layout":"","_kad_post_sidebar_id":"","_kad_post_content_style":"","_kad_post_vertical_padding":"","_kad_post_feature":"","_kad_post_feature_position":"","_kad_post_header":false,"_kad_post_footer":false},"product_brand":[],"product_cat":[1390,1391,1392],"product_tag":[216,1215,161,1302,221,1393],"class_list":{"0":"post-3624","1":"product","2":"type-product","3":"status-publish","4":"has-post-thumbnail","6":"product_cat-glaxo-smith-kline","7":"product_cat-menstruacion","8":"product_cat-mujer","9":"product_tag-acetaminofen","10":"product_tag-dolor","11":"product_tag-dolor-de-cabeza","12":"product_tag-dolor-muscular","13":"product_tag-fiebre","14":"product_tag-menstruacion","16":"first","17":"instock","18":"shipping-taxable","19":"purchasable","20":"product-type-simple","21":"entry","22":"content-bg","23":"loop-entry"},"_links":{"self":[{"href":"https:\/\/vitaminaselsalvador.net\/index.php\/wp-json\/wp\/v2\/product\/3624","targetHints":{"allow":["GET"]}}],"collection":[{"href":"https:\/\/vitaminaselsalvador.net\/index.php\/wp-json\/wp\/v2\/product"}],"about":[{"href":"https:\/\/vitaminaselsalvador.net\/index.php\/wp-json\/wp\/v2\/types\/product"}],"replies":[{"embeddable":true,"href":"https:\/\/vitaminaselsalvador.net\/index.php\/wp-json\/wp\/v2\/comments?post=3624"}],"wp:featuredmedia":[{"embeddable":true,"href":"https:\/\/vitaminaselsalvador.net\/index.php\/wp-json\/wp\/v2\/media\/3654"}],"wp:attachment":[{"href":"https:\/\/vitaminaselsalvador.net\/index.php\/wp-json\/wp\/v2\/media?parent=3624"}],"wp:term":[{"taxonomy":"product_brand","embeddable":true,"href":"https:\/\/vitaminaselsalvador.net\/index.php\/wp-json\/wp\/v2\/product_brand?post=3624"},{"taxonomy":"product_cat","embeddable":true,"href":"https:\/\/vitaminaselsalvador.net\/index.php\/wp-json\/wp\/v2\/product_cat?post=3624"},{"taxonomy":"product_tag","embeddable":true,"href":"https:\/\/vitaminaselsalvador.net\/index.php\/wp-json\/wp\/v2\/product_tag?post=3624"}],"curies":[{"name":"wp","href":"https:\/\/api.w.org\/{rel}","templated":true}]}}