{"id":3623,"date":"2022-11-02T21:17:38","date_gmt":"2022-11-03T03:17:38","guid":{"rendered":"https:\/\/vitaminaselsalvador.net\/?post_type=product&#038;p=3623"},"modified":"2025-07-08T11:05:10","modified_gmt":"2025-07-08T17:05:10","slug":"tabcin-ninos-60-tabletas-efervescentes","status":"publish","type":"product","link":"https:\/\/vitaminaselsalvador.net\/index.php\/product\/tabcin-ninos-60-tabletas-efervescentes\/","title":{"rendered":"TABCIN NI\u00d1OS 60 Tabletas efervescentes"},"content":{"rendered":"<p><strong><span style=\"color: #000000;\">CONTRA-INDICACIONES:<\/span><\/strong><br \/>\n<span style=\"color: #000000;\">No debe ser administrado a ni\u00f1os que hayan tenido alguna reacci\u00f3n al\u00e9rgica a alguno de los componentes de la formula.<\/span><\/p>\n<p><span style=\"color: #000000;\">Acido Ascorbico &#8212;&#8212;&#8212;&#8212;&#8211; 30.00GR<\/span><br \/>\n<span style=\"color: #000000;\">Maleato de Clorfeniramina &#8211; 1.00MG<\/span><br \/>\n<span style=\"color: #000000;\">Fenilefrina HCL &#8212;&#8212;&#8212;&#8212;&#8212; 3.89GR<\/span><br \/>\n<span style=\"color: #000000;\">Acetaminofen &#8212;&#8212;&#8212;&#8212;&#8212;&#8211; 162.00MG<\/span><\/p>\n","protected":false},"excerpt":{"rendered":"<p><strong><span style=\"color: #000000;\">INDICACIONES:<\/span><\/strong><br \/>\n<span style=\"color: #000000;\">Indicado para el alivio de s\u00edntomas asociados a rinitis al\u00e9rgica y resfriado com\u00fan; congesti\u00f3n nasal, estornudos , descarga nasal, prurito y lagrimeo asociados con dolor y fiebre.<\/span><\/p>\n<p><strong><span style=\"color: #000000;\">CONTIENE:<\/span><\/strong><\/p>\n<p><span style=\"color: #000000;\">Dolor de cabeza y cuerpo<\/span><br \/>\n<span style=\"color: #000000;\">Fiebre<\/span><br \/>\n<span style=\"color: #000000;\">Tos<\/span><br \/>\n<span style=\"color: #000000;\">Congesti\u00f3n Nasal<\/span><br \/>\n<span style=\"color: #000000;\">Dolor de garganta<\/span><\/p>\n","protected":false},"featured_media":3653,"comment_status":"closed","ping_status":"closed","template":"","meta":{"_kad_post_transparent":"","_kad_post_title":"","_kad_post_layout":"","_kad_post_sidebar_id":"","_kad_post_content_style":"","_kad_post_vertical_padding":"","_kad_post_feature":"","_kad_post_feature_position":"","_kad_post_header":false,"_kad_post_footer":false},"product_brand":[],"product_cat":[1384,227,1385],"product_tag":[632,1386,615,1387,1388,1389],"class_list":{"0":"post-3623","1":"product","2":"type-product","3":"status-publish","4":"has-post-thumbnail","6":"product_cat-fiebre","7":"product_cat-laboratorios-bayer","8":"product_cat-lagrimeo","9":"product_tag-congestion-nasal","10":"product_tag-descarga-nasal","11":"product_tag-estornudos","12":"product_tag-prurito","13":"product_tag-resfriado-comun","14":"product_tag-rinitis-alergica","16":"first","17":"instock","18":"shipping-taxable","19":"purchasable","20":"product-type-simple","21":"entry","22":"content-bg","23":"loop-entry"},"_links":{"self":[{"href":"https:\/\/vitaminaselsalvador.net\/index.php\/wp-json\/wp\/v2\/product\/3623","targetHints":{"allow":["GET"]}}],"collection":[{"href":"https:\/\/vitaminaselsalvador.net\/index.php\/wp-json\/wp\/v2\/product"}],"about":[{"href":"https:\/\/vitaminaselsalvador.net\/index.php\/wp-json\/wp\/v2\/types\/product"}],"replies":[{"embeddable":true,"href":"https:\/\/vitaminaselsalvador.net\/index.php\/wp-json\/wp\/v2\/comments?post=3623"}],"wp:featuredmedia":[{"embeddable":true,"href":"https:\/\/vitaminaselsalvador.net\/index.php\/wp-json\/wp\/v2\/media\/3653"}],"wp:attachment":[{"href":"https:\/\/vitaminaselsalvador.net\/index.php\/wp-json\/wp\/v2\/media?parent=3623"}],"wp:term":[{"taxonomy":"product_brand","embeddable":true,"href":"https:\/\/vitaminaselsalvador.net\/index.php\/wp-json\/wp\/v2\/product_brand?post=3623"},{"taxonomy":"product_cat","embeddable":true,"href":"https:\/\/vitaminaselsalvador.net\/index.php\/wp-json\/wp\/v2\/product_cat?post=3623"},{"taxonomy":"product_tag","embeddable":true,"href":"https:\/\/vitaminaselsalvador.net\/index.php\/wp-json\/wp\/v2\/product_tag?post=3623"}],"curies":[{"name":"wp","href":"https:\/\/api.w.org\/{rel}","templated":true}]}}