{"id":3622,"date":"2022-11-02T21:17:38","date_gmt":"2022-11-03T03:17:38","guid":{"rendered":"https:\/\/vitaminaselsalvador.net\/?post_type=product&#038;p=3622"},"modified":"2025-07-08T11:05:10","modified_gmt":"2025-07-08T17:05:10","slug":"anaflat-50-mg-40-tabletas-masticables-2-pack","status":"publish","type":"product","link":"https:\/\/vitaminaselsalvador.net\/index.php\/product\/anaflat-50-mg-40-tabletas-masticables-2-pack\/","title":{"rendered":"ANAFLAT 50 mg 40 Tabletas masticables 2 PACK"},"content":{"rendered":"<p><strong><span style=\"color: #000000;\">INDICACIONES:<\/span><\/strong><br \/>\n<span style=\"color: #000000;\">En las molestias o dolor localizados en la parte alta del abdomen por la produccion de gases intestinales, eliminando las burbujas de gas,aire o espuma del tracto gastrointestinal.<\/span><\/p>\n<p><strong><span style=\"color: #000000;\">CONTRA-INDICACIONES:<\/span><\/strong><br \/>\n<span style=\"color: #000000;\">Insuficiencia renal, epilepsia,obstruccion intestinal y sospecha de apendicitis no administrar en ni\u00f1os menores de 1 a\u00f1o solo para adultos de 18 a\u00f1os en adelante.<\/span><\/p>\n","protected":false},"excerpt":{"rendered":"<p><span style=\"color: #000000;\">Las tabletas masticables de ANAFLAT\u00ae contienen dimetilpolisiloxano (simeticona) y se indica en la flatulencia y meteorismo producido por dispepsias y la distensi\u00f3n abdominal; en el meteorismo del embarazo y aerofagia eliminando la burbujas de gas, aire o espuma del tracto gastrointestinal.<\/span><\/p>\n<p><span style=\"color: #000000;\">La metoclopramida tambi\u00e9n aumenta el tono del esf\u00ednter esof\u00e1gico inferior que a nivel del tracto gastrointestinal aumenta las contracciones a nivel esofagog\u00e1strico y porci\u00f3n antral del p\u00edloro, aumentando la motilidad del m\u00fasculo liso, acelerando el vaciado g\u00e1strico y el tr\u00e1nsito del contenido intestinal, regulando la motilidad del tubo digestivo.<\/span><\/p>\n","protected":false},"featured_media":3652,"comment_status":"closed","ping_status":"closed","template":"","meta":{"_kad_post_transparent":"","_kad_post_title":"","_kad_post_layout":"","_kad_post_sidebar_id":"","_kad_post_content_style":"","_kad_post_vertical_padding":"","_kad_post_feature":"","_kad_post_feature_position":"","_kad_post_header":false,"_kad_post_footer":false},"product_brand":[],"product_cat":[383,1377],"product_tag":[1378,1379,1380,1381,1382,1383],"class_list":{"0":"post-3622","1":"product","2":"type-product","3":"status-publish","4":"has-post-thumbnail","6":"product_cat-laboratorios-paill","7":"product_cat-meteorismo","8":"product_tag-aire","9":"product_tag-dispepsias","10":"product_tag-distension-abdominal","11":"product_tag-metoclopramida","12":"product_tag-simeticona","13":"product_tag-tracto-gastrointestinal","15":"first","16":"instock","17":"shipping-taxable","18":"purchasable","19":"product-type-simple","20":"entry","21":"content-bg","22":"loop-entry"},"_links":{"self":[{"href":"https:\/\/vitaminaselsalvador.net\/index.php\/wp-json\/wp\/v2\/product\/3622","targetHints":{"allow":["GET"]}}],"collection":[{"href":"https:\/\/vitaminaselsalvador.net\/index.php\/wp-json\/wp\/v2\/product"}],"about":[{"href":"https:\/\/vitaminaselsalvador.net\/index.php\/wp-json\/wp\/v2\/types\/product"}],"replies":[{"embeddable":true,"href":"https:\/\/vitaminaselsalvador.net\/index.php\/wp-json\/wp\/v2\/comments?post=3622"}],"wp:featuredmedia":[{"embeddable":true,"href":"https:\/\/vitaminaselsalvador.net\/index.php\/wp-json\/wp\/v2\/media\/3652"}],"wp:attachment":[{"href":"https:\/\/vitaminaselsalvador.net\/index.php\/wp-json\/wp\/v2\/media?parent=3622"}],"wp:term":[{"taxonomy":"product_brand","embeddable":true,"href":"https:\/\/vitaminaselsalvador.net\/index.php\/wp-json\/wp\/v2\/product_brand?post=3622"},{"taxonomy":"product_cat","embeddable":true,"href":"https:\/\/vitaminaselsalvador.net\/index.php\/wp-json\/wp\/v2\/product_cat?post=3622"},{"taxonomy":"product_tag","embeddable":true,"href":"https:\/\/vitaminaselsalvador.net\/index.php\/wp-json\/wp\/v2\/product_tag?post=3622"}],"curies":[{"name":"wp","href":"https:\/\/api.w.org\/{rel}","templated":true}]}}