{"id":3621,"date":"2022-11-02T21:17:38","date_gmt":"2022-11-03T03:17:38","guid":{"rendered":"https:\/\/vitaminaselsalvador.net\/?post_type=product&#038;p=3621"},"modified":"2025-07-08T11:05:10","modified_gmt":"2025-07-08T17:05:10","slug":"anaflat-enzimatico-20-tabletas-2-pack","status":"publish","type":"product","link":"https:\/\/vitaminaselsalvador.net\/index.php\/product\/anaflat-enzimatico-20-tabletas-2-pack\/","title":{"rendered":"ANAFLAT ENZIMATICO 20 Tabletas 2 PACK"},"content":{"rendered":"<p><strong><span style=\"color: #000000;\">INDICACIONES:<\/span><\/strong><br \/>\n<span style=\"color: #000000;\">Se indica en flatulencia y meteorismo provocado por la digesti\u00f3n incompleta de los alimentos<\/span><\/p>\n<p><strong><span style=\"color: #000000;\">CONTRA-INDICACIONES:<\/span><\/strong><br \/>\n<span style=\"color: #000000;\">Hipersensisibilidad a cualquiera de su principio activo.<\/span><\/p>\n","protected":false},"excerpt":{"rendered":"<p><span style=\"color: #000000;\">Las tabletas recubiertas de ANAFLAT ENZIM\u00c1TICO\u00ae contienen con un efecto local, adem\u00e1s del dimetil\u00adpolisiloxano (simeticona), la pancreatina que favorece la hidr\u00f3lisis de grasas, prote\u00ednas y az\u00facares, facilitando la digesti\u00f3n de los alimentos, por lo que se indica en la flatulencia y meteorismo provocado por digesti\u00f3n incompleta de los mismos.<\/span><\/p>\n<p><span style=\"color: #000000;\">La metoclopramida aumenta el tono y la amplitud de las contracciones g\u00e1stricas, relaja el bulbo duodenal y el esf\u00ednter pil\u00f3rico, y aumenta la peristalsis del duodeno y del yeyuno; lo cual da como resultado, el aumento del vaciamiento g\u00e1strico y del tr\u00e1nsito intestinal.<\/span><\/p>\n","protected":false},"featured_media":3651,"comment_status":"closed","ping_status":"closed","template":"","meta":{"_kad_post_transparent":"","_kad_post_title":"","_kad_post_layout":"","_kad_post_sidebar_id":"","_kad_post_content_style":"","_kad_post_vertical_padding":"","_kad_post_feature":"","_kad_post_feature_position":"","_kad_post_header":false,"_kad_post_footer":false},"product_brand":[],"product_cat":[1370,1371,383],"product_tag":[1372,1373,1374,1249,1375,1376],"class_list":{"0":"post-3621","1":"product","2":"type-product","3":"status-publish","4":"has-post-thumbnail","6":"product_cat-digestion","7":"product_cat-flatulencia","8":"product_cat-laboratorios-paill","9":"product_tag-alimentos","10":"product_tag-contracciones-gastricas","11":"product_tag-digestion-incompleta","12":"product_tag-meteorismo","13":"product_tag-transito-intestinal","14":"product_tag-vaciamiento-gastrico","16":"first","17":"instock","18":"shipping-taxable","19":"purchasable","20":"product-type-simple","21":"entry","22":"content-bg","23":"loop-entry"},"_links":{"self":[{"href":"https:\/\/vitaminaselsalvador.net\/index.php\/wp-json\/wp\/v2\/product\/3621","targetHints":{"allow":["GET"]}}],"collection":[{"href":"https:\/\/vitaminaselsalvador.net\/index.php\/wp-json\/wp\/v2\/product"}],"about":[{"href":"https:\/\/vitaminaselsalvador.net\/index.php\/wp-json\/wp\/v2\/types\/product"}],"replies":[{"embeddable":true,"href":"https:\/\/vitaminaselsalvador.net\/index.php\/wp-json\/wp\/v2\/comments?post=3621"}],"wp:featuredmedia":[{"embeddable":true,"href":"https:\/\/vitaminaselsalvador.net\/index.php\/wp-json\/wp\/v2\/media\/3651"}],"wp:attachment":[{"href":"https:\/\/vitaminaselsalvador.net\/index.php\/wp-json\/wp\/v2\/media?parent=3621"}],"wp:term":[{"taxonomy":"product_brand","embeddable":true,"href":"https:\/\/vitaminaselsalvador.net\/index.php\/wp-json\/wp\/v2\/product_brand?post=3621"},{"taxonomy":"product_cat","embeddable":true,"href":"https:\/\/vitaminaselsalvador.net\/index.php\/wp-json\/wp\/v2\/product_cat?post=3621"},{"taxonomy":"product_tag","embeddable":true,"href":"https:\/\/vitaminaselsalvador.net\/index.php\/wp-json\/wp\/v2\/product_tag?post=3621"}],"curies":[{"name":"wp","href":"https:\/\/api.w.org\/{rel}","templated":true}]}}