{"id":3620,"date":"2022-11-02T21:17:38","date_gmt":"2022-11-03T03:17:38","guid":{"rendered":"https:\/\/vitaminaselsalvador.net\/?post_type=product&#038;p=3620"},"modified":"2025-07-08T11:05:10","modified_gmt":"2025-07-08T17:05:10","slug":"palagrip-noche-50-sobres-de-2-tabletas","status":"publish","type":"product","link":"https:\/\/vitaminaselsalvador.net\/index.php\/product\/palagrip-noche-50-sobres-de-2-tabletas\/","title":{"rendered":"PALAGRIP NOCHE 50 Sobres de 2 Tabletas"},"content":{"rendered":"<p><strong><span style=\"color: #000000;\">CONTRAINDICACIONES:<\/span><\/strong><\/p>\n<p><span style=\"color: #000000;\">En caso de embarazo, lactancia, pacientes con problemas cardiacos, presi\u00f3n alta, arritmias, glaucoma, retenci\u00f3n urinaria debido a hipertrofia prost\u00e1tica benigna, consultar a su m\u00e9dico.<\/span><\/p>\n<p><span style=\"color: #000000;\">No exceder la d\u00f3sis recomendada.<\/span><\/p>\n<p><span style=\"color: #000000;\">No use en menores de 12 a\u00f1os.<\/span><\/p>\n<p><span style=\"color: #000000;\">Si est\u00e1 tomando otro medicamento consulte a su m\u00e9dico.<\/span><\/p>\n","protected":false},"excerpt":{"rendered":"<p><span style=\"color: #000000;\">Contiene 50 sobres de 2 tablecaps<\/span><\/p>\n<p><strong><span style=\"color: #000000;\">INDICACIONES:<\/span><\/strong><\/p>\n<p><span style=\"color: #000000;\">Alivio de todos los s\u00edntomas de la gripe, tales como: Tos, congesti\u00f3n nasal, dolor de cabeza y cuerpo, secreci\u00f3n nasal, fiebre, estornudos, dolor de garganta y malestar en general.<\/span><\/p>\n","protected":false},"featured_media":3650,"comment_status":"closed","ping_status":"closed","template":"","meta":{"_kad_post_transparent":"","_kad_post_title":"","_kad_post_layout":"","_kad_post_sidebar_id":"","_kad_post_content_style":"","_kad_post_vertical_padding":"","_kad_post_feature":"","_kad_post_feature_position":"","_kad_post_header":false,"_kad_post_footer":false},"product_brand":[],"product_cat":[1367,1368],"product_tag":[161,1270,614,615,221,1090,1369,637],"class_list":{"0":"post-3620","1":"product","2":"type-product","3":"status-publish","4":"has-post-thumbnail","6":"product_cat-congestion-nasal","7":"product_cat-tos","8":"product_tag-dolor-de-cabeza","9":"product_tag-dolor-de-cuerpo","10":"product_tag-dolor-de-garganta","11":"product_tag-estornudos","12":"product_tag-fiebre","13":"product_tag-gripe","14":"product_tag-malestar-en-general","15":"product_tag-secrecion-nasal","17":"first","18":"instock","19":"shipping-taxable","20":"purchasable","21":"product-type-simple","22":"entry","23":"content-bg","24":"loop-entry"},"_links":{"self":[{"href":"https:\/\/vitaminaselsalvador.net\/index.php\/wp-json\/wp\/v2\/product\/3620","targetHints":{"allow":["GET"]}}],"collection":[{"href":"https:\/\/vitaminaselsalvador.net\/index.php\/wp-json\/wp\/v2\/product"}],"about":[{"href":"https:\/\/vitaminaselsalvador.net\/index.php\/wp-json\/wp\/v2\/types\/product"}],"replies":[{"embeddable":true,"href":"https:\/\/vitaminaselsalvador.net\/index.php\/wp-json\/wp\/v2\/comments?post=3620"}],"wp:featuredmedia":[{"embeddable":true,"href":"https:\/\/vitaminaselsalvador.net\/index.php\/wp-json\/wp\/v2\/media\/3650"}],"wp:attachment":[{"href":"https:\/\/vitaminaselsalvador.net\/index.php\/wp-json\/wp\/v2\/media?parent=3620"}],"wp:term":[{"taxonomy":"product_brand","embeddable":true,"href":"https:\/\/vitaminaselsalvador.net\/index.php\/wp-json\/wp\/v2\/product_brand?post=3620"},{"taxonomy":"product_cat","embeddable":true,"href":"https:\/\/vitaminaselsalvador.net\/index.php\/wp-json\/wp\/v2\/product_cat?post=3620"},{"taxonomy":"product_tag","embeddable":true,"href":"https:\/\/vitaminaselsalvador.net\/index.php\/wp-json\/wp\/v2\/product_tag?post=3620"}],"curies":[{"name":"wp","href":"https:\/\/api.w.org\/{rel}","templated":true}]}}