{"id":3619,"date":"2022-11-02T21:17:38","date_gmt":"2022-11-03T03:17:38","guid":{"rendered":"https:\/\/vitaminaselsalvador.net\/?post_type=product&#038;p=3619"},"modified":"2025-07-08T11:05:09","modified_gmt":"2025-07-08T17:05:09","slug":"nutrigel-2-0-sabor-neutro-30-sobres","status":"publish","type":"product","link":"https:\/\/vitaminaselsalvador.net\/index.php\/product\/nutrigel-2-0-sabor-neutro-30-sobres\/","title":{"rendered":"NUTRIGEL 2.0 SABOR NEUTRO 30 Sobres"},"content":{"rendered":"<p><strong><span style=\"color: #000000;\">CONTRA-INDICACIONES:<\/span><\/strong><br \/>\n<span style=\"color: #000000;\">Hipersensibilidad a algunos de sus componentes. Producto conocido generalmente como seguro.<\/span><\/p>\n<p><strong><span style=\"color: #000000;\">INDICACIONES:<\/span><\/strong><br \/>\n<span style=\"color: #000000;\">Suplemento diet\u00e9tico.<\/span><\/p>\n<p><span style=\"color: #000000;\">T\u00f3malo en agua fr\u00eda o en tu bebida favorita, una vez al d\u00eda.<\/span><\/p>\n","protected":false},"excerpt":{"rendered":"<p><span style=\"color: #000000;\">Nutrigel 2.0 es un suplemento de Col\u00e1geno Hidrolizado 100% que a proteger y reducir el dolor y las molestias en las articulaciones, mejorando la movilidad y flexibilidad y ayudando a fortalecer los ligamentos y tendones.<\/span><\/p>\n<p><span style=\"color: #000000;\">El col\u00e1geno es una prote\u00edna muy importante para nuestro cuerpo, que conforma el tejido conectivo. Proporciona principalmente la elasticidad de nuestra piel, la prevenci\u00f3n de las arrugas y la flacidez.<\/span><br \/>\n<span style=\"color: #000000;\">Para restaurar los niveles de esta sustancia en el cuerpo existe el col\u00e1geno hidrolizado, es una opci\u00f3n en forma de polvo o c\u00e1psulas que proporciona una serie de beneficios.<\/span><br \/>\n<span style=\"color: #000000;\">El col\u00e1geno hidrolizado es una excelente opci\u00f3n para restaurar los niveles de col\u00e1geno en el cuerpo.<\/span><\/p>\n","protected":false},"featured_media":3649,"comment_status":"closed","ping_status":"closed","template":"","meta":{"_kad_post_transparent":"","_kad_post_title":"","_kad_post_layout":"","_kad_post_sidebar_id":"","_kad_post_content_style":"","_kad_post_vertical_padding":"","_kad_post_feature":"","_kad_post_feature_position":"","_kad_post_header":false,"_kad_post_footer":false},"product_brand":[],"product_cat":[1363,1364,1365],"product_tag":[1215,1164,1228,1366,1165,1231],"class_list":{"0":"post-3619","1":"product","2":"type-product","3":"status-publish","4":"has-post-thumbnail","6":"product_cat-articulaciones","7":"product_cat-colageno","8":"product_cat-laboratorios-procaps","9":"product_tag-dolor","10":"product_tag-flexibilidad","11":"product_tag-ligamentos","12":"product_tag-molestias","13":"product_tag-movilidad","14":"product_tag-tendones","16":"first","17":"instock","18":"shipping-taxable","19":"purchasable","20":"product-type-simple","21":"entry","22":"content-bg","23":"loop-entry"},"_links":{"self":[{"href":"https:\/\/vitaminaselsalvador.net\/index.php\/wp-json\/wp\/v2\/product\/3619","targetHints":{"allow":["GET"]}}],"collection":[{"href":"https:\/\/vitaminaselsalvador.net\/index.php\/wp-json\/wp\/v2\/product"}],"about":[{"href":"https:\/\/vitaminaselsalvador.net\/index.php\/wp-json\/wp\/v2\/types\/product"}],"replies":[{"embeddable":true,"href":"https:\/\/vitaminaselsalvador.net\/index.php\/wp-json\/wp\/v2\/comments?post=3619"}],"wp:featuredmedia":[{"embeddable":true,"href":"https:\/\/vitaminaselsalvador.net\/index.php\/wp-json\/wp\/v2\/media\/3649"}],"wp:attachment":[{"href":"https:\/\/vitaminaselsalvador.net\/index.php\/wp-json\/wp\/v2\/media?parent=3619"}],"wp:term":[{"taxonomy":"product_brand","embeddable":true,"href":"https:\/\/vitaminaselsalvador.net\/index.php\/wp-json\/wp\/v2\/product_brand?post=3619"},{"taxonomy":"product_cat","embeddable":true,"href":"https:\/\/vitaminaselsalvador.net\/index.php\/wp-json\/wp\/v2\/product_cat?post=3619"},{"taxonomy":"product_tag","embeddable":true,"href":"https:\/\/vitaminaselsalvador.net\/index.php\/wp-json\/wp\/v2\/product_tag?post=3619"}],"curies":[{"name":"wp","href":"https:\/\/api.w.org\/{rel}","templated":true}]}}