{"id":3618,"date":"2022-11-02T21:17:38","date_gmt":"2022-11-03T03:17:38","guid":{"rendered":"https:\/\/vitaminaselsalvador.net\/?post_type=product&#038;p=3618"},"modified":"2025-07-08T11:05:09","modified_gmt":"2025-07-08T17:05:09","slug":"gamalate-b6-20-grageas","status":"publish","type":"product","link":"https:\/\/vitaminaselsalvador.net\/index.php\/product\/gamalate-b6-20-grageas\/","title":{"rendered":"GAMALATE B6 20 Grageas"},"content":{"rendered":"<p><strong><span style=\"color: #000000;\">PRINCIPALES PRINCIPIOS ACTIVOS:<\/span><\/strong><br \/>\n<span style=\"color: #000000;\">Gamaaminobetahidroxibut\u00edrico, \u00e1cido.<\/span><br \/>\n<span style=\"color: #000000;\">Gamaaminobut\u00edrico, \u00e1cido.<\/span><br \/>\n<span style=\"color: #000000;\">Glut\u00e1mico, \u00e1cido.<\/span><br \/>\n<span style=\"color: #000000;\">Piridoxina.<\/span><\/p>\n<p><strong><span style=\"color: #000000;\">MODO DE USO:<\/span><\/strong><br \/>\n<span style=\"color: #000000;\">Grageas: 2 grageas, 3 veces al d\u00eda. Jarabe: 1-2 cucharaditas, 3 veces al d\u00eda. Administrarlo antes o despu\u00e9s de las principales comidas. Posteriormente, como dosis de mantenci\u00f3n, se podr\u00e1n reducir las pautas indicadas seg\u00fan criterio m\u00e9dico.<\/span><\/p>\n<p><span style=\"color: #000000;\">Vitamina B6 &#8212;&#8212;&#8212;&#8212;&#8212;&#8212;&#8212;&#8212;&#8212;&#8212; 37.00 MG<\/span><br \/>\n<span style=\"color: #000000;\">Bromhidrato Glutamato Magnesio &#8211; 75.00 MCG<\/span><\/p>\n","protected":false},"excerpt":{"rendered":"<p><span style=\"color: #000000;\">Cerebrot\u00f3nico-estimulante cerebral, indicado como adyuvante en aquellos estados que requieren mejor\u00eda de la capacidad y el rendimiento intelectual. Rendimiento intelectual deficiente. Recuperaci\u00f3n de injurias cerebrales. Coadyuvante en el tratamiento con psicof\u00e1rmacos.Eventualmente puede presentarse: discreta somnolencia, prurito generalizado, aceleraci\u00f3n del tr\u00e1nsito intestinal.<\/span><\/p>\n<p><strong><span style=\"color: #000000;\">BENEFICIOS:<\/span><\/strong><br \/>\n<span style=\"color: #000000;\">Cerebrot\u00f3nico. <\/span><br \/>\n<span style=\"color: #000000;\">Rendimiento intelectual deficiente. <\/span><br \/>\n<span style=\"color: #000000;\">Recuperaci\u00f3n de injurias cerebrales. <\/span><br \/>\n<span style=\"color: #000000;\">Coadyuvante en el tratamiento con psicof\u00e1rmacos.<\/span><\/p>\n","protected":false},"featured_media":3648,"comment_status":"closed","ping_status":"closed","template":"","meta":{"_kad_post_transparent":"","_kad_post_title":"","_kad_post_layout":"","_kad_post_sidebar_id":"","_kad_post_content_style":"","_kad_post_vertical_padding":"","_kad_post_feature":"","_kad_post_feature_position":"","_kad_post_header":false,"_kad_post_footer":false},"product_brand":[],"product_cat":[1355,1356,1357],"product_tag":[1358,1359,1360,1361,863,1362],"class_list":{"0":"post-3618","1":"product","2":"type-product","3":"status-publish","4":"has-post-thumbnail","6":"product_cat-cerebrotonico","7":"product_cat-laboratorios-ferrer","8":"product_cat-rendimiento-intelectual","9":"product_tag-adyuvante","10":"product_tag-cerebrotonico","11":"product_tag-estimulante-cerebral","12":"product_tag-recuperacion-de-injurias","13":"product_tag-rendimiento-intelectual","14":"product_tag-tratamiento","16":"first","17":"instock","18":"shipping-taxable","19":"purchasable","20":"product-type-simple","21":"entry","22":"content-bg","23":"loop-entry"},"_links":{"self":[{"href":"https:\/\/vitaminaselsalvador.net\/index.php\/wp-json\/wp\/v2\/product\/3618","targetHints":{"allow":["GET"]}}],"collection":[{"href":"https:\/\/vitaminaselsalvador.net\/index.php\/wp-json\/wp\/v2\/product"}],"about":[{"href":"https:\/\/vitaminaselsalvador.net\/index.php\/wp-json\/wp\/v2\/types\/product"}],"replies":[{"embeddable":true,"href":"https:\/\/vitaminaselsalvador.net\/index.php\/wp-json\/wp\/v2\/comments?post=3618"}],"wp:featuredmedia":[{"embeddable":true,"href":"https:\/\/vitaminaselsalvador.net\/index.php\/wp-json\/wp\/v2\/media\/3648"}],"wp:attachment":[{"href":"https:\/\/vitaminaselsalvador.net\/index.php\/wp-json\/wp\/v2\/media?parent=3618"}],"wp:term":[{"taxonomy":"product_brand","embeddable":true,"href":"https:\/\/vitaminaselsalvador.net\/index.php\/wp-json\/wp\/v2\/product_brand?post=3618"},{"taxonomy":"product_cat","embeddable":true,"href":"https:\/\/vitaminaselsalvador.net\/index.php\/wp-json\/wp\/v2\/product_cat?post=3618"},{"taxonomy":"product_tag","embeddable":true,"href":"https:\/\/vitaminaselsalvador.net\/index.php\/wp-json\/wp\/v2\/product_tag?post=3618"}],"curies":[{"name":"wp","href":"https:\/\/api.w.org\/{rel}","templated":true}]}}