{"id":3617,"date":"2022-11-02T21:17:37","date_gmt":"2022-11-03T03:17:37","guid":{"rendered":"https:\/\/vitaminaselsalvador.net\/?post_type=product&#038;p=3617"},"modified":"2025-07-08T11:05:08","modified_gmt":"2025-07-08T17:05:08","slug":"vitasil-omega-3-50-capsulas-de-gelatina-blanda","status":"publish","type":"product","link":"https:\/\/vitaminaselsalvador.net\/index.php\/product\/vitasil-omega-3-50-capsulas-de-gelatina-blanda\/","title":{"rendered":"VITASIL OMEGA-3 50 C\u00e1psulas de gelatina blanda"},"content":{"rendered":"<p><strong>D\u00d3SIS:<\/strong><br \/>\nAdultos 1 a 2 c\u00e1psulas 1 vez al d\u00eda.<br \/>\nNi\u00f1os: seg\u00fan indicaciones del pediatra<\/p>\n<p><strong>COMPOSICI\u00d3N:<\/strong><br \/>\nAceite concentrado de Pescado<\/p>\n<p>OMEGA 3 ( EPA \/ DHA )<br \/>\nEPA 300 MG<br \/>\nDHA 200 MG<\/p>\n<p><strong>CONTRA-INDICACIONES:<\/strong><br \/>\nHipersensibilidad aceite concentrado de pescado.<\/p>\n","protected":false},"excerpt":{"rendered":"<p><span style=\"color: #000000;\">Vitasil Omega 3, es extra\u00eddo de peces de aguas fr\u00edas y profundas; como el at\u00fan, el salm\u00f3n, la caballa, la sardina y la sardinela.<\/span><\/p>\n<p><strong><span style=\"color: #000000;\">INDICACIONES:<\/span><\/strong><br \/>\n<span style=\"color: #000000;\">Prevenci\u00f3n y tratamiento de enfermedades cardiovasculares. Reducci\u00f3n de triglic\u00e9ridos y colesterol. Disminuye la presi\u00f3n sangu\u00ednea, sobre todo si padece de hipertensi\u00f3n. alivia del dolor y de la rigidez en casos de artritis.<\/span><\/p>\n<p><strong><span style=\"color: #000000;\">ACCI\u00d3N TERAP\u00c9UTICA:<\/span><\/strong><br \/>\n<span style=\"color: #000000;\">Prevenci\u00f3n y tratamiento de enfermedades cardiovasculares.<\/span><br \/>\n<span style=\"color: #000000;\">Reducci\u00f3n de triglic\u00e9ridos y colesterol.<\/span><br \/>\n<span style=\"color: #000000;\">Disminuye la presi\u00f3n sangu\u00ednea, sobre todo si padece de hipertensi\u00f3n.<\/span><br \/>\n<span style=\"color: #000000;\">Alivia del dolor y de la rigidez en casos de artritis.<\/span><\/p>\n","protected":false},"featured_media":3647,"comment_status":"closed","ping_status":"closed","template":"","meta":{"_kad_post_transparent":"","_kad_post_title":"","_kad_post_layout":"","_kad_post_sidebar_id":"","_kad_post_content_style":"","_kad_post_vertical_padding":"","_kad_post_feature":"","_kad_post_feature_position":"","_kad_post_header":false,"_kad_post_footer":false},"product_brand":[],"product_cat":[1350,424,1351],"product_tag":[1352,190,422,1353,1354,192],"class_list":{"0":"post-3617","1":"product","2":"type-product","3":"status-publish","4":"has-post-thumbnail","6":"product_cat-hipertension","7":"product_cat-laboratorios-suizos","8":"product_cat-omega-3","9":"product_tag-cardiovascular","10":"product_tag-colesterol","11":"product_tag-omega-3","12":"product_tag-presion-sanguinea","13":"product_tag-rigidez","14":"product_tag-trigliceridos","16":"first","17":"instock","18":"shipping-taxable","19":"purchasable","20":"product-type-simple","21":"entry","22":"content-bg","23":"loop-entry"},"_links":{"self":[{"href":"https:\/\/vitaminaselsalvador.net\/index.php\/wp-json\/wp\/v2\/product\/3617","targetHints":{"allow":["GET"]}}],"collection":[{"href":"https:\/\/vitaminaselsalvador.net\/index.php\/wp-json\/wp\/v2\/product"}],"about":[{"href":"https:\/\/vitaminaselsalvador.net\/index.php\/wp-json\/wp\/v2\/types\/product"}],"replies":[{"embeddable":true,"href":"https:\/\/vitaminaselsalvador.net\/index.php\/wp-json\/wp\/v2\/comments?post=3617"}],"wp:featuredmedia":[{"embeddable":true,"href":"https:\/\/vitaminaselsalvador.net\/index.php\/wp-json\/wp\/v2\/media\/3647"}],"wp:attachment":[{"href":"https:\/\/vitaminaselsalvador.net\/index.php\/wp-json\/wp\/v2\/media?parent=3617"}],"wp:term":[{"taxonomy":"product_brand","embeddable":true,"href":"https:\/\/vitaminaselsalvador.net\/index.php\/wp-json\/wp\/v2\/product_brand?post=3617"},{"taxonomy":"product_cat","embeddable":true,"href":"https:\/\/vitaminaselsalvador.net\/index.php\/wp-json\/wp\/v2\/product_cat?post=3617"},{"taxonomy":"product_tag","embeddable":true,"href":"https:\/\/vitaminaselsalvador.net\/index.php\/wp-json\/wp\/v2\/product_tag?post=3617"}],"curies":[{"name":"wp","href":"https:\/\/api.w.org\/{rel}","templated":true}]}}