{"id":3613,"date":"2022-11-02T21:17:37","date_gmt":"2022-11-03T03:17:37","guid":{"rendered":"https:\/\/vitaminaselsalvador.net\/?post_type=product&#038;p=3613"},"modified":"2025-07-08T11:05:08","modified_gmt":"2025-07-08T17:05:08","slug":"ultra-zinc-50-mg-30-capsulas","status":"publish","type":"product","link":"https:\/\/vitaminaselsalvador.net\/index.php\/product\/ultra-zinc-50-mg-30-capsulas\/","title":{"rendered":"ULTRA ZINC 50 mg 30 C\u00e1psulas"},"content":{"rendered":"<p><strong><span style=\"color: #000000;\">ADVERTENCIAS:<\/span><\/strong><br \/>\n<span style=\"color: #000000;\">En los tratamientos con zinc a largo plazo deber\u00e1n monitorizarse los niveles de cobre y de zinc. En caso de embarazo y lactancia, consulte a su m\u00e9dico. Suspenda su uso y consulte a su m\u00e9dico en caso de presentar cualquier reacci\u00f3n adversa. Precauci\u00f3n en pacientes con VIH. Este producto no est\u00e1 recomendado en ni\u00f1os.<\/span><\/p>\n<p><strong><span style=\"color: #000000;\">COMPOSICI\u00d3N:<\/span><\/strong><br \/>\n<span style=\"color: #000000;\">Cada c\u00e1psula contiene:<\/span><\/p>\n<p><span style=\"color: #000000;\">\u00d3xido de Zinc 62.24 mg (equivalente a 50.00 mg de Zinc)<\/span><\/p>\n","protected":false},"excerpt":{"rendered":"<p><strong><span style=\"color: #000000;\">DESCRIPCI\u00d3N:<\/span><\/strong><br \/>\n<span style=\"color: #000000;\">Tratamiento de estados carenciales de zinc, debido al incremento de las necesidades, reducci\u00f3n del consumo o reducci\u00f3n de la absorci\u00f3n, que podr\u00edan manifestarse en estados de convalecencia o dietas insuficientes.<\/span><\/p>\n<p><strong><span style=\"color: #000000;\">SUGERENCIAS DE USO:<\/span><\/strong><br \/>\n<span style=\"color: #000000;\">Tomar 1 c\u00e1psula al d\u00eda.<\/span><\/p>\n<p><strong><span style=\"color: #000000;\">CONTRAINDICACIONES:<\/span><\/strong><br \/>\n<span style=\"color: #000000;\">Hipersensibilidad a algunos de los componentes de la f\u00f3rmula.<\/span><\/p>\n","protected":false},"featured_media":3643,"comment_status":"closed","ping_status":"closed","template":"","meta":{"_kad_post_transparent":"","_kad_post_title":"","_kad_post_layout":"","_kad_post_sidebar_id":"","_kad_post_content_style":"","_kad_post_vertical_padding":"","_kad_post_feature":"","_kad_post_feature_position":"","_kad_post_header":false,"_kad_post_footer":false},"product_brand":[],"product_cat":[1328,424,1329],"product_tag":[1330,1331,1332,1333,1334,1335],"class_list":{"0":"post-3613","1":"product","2":"type-product","3":"status-publish","4":"has-post-thumbnail","6":"product_cat-dieta","7":"product_cat-laboratorios-suizos","8":"product_cat-zinc","9":"product_tag-carencia","10":"product_tag-cobre","11":"product_tag-convalescencia","12":"product_tag-dieta-insuficiente","13":"product_tag-reduccion","14":"product_tag-zinc","16":"first","17":"instock","18":"shipping-taxable","19":"purchasable","20":"product-type-simple","21":"entry","22":"content-bg","23":"loop-entry"},"_links":{"self":[{"href":"https:\/\/vitaminaselsalvador.net\/index.php\/wp-json\/wp\/v2\/product\/3613","targetHints":{"allow":["GET"]}}],"collection":[{"href":"https:\/\/vitaminaselsalvador.net\/index.php\/wp-json\/wp\/v2\/product"}],"about":[{"href":"https:\/\/vitaminaselsalvador.net\/index.php\/wp-json\/wp\/v2\/types\/product"}],"replies":[{"embeddable":true,"href":"https:\/\/vitaminaselsalvador.net\/index.php\/wp-json\/wp\/v2\/comments?post=3613"}],"wp:featuredmedia":[{"embeddable":true,"href":"https:\/\/vitaminaselsalvador.net\/index.php\/wp-json\/wp\/v2\/media\/3643"}],"wp:attachment":[{"href":"https:\/\/vitaminaselsalvador.net\/index.php\/wp-json\/wp\/v2\/media?parent=3613"}],"wp:term":[{"taxonomy":"product_brand","embeddable":true,"href":"https:\/\/vitaminaselsalvador.net\/index.php\/wp-json\/wp\/v2\/product_brand?post=3613"},{"taxonomy":"product_cat","embeddable":true,"href":"https:\/\/vitaminaselsalvador.net\/index.php\/wp-json\/wp\/v2\/product_cat?post=3613"},{"taxonomy":"product_tag","embeddable":true,"href":"https:\/\/vitaminaselsalvador.net\/index.php\/wp-json\/wp\/v2\/product_tag?post=3613"}],"curies":[{"name":"wp","href":"https:\/\/api.w.org\/{rel}","templated":true}]}}