{"id":3589,"date":"2022-11-02T21:17:14","date_gmt":"2022-11-03T03:17:14","guid":{"rendered":"https:\/\/vitaminaselsalvador.net\/?post_type=product&#038;p=3589"},"modified":"2025-07-08T11:05:07","modified_gmt":"2025-07-08T17:05:07","slug":"enalapril-ecomed-20-mg-100-tabletas","status":"publish","type":"product","link":"https:\/\/vitaminaselsalvador.net\/index.php\/product\/enalapril-ecomed-20-mg-100-tabletas\/","title":{"rendered":"ENALAPRIL ECOMED 20 mg 100 Tabletas"},"content":{"rendered":"<p><strong><span style=\"color: #000000;\">CONTRA-INDICACIONES:<\/span><\/strong><\/p>\n<p><span style=\"color: #000000;\">Hipersensibilidad al componente de la formula.<\/span><\/p>\n<p><span style=\"color: #000000;\">Si es al\u00e9rgico,Si le han diagnosticado angioedema. Si tiene diabetes o insuficiencia renal y le est\u00e1n tratando con un medicamento para bajar la presi\u00f3n arterial que contiene aliskir\u00e9n. Si est\u00e1 embarazada de m\u00e1s de 3 meses. Tambi\u00e9n es mejor evitar enalapril al principio del embarazo.<\/span><\/p>\n","protected":false},"excerpt":{"rendered":"<p><strong><span style=\"color: #000000;\">INDICACIONES:<\/span><\/strong><\/p>\n<p><span style=\"color: #000000;\">Tratar la insuficiencia card\u00edaca debilitamiento de la funci\u00f3n del coraz\u00f3n sintom\u00e1tica.<\/span><\/p>\n<p><span style=\"color: #000000;\">Indicado en el tratamiento de todos los grados de hipertensi\u00f3n esencial, de la hipertensi\u00f3n renovascular, insuficiencia cardiaca; en los pacientes con insuficiencia cardiaca sintom\u00e1tica, est\u00e1 indicado para mejorar la supervivencia, retardar la progresi\u00f3n de la insuficiencia cardiaca y disminuir las hospitalizaciones por insuficiencia cardiaca.<\/span><\/p>\n","protected":false},"featured_media":3639,"comment_status":"closed","ping_status":"closed","template":"","meta":{"_kad_post_transparent":"","_kad_post_title":"","_kad_post_layout":"","_kad_post_sidebar_id":"","_kad_post_content_style":"","_kad_post_vertical_padding":"","_kad_post_feature":"","_kad_post_feature_position":"","_kad_post_header":false,"_kad_post_footer":false},"product_brand":[],"product_cat":[1303,1304,1305],"product_tag":[1306,1307,1308,1309,1310,1311],"class_list":{"0":"post-3589","1":"product","2":"type-product","3":"status-publish","4":"has-post-thumbnail","6":"product_cat-hipertension-renovascular","7":"product_cat-insuficiencia-cardiaca","8":"product_cat-laboratorio-ecomed","9":"product_tag-corazon","10":"product_tag-debilitamiento","11":"product_tag-enalapril","12":"product_tag-hipertension-esencial","13":"product_tag-hipertension-renovascular","14":"product_tag-insuficiencia-cardiaca","16":"first","17":"instock","18":"shipping-taxable","19":"purchasable","20":"product-type-simple","21":"entry","22":"content-bg","23":"loop-entry"},"_links":{"self":[{"href":"https:\/\/vitaminaselsalvador.net\/index.php\/wp-json\/wp\/v2\/product\/3589","targetHints":{"allow":["GET"]}}],"collection":[{"href":"https:\/\/vitaminaselsalvador.net\/index.php\/wp-json\/wp\/v2\/product"}],"about":[{"href":"https:\/\/vitaminaselsalvador.net\/index.php\/wp-json\/wp\/v2\/types\/product"}],"replies":[{"embeddable":true,"href":"https:\/\/vitaminaselsalvador.net\/index.php\/wp-json\/wp\/v2\/comments?post=3589"}],"wp:featuredmedia":[{"embeddable":true,"href":"https:\/\/vitaminaselsalvador.net\/index.php\/wp-json\/wp\/v2\/media\/3639"}],"wp:attachment":[{"href":"https:\/\/vitaminaselsalvador.net\/index.php\/wp-json\/wp\/v2\/media?parent=3589"}],"wp:term":[{"taxonomy":"product_brand","embeddable":true,"href":"https:\/\/vitaminaselsalvador.net\/index.php\/wp-json\/wp\/v2\/product_brand?post=3589"},{"taxonomy":"product_cat","embeddable":true,"href":"https:\/\/vitaminaselsalvador.net\/index.php\/wp-json\/wp\/v2\/product_cat?post=3589"},{"taxonomy":"product_tag","embeddable":true,"href":"https:\/\/vitaminaselsalvador.net\/index.php\/wp-json\/wp\/v2\/product_tag?post=3589"}],"curies":[{"name":"wp","href":"https:\/\/api.w.org\/{rel}","templated":true}]}}