{"id":3587,"date":"2022-11-02T21:17:14","date_gmt":"2022-11-03T03:17:14","guid":{"rendered":"https:\/\/vitaminaselsalvador.net\/?post_type=product&#038;p=3587"},"modified":"2025-07-08T11:05:07","modified_gmt":"2025-07-08T17:05:07","slug":"tylenol-extra-fuerte-50-tabletas","status":"publish","type":"product","link":"https:\/\/vitaminaselsalvador.net\/index.php\/product\/tylenol-extra-fuerte-50-tabletas\/","title":{"rendered":"TYLENOL EXTRA FUERTE 50 Tabletas"},"content":{"rendered":"<p><strong><span style=\"color: #000000;\">CONTRA-INDICACIONES:<\/span><\/strong><\/p>\n<p><span style=\"color: #000000;\">Embarazo y lactancia, consulta al m\u00e9dico antes de usar este medicamento. Si eres al\u00e9rgico al acetaminof\u00e9n o a cualquiera de los ingredientes inactivos de este producto. Si padece induficiencia renal o hep\u00e1tica.<\/span><\/p>\n<p><span style=\"color: #000000;\">Hipersensibilidad a paracetamol, a clorhidrato de propacetamol (prof\u00e1rmaco del paracetamol). Insuficiencia hepatocelular grave. Hepatitis v\u00edrica. Antecedentes recientes de rectitis, anitis o rectorragias (solo para forma rectal).<\/span><\/p>\n","protected":false},"excerpt":{"rendered":"<p><strong><span style=\"color: #000000;\">INDICACIONES:<\/span><\/strong><\/p>\n<p><span style=\"color: #000000;\">Aliviar r\u00e1pidamente los dolores de cabeza y corporales, y bajar temporalmente la fiebre.<\/span><\/p>\n<p><span style=\"color: #000000;\">Analg\u00e9sico y antipir\u00e9tico. Inhibe la s\u00edntesis de prostaglandinas en el SNC y bloquea la generaci\u00f3n del impulso doloroso a nivel perif\u00e9rico. Act\u00faa sobre el centro hipotal\u00e1mico regulador de la temperatura.<\/span><\/p>\n","protected":false},"featured_media":3637,"comment_status":"closed","ping_status":"closed","template":"","meta":{"_kad_post_transparent":"","_kad_post_title":"","_kad_post_layout":"","_kad_post_sidebar_id":"","_kad_post_content_style":"","_kad_post_vertical_padding":"","_kad_post_feature":"","_kad_post_feature_position":"","_kad_post_header":false,"_kad_post_footer":false},"product_brand":[],"product_cat":[1160],"product_tag":[1207,1130,1297,161,221,1298],"class_list":{"0":"post-3587","1":"product","2":"type-product","3":"status-publish","4":"has-post-thumbnail","6":"product_cat-sin-categorizar","7":"product_tag-analgesico","8":"product_tag-antipiretico","9":"product_tag-dolor-corporal","10":"product_tag-dolor-de-cabeza","11":"product_tag-fiebre","12":"product_tag-regulador-temperatura","14":"first","15":"instock","16":"shipping-taxable","17":"purchasable","18":"product-type-simple","19":"entry","20":"content-bg","21":"loop-entry"},"_links":{"self":[{"href":"https:\/\/vitaminaselsalvador.net\/index.php\/wp-json\/wp\/v2\/product\/3587","targetHints":{"allow":["GET"]}}],"collection":[{"href":"https:\/\/vitaminaselsalvador.net\/index.php\/wp-json\/wp\/v2\/product"}],"about":[{"href":"https:\/\/vitaminaselsalvador.net\/index.php\/wp-json\/wp\/v2\/types\/product"}],"replies":[{"embeddable":true,"href":"https:\/\/vitaminaselsalvador.net\/index.php\/wp-json\/wp\/v2\/comments?post=3587"}],"wp:featuredmedia":[{"embeddable":true,"href":"https:\/\/vitaminaselsalvador.net\/index.php\/wp-json\/wp\/v2\/media\/3637"}],"wp:attachment":[{"href":"https:\/\/vitaminaselsalvador.net\/index.php\/wp-json\/wp\/v2\/media?parent=3587"}],"wp:term":[{"taxonomy":"product_brand","embeddable":true,"href":"https:\/\/vitaminaselsalvador.net\/index.php\/wp-json\/wp\/v2\/product_brand?post=3587"},{"taxonomy":"product_cat","embeddable":true,"href":"https:\/\/vitaminaselsalvador.net\/index.php\/wp-json\/wp\/v2\/product_cat?post=3587"},{"taxonomy":"product_tag","embeddable":true,"href":"https:\/\/vitaminaselsalvador.net\/index.php\/wp-json\/wp\/v2\/product_tag?post=3587"}],"curies":[{"name":"wp","href":"https:\/\/api.w.org\/{rel}","templated":true}]}}