{"id":3584,"date":"2022-11-02T21:17:13","date_gmt":"2022-11-03T03:17:13","guid":{"rendered":"https:\/\/vitaminaselsalvador.net\/?post_type=product&#038;p=3584"},"modified":"2025-07-08T11:05:06","modified_gmt":"2025-07-08T17:05:06","slug":"acetaminofen-mk-ninos-jarabe-60ml","status":"publish","type":"product","link":"https:\/\/vitaminaselsalvador.net\/index.php\/product\/acetaminofen-mk-ninos-jarabe-60ml\/","title":{"rendered":"ACETAMINOFEN MK NI\u00d1OS JARABE 60ML"},"content":{"rendered":"<p><span style=\"color: #000000;\"><strong>Medida de la dosis (in unidades m\u00e9tricas):<\/strong> Las jeringas dosificadoras son m\u00e1s exactas que los utensilios de cocina caseros. Utilice una jeringa o el dispositivo que venga con el medicamento. Si el medicamento no tiene un dispositivo para medir, p\u00eddale una jeringa al boticario. Los utensilios caseros no son fiables. Nota: una cucharadita nivelada equivale a 5 ml y que \u00bd cucharadita equivale a 2,5 ml.<\/span><\/p>\n<p><span style=\"color: #000000;\"><strong>Frecuencia:<\/strong> Repita cada 4-6 horas seg\u00fan sea necesario. No la administre m\u00e1s de 5 veces al d\u00eda.<\/span><\/p>\n<p><span style=\"color: #000000;\"><strong>L\u00edmite de edad:<\/strong> No utilice en ni\u00f1os menores de 12 semanas de edad (raz\u00f3n: la fiebre durante las primeras 12 semanas de vida se debe documentar en un ambiente m\u00e9dico y si est\u00e1 presente, su beb\u00e9 necesita una evaluaci\u00f3n completa).<\/span><\/p>\n<p><span style=\"color: #000000;\"><strong>Excepci\u00f3n:<\/strong> Fiebre por vacunaci\u00f3n si el ni\u00f1o tiene 8 semanas o m\u00e1s de edad. Evite los productos con m\u00faltiples ingredientes en ni\u00f1os menores de 6 a\u00f1os de edad.<\/span><\/p>\n","protected":false},"excerpt":{"rendered":"<p><strong><span style=\"color: #000000;\">INDICACIONES:<\/span><\/strong><\/p>\n<p><span style=\"color: #000000;\">Alivia el dolor de cabeza, dolores provocados por catarro comun, gripe, vacunaciones, enfermedades virales, dolores de dientes, dolores de oidos y dolores de garganta.<\/span><\/p>\n<p><strong><span style=\"color: #000000;\">CONTRA-INDICACIONES:<\/span><\/strong><\/p>\n<p><span style=\"color: #000000;\">Hipersensibilidad al acetaminof\u00e9n, insuficiencia renal o hep\u00e1tica, \u00falcera g\u00e1strica y enfermedad \u00e1cido p\u00e9ptica.<\/span><\/p>\n","protected":false},"featured_media":3634,"comment_status":"closed","ping_status":"closed","template":"","meta":{"_kad_post_transparent":"","_kad_post_title":"","_kad_post_layout":"","_kad_post_sidebar_id":"","_kad_post_content_style":"","_kad_post_vertical_padding":"","_kad_post_feature":"","_kad_post_feature_position":"","_kad_post_header":false,"_kad_post_footer":false},"product_brand":[],"product_cat":[1277],"product_tag":[1167,161,1278,614,271,1279,1090,1280],"class_list":{"0":"post-3584","1":"product","2":"type-product","3":"status-publish","4":"has-post-thumbnail","6":"product_cat-laboratorios-mk","7":"product_tag-catarro-comun","8":"product_tag-dolor-de-cabeza","9":"product_tag-dolor-de-dientes","10":"product_tag-dolor-de-garganta","11":"product_tag-dolor-de-oidos","12":"product_tag-enfermedades-virales","13":"product_tag-gripe","14":"product_tag-vacunaciones","16":"first","17":"instock","18":"shipping-taxable","19":"purchasable","20":"product-type-simple","21":"entry","22":"content-bg","23":"loop-entry"},"_links":{"self":[{"href":"https:\/\/vitaminaselsalvador.net\/index.php\/wp-json\/wp\/v2\/product\/3584","targetHints":{"allow":["GET"]}}],"collection":[{"href":"https:\/\/vitaminaselsalvador.net\/index.php\/wp-json\/wp\/v2\/product"}],"about":[{"href":"https:\/\/vitaminaselsalvador.net\/index.php\/wp-json\/wp\/v2\/types\/product"}],"replies":[{"embeddable":true,"href":"https:\/\/vitaminaselsalvador.net\/index.php\/wp-json\/wp\/v2\/comments?post=3584"}],"wp:featuredmedia":[{"embeddable":true,"href":"https:\/\/vitaminaselsalvador.net\/index.php\/wp-json\/wp\/v2\/media\/3634"}],"wp:attachment":[{"href":"https:\/\/vitaminaselsalvador.net\/index.php\/wp-json\/wp\/v2\/media?parent=3584"}],"wp:term":[{"taxonomy":"product_brand","embeddable":true,"href":"https:\/\/vitaminaselsalvador.net\/index.php\/wp-json\/wp\/v2\/product_brand?post=3584"},{"taxonomy":"product_cat","embeddable":true,"href":"https:\/\/vitaminaselsalvador.net\/index.php\/wp-json\/wp\/v2\/product_cat?post=3584"},{"taxonomy":"product_tag","embeddable":true,"href":"https:\/\/vitaminaselsalvador.net\/index.php\/wp-json\/wp\/v2\/product_tag?post=3584"}],"curies":[{"name":"wp","href":"https:\/\/api.w.org\/{rel}","templated":true}]}}