{"id":3581,"date":"2022-11-02T21:17:13","date_gmt":"2022-11-03T03:17:13","guid":{"rendered":"https:\/\/vitaminaselsalvador.net\/?post_type=product&#038;p=3581"},"modified":"2025-07-08T11:05:06","modified_gmt":"2025-07-08T17:05:06","slug":"panadol-infantil-masticable-100-tabletas","status":"publish","type":"product","link":"https:\/\/vitaminaselsalvador.net\/index.php\/product\/panadol-infantil-masticable-100-tabletas\/","title":{"rendered":"PANADOL INFANTIL MASTICABLE 100 Tabletas"},"content":{"rendered":"<p><strong><span style=\"color: #000000;\">D\u00d3SIS:<\/span><\/strong><\/p>\n<ul>\n<li><span style=\"color: #000000;\">S\u00f3lo para administraci\u00f3n oral.<\/span><\/li>\n<li><span style=\"color: #000000;\">Administrar de acuerdo con el peso del ni\u00f1o, seg\u00fan la tabla de dosis. No administre m\u00e1s de la dosis indicada.<\/span><\/li>\n<li><span style=\"color: #000000;\">No exceda la dosis m\u00e1xima diaria: 4 dosis (60mg\/kg, en dosis divididas de 10 &#8211; 15mg\/Kg). La dosis puede repetirse cada 4 horas, nunca en menos de este intervalo.<\/span><\/li>\n<li><span style=\"color: #000000;\">No administre el producto por m\u00e1s de 3 d\u00edas sin consultar al m\u00e9dico.<\/span><\/li>\n<li><span style=\"color: #000000;\">Siempre utilice la menor dosis efectiva y por el tiempo m\u00e1s corto.<\/span><\/li>\n<li><span style=\"color: #000000;\">No recomendado para ni\u00f1os menores de 2 a\u00f1os.<\/span><\/li>\n<\/ul>\n<p><strong><span style=\"color: #000000;\">CONTRA-INDICACIONES:<\/span><\/strong><\/p>\n<p><span style=\"color: #000000;\">No administre el producto si su ni\u00f1o: es al\u00e9rgico al paracetamol o a los excipientes.<\/span><\/p>\n","protected":false},"excerpt":{"rendered":"<p><strong><span style=\"color: #000000;\">INDICACIONES:<\/span><\/strong><\/p>\n<ul>\n<li><span style=\"color: #000000;\">Alivio r\u00e1pido y efectivo de la fiebre. El dolor de cabeza. Dolor de o\u00eddo, dolor y fiebre asociado a vacunaci\u00f3n. S\u00edntomas relacionados con la gripe y el resfr\u00edo.<\/span><\/li>\n<li><span style=\"color: #000000;\">Empieza a aliviar la fiebre en 15 minutos.<\/span><\/li>\n<li><span style=\"color: #000000;\">Es suave con sus estomaguitos.<\/span><\/li>\n<li><span style=\"color: #000000;\">No contiene az\u00facar.<\/span><\/li>\n<li><span style=\"color: #000000;\">Agradable sabor a cereza.<\/span><\/li>\n<li><span style=\"color: #000000;\">Recomendado para ni\u00f1os a partir de 2 a\u00f1os.<\/span><\/li>\n<li><span style=\"color: #000000;\">Incluye instrucciones de dosificaci\u00f3n f\u00e1ciles de usar con base en el peso del ni\u00f1o.<\/span><\/li>\n<li><span style=\"color: #000000;\">Venta sin receta m\u00e9dica.<\/span><\/li>\n<\/ul>\n","protected":false},"featured_media":3611,"comment_status":"closed","ping_status":"closed","template":"","meta":{"_kad_post_transparent":"","_kad_post_title":"","_kad_post_layout":"","_kad_post_sidebar_id":"","_kad_post_content_style":"","_kad_post_vertical_padding":"","_kad_post_feature":"","_kad_post_feature_position":"","_kad_post_header":false,"_kad_post_footer":false},"product_brand":[],"product_cat":[1266],"product_tag":[1194,161,1267,221,1090,1268,1269],"class_list":{"0":"post-3581","1":"product","2":"type-product","3":"status-publish","4":"has-post-thumbnail","6":"product_cat-laboratorios-glaxosmithkline","7":"product_tag-alivio","8":"product_tag-dolor-de-cabeza","9":"product_tag-dolor-de-oido","10":"product_tag-fiebre","11":"product_tag-gripe","12":"product_tag-ninos","13":"product_tag-resfrio","15":"first","16":"instock","17":"shipping-taxable","18":"purchasable","19":"product-type-simple","20":"entry","21":"content-bg","22":"loop-entry"},"_links":{"self":[{"href":"https:\/\/vitaminaselsalvador.net\/index.php\/wp-json\/wp\/v2\/product\/3581","targetHints":{"allow":["GET"]}}],"collection":[{"href":"https:\/\/vitaminaselsalvador.net\/index.php\/wp-json\/wp\/v2\/product"}],"about":[{"href":"https:\/\/vitaminaselsalvador.net\/index.php\/wp-json\/wp\/v2\/types\/product"}],"replies":[{"embeddable":true,"href":"https:\/\/vitaminaselsalvador.net\/index.php\/wp-json\/wp\/v2\/comments?post=3581"}],"wp:featuredmedia":[{"embeddable":true,"href":"https:\/\/vitaminaselsalvador.net\/index.php\/wp-json\/wp\/v2\/media\/3611"}],"wp:attachment":[{"href":"https:\/\/vitaminaselsalvador.net\/index.php\/wp-json\/wp\/v2\/media?parent=3581"}],"wp:term":[{"taxonomy":"product_brand","embeddable":true,"href":"https:\/\/vitaminaselsalvador.net\/index.php\/wp-json\/wp\/v2\/product_brand?post=3581"},{"taxonomy":"product_cat","embeddable":true,"href":"https:\/\/vitaminaselsalvador.net\/index.php\/wp-json\/wp\/v2\/product_cat?post=3581"},{"taxonomy":"product_tag","embeddable":true,"href":"https:\/\/vitaminaselsalvador.net\/index.php\/wp-json\/wp\/v2\/product_tag?post=3581"}],"curies":[{"name":"wp","href":"https:\/\/api.w.org\/{rel}","templated":true}]}}