{"id":3578,"date":"2022-11-02T21:17:13","date_gmt":"2022-11-03T03:17:13","guid":{"rendered":"https:\/\/vitaminaselsalvador.net\/?post_type=product&#038;p=3578"},"modified":"2025-07-08T11:05:05","modified_gmt":"2025-07-08T17:05:05","slug":"baczol-expectorante-frasco-x-120-ml","status":"publish","type":"product","link":"https:\/\/vitaminaselsalvador.net\/index.php\/product\/baczol-expectorante-frasco-x-120-ml\/","title":{"rendered":"BACZOL EXPECTORANTE FRASCO X 120 ML"},"content":{"rendered":"<p><strong><span style=\"color: #000000;\">DOSIS:<\/span><\/strong><\/p>\n<p><span style=\"color: #000000;\">No exceda m\u00e1s de 6 dosis para ni\u00f1os y adultos en un per\u00edodo de 24 horas. Adultos y ni\u00f1os de 12 a\u00f1os y m\u00e1s 2 cucharaditas (10 ml), cada 4 horas Ni\u00f1os de 6 a menos de 12 a\u00f1os 1 cucharadita (5 ml), cada 4 horas Ni\u00f1os menores de 6 a\u00f1os Consulte a un m\u00e9dico<\/span><\/p>\n<p><strong><span style=\"color: #000000;\">ADVERTENCIAS:<\/span><\/strong><\/p>\n<p><span style=\"color: #000000;\">No almacene a temperatura ambiente de 15\u00ba-30\u00baC (59\u00ba-86\u00baF). Evidencia de manipulaci\u00f3n: No lo utilice si hay evidencia de manipulaci\u00f3n.<\/span><\/p>\n<p><strong><span style=\"color: #000000;\">CONTRAINDICACIONES:<\/span><\/strong><\/p>\n<p><span style=\"color: #000000;\">Hipersensibilidad a cualquiera de los componentes. no administrar en ni\u00f1os menores de 12 a\u00f1os, conjuntamente con diur\u00e9ticos, antihipertensivos, anticoagulantes, alcohol y antidiab\u00e9ticos.<\/span><\/p>\n","protected":false},"excerpt":{"rendered":"<p><strong><span style=\"color: #000000;\">INDICACIONES:<\/span><\/strong><\/p>\n<p><span style=\"color: #000000;\">Problemas broncopulmonares agudos o cr\u00f3nicas que se acompa\u00f1an con broncoespasmo y se acompa\u00f1an con broncoespasmos y se necesita una acci\u00f3n expectorante.<\/span><\/p>\n<p><strong><span style=\"color: #000000;\">INFORMACI\u00d3N DE PRODUCTO<\/span><\/strong><\/p>\n<p><span style=\"color: #000000;\">Aroma de pl\u00e1tano, aroma de cereza, \u00e1cido c\u00edtrico, aceite de ricino hidrogenado, silicato de magnesio y aluminio, metil parabeno (como conservante), propilenglicol, propil parabeno (como conservante), agua purificada, di\u00f3xido de silicio, sorbitol, sucralosa, di\u00f3xido de titanio, aroma de vainilla, goma de xantano.<\/span><\/p>\n","protected":false},"featured_media":3608,"comment_status":"closed","ping_status":"closed","template":"","meta":{"_kad_post_transparent":"","_kad_post_title":"","_kad_post_layout":"","_kad_post_sidebar_id":"","_kad_post_content_style":"","_kad_post_vertical_padding":"","_kad_post_feature":"","_kad_post_feature_position":"","_kad_post_header":false,"_kad_post_footer":false},"product_brand":[],"product_cat":[180],"product_tag":[1252,1253,1254,1255,837,1256],"class_list":{"0":"post-3578","1":"product","2":"type-product","3":"status-publish","4":"has-post-thumbnail","6":"product_cat-laboratorios-lopez","7":"product_tag-aluminio","8":"product_tag-broncoespasmo","9":"product_tag-broncopulmonar","10":"product_tag-cronico","11":"product_tag-expectorante","12":"product_tag-magnesio","14":"first","15":"instock","16":"shipping-taxable","17":"purchasable","18":"product-type-simple","19":"entry","20":"content-bg","21":"loop-entry"},"_links":{"self":[{"href":"https:\/\/vitaminaselsalvador.net\/index.php\/wp-json\/wp\/v2\/product\/3578","targetHints":{"allow":["GET"]}}],"collection":[{"href":"https:\/\/vitaminaselsalvador.net\/index.php\/wp-json\/wp\/v2\/product"}],"about":[{"href":"https:\/\/vitaminaselsalvador.net\/index.php\/wp-json\/wp\/v2\/types\/product"}],"replies":[{"embeddable":true,"href":"https:\/\/vitaminaselsalvador.net\/index.php\/wp-json\/wp\/v2\/comments?post=3578"}],"wp:featuredmedia":[{"embeddable":true,"href":"https:\/\/vitaminaselsalvador.net\/index.php\/wp-json\/wp\/v2\/media\/3608"}],"wp:attachment":[{"href":"https:\/\/vitaminaselsalvador.net\/index.php\/wp-json\/wp\/v2\/media?parent=3578"}],"wp:term":[{"taxonomy":"product_brand","embeddable":true,"href":"https:\/\/vitaminaselsalvador.net\/index.php\/wp-json\/wp\/v2\/product_brand?post=3578"},{"taxonomy":"product_cat","embeddable":true,"href":"https:\/\/vitaminaselsalvador.net\/index.php\/wp-json\/wp\/v2\/product_cat?post=3578"},{"taxonomy":"product_tag","embeddable":true,"href":"https:\/\/vitaminaselsalvador.net\/index.php\/wp-json\/wp\/v2\/product_tag?post=3578"}],"curies":[{"name":"wp","href":"https:\/\/api.w.org\/{rel}","templated":true}]}}