{"id":3577,"date":"2022-11-02T21:17:12","date_gmt":"2022-11-03T03:17:12","guid":{"rendered":"https:\/\/vitaminaselsalvador.net\/?post_type=product&#038;p=3577"},"modified":"2025-07-08T11:05:05","modified_gmt":"2025-07-08T17:05:05","slug":"colitisil-48-tabletas","status":"publish","type":"product","link":"https:\/\/vitaminaselsalvador.net\/index.php\/product\/colitisil-48-tabletas\/","title":{"rendered":"Colitisil 48 tabletas"},"content":{"rendered":"<p><strong><span style=\"color: #000000;\">DOSIS:<\/span><\/strong><br \/>\n<span style=\"color: #000000;\">Adultos 1 tableta 3 veces al d\u00eda despu\u00e9s de cada comida. En caso cr\u00f3nico puede duplicar la dosis.<\/span><\/p>\n<p><strong><span style=\"color: #000000;\">COMPOSICI\u00d3N:<\/span><\/strong><br \/>\n<span style=\"color: #000000;\">Cada tableta contiene:<\/span><\/p>\n<p><span style=\"color: #000000;\">Hinojo &#8212;&#8212;&#8212;&#8212;&#8212;&#8212;&#8212; 10.00MG<\/span><br \/>\n<span style=\"color: #000000;\">An\u00eds &#8212;&#8212;&#8212;&#8212;&#8212;&#8212;&#8212;&#8212; 30.00MG<\/span><br \/>\n<span style=\"color: #000000;\">Lipasa &#8212;&#8212;&#8212;&#8212;&#8212;&#8212;&#8212;\u00a0 \u00a05.00MG<\/span><br \/>\n<span style=\"color: #000000;\">Estracto de Papaina &#8212; 30.00MG<\/span><br \/>\n<span style=\"color: #000000;\">Estracto de Bromelina &#8211; 50.00MG<\/span><br \/>\n<span style=\"color: #000000;\">Alcachofa &#8212;&#8212;&#8212;&#8212;&#8212;&#8211; 30.00MG<\/span><\/p>\n","protected":false},"excerpt":{"rendered":"<p><strong><span style=\"color: #000000;\">ENZIMAS DIGESTIVAS.<\/span><\/strong><\/p>\n<p><span style=\"color: #000000;\">Presentaci\u00f3n: Caja contiene 48 Tabletas.<\/span><\/p>\n<p><strong><span style=\"color: #000000;\">INDICACIONES Y ACCI\u00d3N TERAP\u00c9UTICA:<\/span><\/strong><\/p>\n<p><span style=\"color: #000000;\">Recomendado para trastornos digestivos en general, Colitis y Meteorismo. Favorece el metabolismo del H\u00edgado y el funcionamiento de la ves\u00edcula Biliar.<\/span><\/p>\n","protected":false},"featured_media":3607,"comment_status":"closed","ping_status":"closed","template":"","meta":{"_kad_post_transparent":"","_kad_post_title":"","_kad_post_layout":"","_kad_post_sidebar_id":"","_kad_post_content_style":"","_kad_post_vertical_padding":"","_kad_post_feature":"","_kad_post_feature_position":"","_kad_post_header":false,"_kad_post_footer":false},"product_brand":[],"product_cat":[424],"product_tag":[1246,1247,1248,1249,1250,1251],"class_list":{"0":"post-3577","1":"product","2":"type-product","3":"status-publish","4":"has-post-thumbnail","6":"product_cat-laboratorios-suizos","7":"product_tag-colitis","8":"product_tag-enzimas-digestivas","9":"product_tag-higado","10":"product_tag-meteorismo","11":"product_tag-natural","12":"product_tag-vesicula-biliar","14":"first","15":"instock","16":"shipping-taxable","17":"purchasable","18":"product-type-simple","19":"entry","20":"content-bg","21":"loop-entry"},"_links":{"self":[{"href":"https:\/\/vitaminaselsalvador.net\/index.php\/wp-json\/wp\/v2\/product\/3577","targetHints":{"allow":["GET"]}}],"collection":[{"href":"https:\/\/vitaminaselsalvador.net\/index.php\/wp-json\/wp\/v2\/product"}],"about":[{"href":"https:\/\/vitaminaselsalvador.net\/index.php\/wp-json\/wp\/v2\/types\/product"}],"replies":[{"embeddable":true,"href":"https:\/\/vitaminaselsalvador.net\/index.php\/wp-json\/wp\/v2\/comments?post=3577"}],"wp:featuredmedia":[{"embeddable":true,"href":"https:\/\/vitaminaselsalvador.net\/index.php\/wp-json\/wp\/v2\/media\/3607"}],"wp:attachment":[{"href":"https:\/\/vitaminaselsalvador.net\/index.php\/wp-json\/wp\/v2\/media?parent=3577"}],"wp:term":[{"taxonomy":"product_brand","embeddable":true,"href":"https:\/\/vitaminaselsalvador.net\/index.php\/wp-json\/wp\/v2\/product_brand?post=3577"},{"taxonomy":"product_cat","embeddable":true,"href":"https:\/\/vitaminaselsalvador.net\/index.php\/wp-json\/wp\/v2\/product_cat?post=3577"},{"taxonomy":"product_tag","embeddable":true,"href":"https:\/\/vitaminaselsalvador.net\/index.php\/wp-json\/wp\/v2\/product_tag?post=3577"}],"curies":[{"name":"wp","href":"https:\/\/api.w.org\/{rel}","templated":true}]}}