{"id":3574,"date":"2022-11-02T21:17:12","date_gmt":"2022-11-03T03:17:12","guid":{"rendered":"https:\/\/vitaminaselsalvador.net\/?post_type=product&#038;p=3574"},"modified":"2025-07-08T11:05:05","modified_gmt":"2025-07-08T17:05:05","slug":"colageno-hidrolizado-30-sobres","status":"publish","type":"product","link":"https:\/\/vitaminaselsalvador.net\/index.php\/product\/colageno-hidrolizado-30-sobres\/","title":{"rendered":"COL\u00c1GENO HIDROLIZADO 30 Sobres"},"content":{"rendered":"<p><span style=\"color: #000000;\">Polvo para preparar bebida a base de prote\u00edna hidrolizada. 100% Col\u00e1geno Hidrolizado. No tiene sabor, no altera la bebida. Libre de grasas y az\u00facar.<\/span><\/p>\n<p>&nbsp;<\/p>\n<p><strong><span style=\"color: #000000;\">SUPLEMENTO NUTRICIONAL<\/span><\/strong><\/p>\n<p>&nbsp;<\/p>\n<p><strong><span style=\"color: #000000;\">Descripci\u00f3n:<\/span><\/strong><\/p>\n<p><strong><span style=\"color: #000000;\">Nombre Ingrediente\u00a0\u00a0\u00a0\u00a0\u00a0\u00a0 \u00a0\u00a0\u00a0\u00a0\u00a0\u00a0\u00a0\u00a0\u00a0\u00a0\u00a0\u00a0\u00a0\u00a0 Cantidad<\/span><\/strong><\/p>\n<p><span style=\"color: #000000;\">Col\u00e1geno Hidrolizado &#8212;&#8212;&#8212;&#8212;- 10.00GR<\/span><\/p>\n<p><span style=\"color: #000000;\">Sodio &#8212;&#8212;&#8212;&#8212;&#8212;&#8212;&#8212;&#8212;&#8212;&#8212;&#8212;- 30.00MG<\/span><\/p>\n<p><span style=\"color: #000000;\">Prote\u00ednas &#8212;&#8212;&#8212;&#8212;&#8212;&#8212;&#8212;&#8212;&#8212;&#8211; 9.10GR<\/span><\/p>\n","protected":false},"excerpt":{"rendered":"<p><span style=\"color: #000000;\">El col\u00e1geno hidrolizado te ayuda a estimular la producci\u00f3n de col\u00e1geno natural de tu cuerpo, lo que podr\u00eda contribuir a una adecuada Salud Articular y as\u00ed mejorar tu calidad de vida<\/span><\/p>\n<p><span style=\"color: #000000;\">El col\u00e1geno es una prote\u00edna que\u00a0forma la estructura de los huesos\u00a0y de todos los dem\u00e1s componentes de la articulaci\u00f3n (cart\u00edlagos, ligamentos y tendones). Adem\u00e1s, aporta grosor, resistencia y elasticidad.<\/span><\/p>\n<p><span style=\"color: #000000;\">Con las dosis adecuadas de col\u00e1geno se pueden evitar enfermedades como la\u00a0osteoporosis y la inflamaci\u00f3n de articulaciones\u00a0que suelen desgastarse con el paso del tiempo, como hombros, codos, caderas y manos.<\/span><\/p>\n","protected":false},"featured_media":3604,"comment_status":"closed","ping_status":"closed","template":"","meta":{"_kad_post_transparent":"","_kad_post_title":"","_kad_post_layout":"","_kad_post_sidebar_id":"","_kad_post_content_style":"","_kad_post_vertical_padding":"","_kad_post_feature":"","_kad_post_feature_position":"","_kad_post_header":false,"_kad_post_footer":false},"product_brand":[],"product_cat":[94],"product_tag":[1220,1221,1222,1223,1224,1225,1226,1227,1228,1229,1230,1231],"class_list":{"0":"post-3574","1":"product","2":"type-product","3":"status-publish","4":"has-post-thumbnail","6":"product_cat-laboratorios-vijosa","7":"product_tag-caderas","8":"product_tag-cartilagos","9":"product_tag-codos","10":"product_tag-colageno","11":"product_tag-elasticidad","12":"product_tag-grosor","13":"product_tag-hidrolizado","14":"product_tag-hombros","15":"product_tag-ligamentos","16":"product_tag-manos","17":"product_tag-resistencia","18":"product_tag-tendones","20":"first","21":"instock","22":"shipping-taxable","23":"purchasable","24":"product-type-simple","25":"entry","26":"content-bg","27":"loop-entry"},"_links":{"self":[{"href":"https:\/\/vitaminaselsalvador.net\/index.php\/wp-json\/wp\/v2\/product\/3574","targetHints":{"allow":["GET"]}}],"collection":[{"href":"https:\/\/vitaminaselsalvador.net\/index.php\/wp-json\/wp\/v2\/product"}],"about":[{"href":"https:\/\/vitaminaselsalvador.net\/index.php\/wp-json\/wp\/v2\/types\/product"}],"replies":[{"embeddable":true,"href":"https:\/\/vitaminaselsalvador.net\/index.php\/wp-json\/wp\/v2\/comments?post=3574"}],"wp:featuredmedia":[{"embeddable":true,"href":"https:\/\/vitaminaselsalvador.net\/index.php\/wp-json\/wp\/v2\/media\/3604"}],"wp:attachment":[{"href":"https:\/\/vitaminaselsalvador.net\/index.php\/wp-json\/wp\/v2\/media?parent=3574"}],"wp:term":[{"taxonomy":"product_brand","embeddable":true,"href":"https:\/\/vitaminaselsalvador.net\/index.php\/wp-json\/wp\/v2\/product_brand?post=3574"},{"taxonomy":"product_cat","embeddable":true,"href":"https:\/\/vitaminaselsalvador.net\/index.php\/wp-json\/wp\/v2\/product_cat?post=3574"},{"taxonomy":"product_tag","embeddable":true,"href":"https:\/\/vitaminaselsalvador.net\/index.php\/wp-json\/wp\/v2\/product_tag?post=3574"}],"curies":[{"name":"wp","href":"https:\/\/api.w.org\/{rel}","templated":true}]}}