{"id":3572,"date":"2022-11-02T21:17:12","date_gmt":"2022-11-03T03:17:12","guid":{"rendered":"https:\/\/vitaminaselsalvador.net\/?post_type=product&#038;p=3572"},"modified":"2025-07-08T11:05:04","modified_gmt":"2025-07-08T17:05:04","slug":"diclosil-50-mg-20-tabletas","status":"publish","type":"product","link":"https:\/\/vitaminaselsalvador.net\/index.php\/product\/diclosil-50-mg-20-tabletas\/","title":{"rendered":"DICLOSIL 50 mg 20 Tabletas"},"content":{"rendered":"<p><strong><span style=\"color: #000000;\">COMPOSICI\u00d3N TABLETAS: <\/span><\/strong><\/p>\n<p><span style=\"color: #000000;\">Cada c\u00e1psula contiene:<\/span><\/p>\n<p><span style=\"color: #000000;\">Diclofenac Pot\u00e1sico 50 mg.<\/span><\/p>\n<p><strong><span style=\"color: #000000;\">CONTRA-INDICACIONES<\/span><\/strong><\/p>\n<p><span style=\"color: #000000;\">Contraindicado en presencia de \u00falcera g\u00e1strica o intestinal, hipersensibilidad conocida a la sustancia activa, al metabisulfito y a otros excipientes. Est\u00e1 contraindicado en pacientes que han tenido asma, urticaria o rinitis aguda despu\u00e9s de la administraci\u00f3n de \u00e1cido acetilsalic\u00edlico u otros medicamentos<\/span><br \/>\n<span style=\"color: #000000;\">que inhiben la prostaglandina sintetasa. En presencia de hipertensi\u00f3n arterial severa, insuficiencia cardiaca, renal y hep\u00e1tica.<\/span><\/p>\n","protected":false},"excerpt":{"rendered":"<p><strong><span style=\"color: #000000;\">INDICACIONES Y ACCI\u00d3N TERAP\u00c9UTICA:<\/span><\/strong><\/p>\n<p><span style=\"color: #000000;\">Dolor y procesos inflamatorios agudos y cr\u00f3nicos. Analg\u00e9sico antiinflamatorio en procesos reum\u00e1ticos tales como artritis reumatitis, reumatoidea, espondilitis anquilosante y en el tratamiento de dismenorreas primarias, artrosis, lumbalgia, gota en fase aguda; tratamiento agudo de la crisis de migra\u00f1a con o sin agua; dolor postquir\u00fargico y postraum\u00e1tico, cefalea, s\u00edndrome febril, procesos odontol\u00f3gicos \u00f3ticos.<\/span><\/p>\n<p>&nbsp;<\/p>\n<p><strong><span style=\"color: #000000;\">DOSIS TABLETAS: <\/span><\/strong><\/p>\n<p><span style=\"color: #000000;\">Usualmente 1 tableta cada 8 horas o cada 12 horas o seg\u00fan indicaci\u00f3n medica.<\/span><\/p>\n","protected":false},"featured_media":3602,"comment_status":"closed","ping_status":"closed","template":"","meta":{"_kad_post_transparent":"","_kad_post_title":"","_kad_post_layout":"","_kad_post_sidebar_id":"","_kad_post_content_style":"","_kad_post_vertical_padding":"","_kad_post_feature":"","_kad_post_feature_position":"","_kad_post_header":false,"_kad_post_footer":false},"product_brand":[],"product_cat":[424],"product_tag":[708,355,411,219,1211,917,365,300],"class_list":{"0":"post-3572","1":"product","2":"type-product","3":"status-publish","4":"has-post-thumbnail","6":"product_cat-laboratorios-suizos","7":"product_tag-antiinflamatorio","8":"product_tag-artritis","9":"product_tag-artrosis","10":"product_tag-cefalea","11":"product_tag-gota","12":"product_tag-inflamacion","13":"product_tag-migrana","14":"product_tag-reuma","16":"first","17":"instock","18":"shipping-taxable","19":"purchasable","20":"product-type-simple","21":"entry","22":"content-bg","23":"loop-entry"},"_links":{"self":[{"href":"https:\/\/vitaminaselsalvador.net\/index.php\/wp-json\/wp\/v2\/product\/3572","targetHints":{"allow":["GET"]}}],"collection":[{"href":"https:\/\/vitaminaselsalvador.net\/index.php\/wp-json\/wp\/v2\/product"}],"about":[{"href":"https:\/\/vitaminaselsalvador.net\/index.php\/wp-json\/wp\/v2\/types\/product"}],"replies":[{"embeddable":true,"href":"https:\/\/vitaminaselsalvador.net\/index.php\/wp-json\/wp\/v2\/comments?post=3572"}],"wp:featuredmedia":[{"embeddable":true,"href":"https:\/\/vitaminaselsalvador.net\/index.php\/wp-json\/wp\/v2\/media\/3602"}],"wp:attachment":[{"href":"https:\/\/vitaminaselsalvador.net\/index.php\/wp-json\/wp\/v2\/media?parent=3572"}],"wp:term":[{"taxonomy":"product_brand","embeddable":true,"href":"https:\/\/vitaminaselsalvador.net\/index.php\/wp-json\/wp\/v2\/product_brand?post=3572"},{"taxonomy":"product_cat","embeddable":true,"href":"https:\/\/vitaminaselsalvador.net\/index.php\/wp-json\/wp\/v2\/product_cat?post=3572"},{"taxonomy":"product_tag","embeddable":true,"href":"https:\/\/vitaminaselsalvador.net\/index.php\/wp-json\/wp\/v2\/product_tag?post=3572"}],"curies":[{"name":"wp","href":"https:\/\/api.w.org\/{rel}","templated":true}]}}