{"id":3571,"date":"2022-11-02T21:17:12","date_gmt":"2022-11-03T03:17:12","guid":{"rendered":"https:\/\/vitaminaselsalvador.net\/?post_type=product&#038;p=3571"},"modified":"2025-07-08T11:05:04","modified_gmt":"2025-07-08T17:05:04","slug":"azitromicina-3-tabletas","status":"publish","type":"product","link":"https:\/\/vitaminaselsalvador.net\/index.php\/product\/azitromicina-3-tabletas\/","title":{"rendered":"AZITROMICINA 3 Tabletas"},"content":{"rendered":"<p><strong><span style=\"color: #000000;\">DOSIFICACI\u00d3N<\/span><\/strong><\/p>\n<p><span style=\"color: #000000;\">1 tableta de 500 mg cada 24 horas por 3 d\u00edas.<\/span><\/p>\n<p>&nbsp;<\/p>\n<p><strong><span style=\"color: #000000;\">CONTRAINDICACIONES Y ADVERTENCIAS<\/span><\/strong><\/p>\n<p><span style=\"color: #000000;\">Hipersensibilidad a la azitromicina o a cualquiera de los antibi\u00f3ticos macr\u00f3lidos.<\/span><br \/>\n<span style=\"color: #000000;\">El uso simult\u00e1neo con cisaprida, fenotiazinas, pimozida, y ranolazina est\u00e1 contraindicado. No usar en ni\u00f1os menores de 6 meses ni en ni\u00f1os de menos de 6 kilos de peso.<\/span><\/p>\n","protected":false},"excerpt":{"rendered":"<p><span style=\"color: #000000;\">La azitromicina act\u00faa inhibiendo la s\u00edntesis de prote\u00ednas por las bacterias. La azitromicina se distribuye ampliamente por todos los tejidos y subsecuentemente las concentraciones tisulares se mantienen mucho m\u00e1s elevadas que en sangre. se excreta en la bilis como metabolitos y medicamento sin cambios.<\/span><\/p>\n<p><strong><span style=\"color: #000000;\">INDICACIONES<\/span><\/strong><\/p>\n<p><span style=\"color: #000000;\">Tratamiento de infecciones por organismos susceptibles como:<\/span><br \/>\n<span style=\"color: #000000;\">Infecciones del tracto respiratorio (sinusitis, faringoamigdalitis, bronquitis, neumon\u00eda). Otitis media. Infecciones de piel y tejidos blandos. Infecciones de transmisi\u00f3n sexual (por Chlamydia trachomatis y Neisseria gonorrhoeae)<\/span><\/p>\n","protected":false},"featured_media":3601,"comment_status":"closed","ping_status":"closed","template":"","meta":{"_kad_post_transparent":"","_kad_post_title":"","_kad_post_layout":"","_kad_post_sidebar_id":"","_kad_post_content_style":"","_kad_post_vertical_padding":"","_kad_post_feature":"","_kad_post_feature_position":"","_kad_post_header":false,"_kad_post_footer":false},"product_brand":[],"product_cat":[295],"product_tag":[],"class_list":{"0":"post-3571","1":"product","2":"type-product","3":"status-publish","4":"has-post-thumbnail","6":"product_cat-laboratorios-saimed","8":"first","9":"instock","10":"shipping-taxable","11":"purchasable","12":"product-type-simple","13":"entry","14":"content-bg","15":"loop-entry"},"_links":{"self":[{"href":"https:\/\/vitaminaselsalvador.net\/index.php\/wp-json\/wp\/v2\/product\/3571","targetHints":{"allow":["GET"]}}],"collection":[{"href":"https:\/\/vitaminaselsalvador.net\/index.php\/wp-json\/wp\/v2\/product"}],"about":[{"href":"https:\/\/vitaminaselsalvador.net\/index.php\/wp-json\/wp\/v2\/types\/product"}],"replies":[{"embeddable":true,"href":"https:\/\/vitaminaselsalvador.net\/index.php\/wp-json\/wp\/v2\/comments?post=3571"}],"wp:featuredmedia":[{"embeddable":true,"href":"https:\/\/vitaminaselsalvador.net\/index.php\/wp-json\/wp\/v2\/media\/3601"}],"wp:attachment":[{"href":"https:\/\/vitaminaselsalvador.net\/index.php\/wp-json\/wp\/v2\/media?parent=3571"}],"wp:term":[{"taxonomy":"product_brand","embeddable":true,"href":"https:\/\/vitaminaselsalvador.net\/index.php\/wp-json\/wp\/v2\/product_brand?post=3571"},{"taxonomy":"product_cat","embeddable":true,"href":"https:\/\/vitaminaselsalvador.net\/index.php\/wp-json\/wp\/v2\/product_cat?post=3571"},{"taxonomy":"product_tag","embeddable":true,"href":"https:\/\/vitaminaselsalvador.net\/index.php\/wp-json\/wp\/v2\/product_tag?post=3571"}],"curies":[{"name":"wp","href":"https:\/\/api.w.org\/{rel}","templated":true}]}}