{"id":3569,"date":"2022-11-02T21:17:11","date_gmt":"2022-11-03T03:17:11","guid":{"rendered":"https:\/\/vitaminaselsalvador.net\/?post_type=product&#038;p=3569"},"modified":"2025-07-08T11:05:03","modified_gmt":"2025-07-08T17:05:03","slug":"dolo-neurobion-dc-caja-de-3-ampollas-inyectables","status":"publish","type":"product","link":"https:\/\/vitaminaselsalvador.net\/index.php\/product\/dolo-neurobion-dc-caja-de-3-ampollas-inyectables\/","title":{"rendered":"DOLO NEUROBION DC CAJA DE 3 AMPOLLAS INYECTABLES"},"content":{"rendered":"<address style=\"text-align: center;\">\u00a0<\/address>\n<address style=\"text-align: center;\"><strong><span style=\"color: #000000;\">Presentaci\u00f3n: <\/span><\/strong><br \/>\n<strong><span style=\"color: #000000;\">Dolo-Neurobi\u00f3n\u00ae DC: Caja con 3 jeringas prellenada de doble c\u00e1mara con 3 mL de soluci\u00f3n<\/span><\/strong><strong><span style=\"color: #000000;\"><br \/>\n<\/span><\/strong><\/address>\n<address style=\"text-align: center;\">\u00a0<\/address>\n<address style=\"text-align: center;\"><strong><span style=\"color: #000000;\">Merck ejecut\u00f3 un innovador desarrollo tecnol\u00f3gico en DOLO NEUROBION\u00ae para ofrecer al paciente mayor comodidad y eficacia.<\/span><\/strong><strong><span style=\"color: #000000;\"> Por lo tanto, desarroll\u00f3 un nuevo dispositivo de aplicaci\u00f3n, llamado Doble C\u00e1mara (DC), que consiste en dos c\u00e1maras que permiten que los componentes se mezclen en una sola jeringa para ser administrados con mayor seguridad al paciente. <\/span><\/strong><\/address>\n<address style=\"text-align: center;\"><strong><span style=\"color: #000000;\">Esta tecnolog\u00eda es la primera y \u00fanica en este tipo de medicamentos. <\/span><\/strong><\/address>\n<address style=\"text-align: center;\"><strong><span style=\"color: #000000;\">As\u00ed surge DOLO NEUROBION\u00ae DC (Doble C\u00e1mara).<\/span><\/strong><br \/>\n<strong><span style=\"color: #000000;\">Esta innovaci\u00f3n es el reflejo de la perseverancia por mantenerse como pioneros y ofrecer ventajas que ning\u00fan competidor hoy en d\u00eda puede brindar.<\/span><\/strong><br \/>\n<strong><span style=\"color: #000000;\">Merck cuenta con 50 a\u00f1os de experiencia en el desarrollo de diferentes formulaciones de vitaminas del complejo B, con una preocupaci\u00f3n constante para ofrecer a los pacientes innovaci\u00f3n. <\/span><\/strong><strong><span style=\"color: #000000;\">La tecnolog\u00eda DC trae consigo beneficios significativos para el paciente; y por otro lado con esta tecnolog\u00eda, se evita el desarrollo de falsificaciones.<\/span><\/strong><\/address>\n","protected":false},"excerpt":{"rendered":"<address style=\"text-align: center;\">\n<h2><strong><span style=\"color: #0000ff;\">Caja contiene (3 Inyecciones)<\/span><\/strong><\/h2>\n<\/address>\n<p>&nbsp;<\/p>\n<p style=\"text-align: center;\"><strong><span style=\"color: #000000;\">Indicaciones <\/span><\/strong><\/p>\n<p style=\"text-align: center;\"><strong><span style=\"color: #000000;\">La combinaci\u00f3n de las vitaminas B12, B6 y B1 posee un efecto analg\u00e9sico y neuro regenerador sin\u00e9rgico. <\/span><\/strong><\/p>\n<address style=\"text-align: center;\"><strong><span style=\"color: #000000;\">Dolo-Neurobi\u00f3n\u00ae DC <\/span><\/strong><\/address>\n","protected":false},"featured_media":3599,"comment_status":"closed","ping_status":"closed","template":"","meta":{"_kad_post_transparent":"","_kad_post_title":"","_kad_post_layout":"","_kad_post_sidebar_id":"","_kad_post_content_style":"","_kad_post_vertical_padding":"","_kad_post_feature":"","_kad_post_feature_position":"","_kad_post_header":false,"_kad_post_footer":false},"product_brand":[],"product_cat":[549,104,305,214,1160,166],"product_tag":[563,564,565,566,567,474,540,300,301],"class_list":{"0":"post-3569","1":"product","2":"type-product","3":"status-publish","4":"has-post-thumbnail","6":"product_cat-ampolla-intramuscular","7":"product_cat-artritis","8":"product_cat-merck","9":"product_cat-para-el-dolor-y-fiebre","10":"product_cat-sin-categorizar","11":"product_cat-todo-dolor-y-vitaminas","12":"product_tag-dolo-neurobion","13":"product_tag-dolo-neurobion-original-amazon","14":"product_tag-dolo-neurobion-original-ebay","15":"product_tag-dolo-neurobion-original-el-salvador","16":"product_tag-dolo-neurobion-para-que-sirve","17":"product_tag-dolor-por-reuma","18":"product_tag-para-el-reumatismo","19":"product_tag-reuma","20":"product_tag-reumatismo","22":"first","23":"instock","24":"shipping-taxable","25":"purchasable","26":"product-type-simple","27":"entry","28":"content-bg","29":"loop-entry"},"_links":{"self":[{"href":"https:\/\/vitaminaselsalvador.net\/index.php\/wp-json\/wp\/v2\/product\/3569","targetHints":{"allow":["GET"]}}],"collection":[{"href":"https:\/\/vitaminaselsalvador.net\/index.php\/wp-json\/wp\/v2\/product"}],"about":[{"href":"https:\/\/vitaminaselsalvador.net\/index.php\/wp-json\/wp\/v2\/types\/product"}],"replies":[{"embeddable":true,"href":"https:\/\/vitaminaselsalvador.net\/index.php\/wp-json\/wp\/v2\/comments?post=3569"}],"wp:featuredmedia":[{"embeddable":true,"href":"https:\/\/vitaminaselsalvador.net\/index.php\/wp-json\/wp\/v2\/media\/3599"}],"wp:attachment":[{"href":"https:\/\/vitaminaselsalvador.net\/index.php\/wp-json\/wp\/v2\/media?parent=3569"}],"wp:term":[{"taxonomy":"product_brand","embeddable":true,"href":"https:\/\/vitaminaselsalvador.net\/index.php\/wp-json\/wp\/v2\/product_brand?post=3569"},{"taxonomy":"product_cat","embeddable":true,"href":"https:\/\/vitaminaselsalvador.net\/index.php\/wp-json\/wp\/v2\/product_cat?post=3569"},{"taxonomy":"product_tag","embeddable":true,"href":"https:\/\/vitaminaselsalvador.net\/index.php\/wp-json\/wp\/v2\/product_tag?post=3569"}],"curies":[{"name":"wp","href":"https:\/\/api.w.org\/{rel}","templated":true}]}}