{"id":3558,"date":"2022-11-02T21:16:47","date_gmt":"2022-11-03T03:16:47","guid":{"rendered":"https:\/\/vitaminaselsalvador.net\/?post_type=product&#038;p=3558"},"modified":"2025-07-08T11:05:03","modified_gmt":"2025-07-08T17:05:03","slug":"dolo-neurobion-xr-tabletas-recubiertas","status":"publish","type":"product","link":"https:\/\/vitaminaselsalvador.net\/index.php\/product\/dolo-neurobion-xr-tabletas-recubiertas\/","title":{"rendered":"Dolo Neurobion XR Tabletas Recubiertas"},"content":{"rendered":"<p style=\"text-align: center;\"><span style=\"color: #000000;\"><strong><em>Se recomienda utilizar <a href=\"https:\/\/vitaminas.comprarenelsalvador.com\/shop\/neurobion-tabletas-recubiertas\/\">Neurobion\u00ae<\/a> en caso de deficiencia de vitamina B y utilizar <span style=\"color: #0000ff;\">Dolo-Neurobi\u00f3n\u00ae XR<\/span> \u00fanicamente si se presenta dolor, especialmente en casos de dolor cr\u00f3nico, dolor mixto (mezcla de dolor nociceptivo con dolor neurop\u00e1tico) y en fases iniciales de dolor neurop\u00e1tico.<\/em><\/strong><\/span><\/p>\n<p style=\"text-align: center;\"><span style=\"color: #000000;\"><strong><em><span style=\"color: #ff0000;\">Advertencia:<\/span> <\/em><\/strong><\/span><\/p>\n<p style=\"text-align: center;\"><span style=\"color: #000000;\"><strong><em>Evite la automedicaci\u00f3n y consulte a un Profesional de la Salud. <\/em><\/strong><\/span><\/p>\n<p style=\"text-align: center;\"><span style=\"color: #000000;\"><strong><em>Mantenga alejado del alcance de los ni\u00f1os. <\/em><\/strong><\/span><\/p>\n<p style=\"text-align: center;\"><span style=\"color: #000000;\"><strong><em>Guardar en un lugar fresco y seco. <\/em><\/strong><\/span><\/p>\n<p style=\"text-align: center;\"><span style=\"color: #000000;\"><strong><em>No lo use si el sello externo est\u00e1 roto o falta.<\/em><\/strong><\/span><\/p>\n","protected":false},"excerpt":{"rendered":"<p style=\"text-align: center;\"><span style=\"color: #000000;\"><strong><em>Dolo-Neurobi\u00f3n XR \/ Caja de 60 Tabletas recubiertas de liberaci\u00f3n prolongada<\/em><\/strong><\/span><\/p>\n<p style=\"text-align: center;\"><span style=\"color: #ff0000;\"><strong><em>Qu\u00e9 es dolo-Neurobion XR?<\/em><\/strong><\/span><\/p>\n<p style=\"text-align: center;\"><span style=\"color: #000000;\"><strong><em>Dolo-Neurobi\u00f3n XR es una combinaci\u00f3n de las vitaminas neurotropas del complejo B (B 1, B6, B12 ) y Diclofenaco, con efecto analg\u00e9sico, antiinflamatorio y antineur\u00edtico.<\/em><\/strong><\/span><\/p>\n<p style=\"text-align: center;\"><span style=\"color: #000000;\"><strong><em>Est\u00e1 indicado para neuritis y neuralgias, tales como s\u00edndrome cervical, lumbago y ci\u00e1tica. <\/em><\/strong><\/span><\/p>\n<p style=\"text-align: center;\"><span style=\"color: #000000;\"><strong><em>Procesos reum\u00e1ticos dolorosos tanto inflamatorios como degenerativos activados por inflamaci\u00f3n, por ejemplo: <span style=\"color: #ff0000;\">Artrosis, artritis reumatoidea, osteoartritis, espondiloartrosis, poliartritis anquilosante, ataque agudo de gota<\/span>, des\u00f3rdenes periarticulares tales como <span style=\"color: #ff0000;\">bursitis y tendinitis<\/span>. <\/em><\/strong><\/span><\/p>\n<p style=\"text-align: center;\"><span style=\"color: #000000;\"><strong><em>Reumatismo de los tejidos blandos. <\/em><\/strong><\/span><\/p>\n<p style=\"text-align: center;\"><span style=\"color: #000000;\"><strong><em>Afecciones inflamatorias dolorosas no reum\u00e1ticas.<\/em><\/strong><\/span><\/p>\n","protected":false},"featured_media":3598,"comment_status":"closed","ping_status":"closed","template":"","meta":{"_kad_post_transparent":"","_kad_post_title":"","_kad_post_layout":"","_kad_post_sidebar_id":"","_kad_post_content_style":"","_kad_post_vertical_padding":"","_kad_post_feature":"","_kad_post_feature_position":"","_kad_post_header":false,"_kad_post_footer":false},"product_brand":[],"product_cat":[235],"product_tag":[1198,1199,1200,1201,1202,1203,1204,1205],"class_list":{"0":"post-3558","1":"product","2":"type-product","3":"status-publish","4":"has-post-thumbnail","6":"product_cat-artritis-artrosis-reuma","7":"product_tag-como-se-toma-dolo-neurobion-xr","8":"product_tag-dolo-neurobion-n","9":"product_tag-dolo-neurobion-xr-da-sueno","10":"product_tag-dolo-neurobion-xr-inyeccion","11":"product_tag-dolo-neurobion-xr-para-que-sirve","12":"product_tag-dolo-neurobion-xr-precio","13":"product_tag-dolo-neurocion-xr-vademecum","14":"product_tag-que-contiene-dolo-neurobion-xr","16":"first","17":"instock","18":"shipping-taxable","19":"purchasable","20":"product-type-simple","21":"entry","22":"content-bg","23":"loop-entry"},"_links":{"self":[{"href":"https:\/\/vitaminaselsalvador.net\/index.php\/wp-json\/wp\/v2\/product\/3558","targetHints":{"allow":["GET"]}}],"collection":[{"href":"https:\/\/vitaminaselsalvador.net\/index.php\/wp-json\/wp\/v2\/product"}],"about":[{"href":"https:\/\/vitaminaselsalvador.net\/index.php\/wp-json\/wp\/v2\/types\/product"}],"replies":[{"embeddable":true,"href":"https:\/\/vitaminaselsalvador.net\/index.php\/wp-json\/wp\/v2\/comments?post=3558"}],"wp:featuredmedia":[{"embeddable":true,"href":"https:\/\/vitaminaselsalvador.net\/index.php\/wp-json\/wp\/v2\/media\/3598"}],"wp:attachment":[{"href":"https:\/\/vitaminaselsalvador.net\/index.php\/wp-json\/wp\/v2\/media?parent=3558"}],"wp:term":[{"taxonomy":"product_brand","embeddable":true,"href":"https:\/\/vitaminaselsalvador.net\/index.php\/wp-json\/wp\/v2\/product_brand?post=3558"},{"taxonomy":"product_cat","embeddable":true,"href":"https:\/\/vitaminaselsalvador.net\/index.php\/wp-json\/wp\/v2\/product_cat?post=3558"},{"taxonomy":"product_tag","embeddable":true,"href":"https:\/\/vitaminaselsalvador.net\/index.php\/wp-json\/wp\/v2\/product_tag?post=3558"}],"curies":[{"name":"wp","href":"https:\/\/api.w.org\/{rel}","templated":true}]}}