{"id":3556,"date":"2022-11-02T21:16:46","date_gmt":"2022-11-03T03:16:46","guid":{"rendered":"https:\/\/vitaminaselsalvador.net\/?post_type=product&#038;p=3556"},"modified":"2025-07-08T11:05:03","modified_gmt":"2025-07-08T17:05:03","slug":"aloe-vera-sabila-2-pack","status":"publish","type":"product","link":"https:\/\/vitaminaselsalvador.net\/index.php\/product\/aloe-vera-sabila-2-pack\/","title":{"rendered":"ALOE VERA S\u00c1BILA 2 PACK"},"content":{"rendered":"<p style=\"text-align: center;\"><span style=\"color: #000000;\">PROPIEDADES TERAP\u00c9UTICAS:<\/span><br \/>\n<span style=\"color: #000000;\">La planta de Aloe Vera posee beneficios en el alivio de las ulceras gastrointestinales, problemas renales, efecto laxante suave, proliferante celular.<\/span><\/p>\n","protected":false},"excerpt":{"rendered":"<p style=\"text-align: center;\"><span style=\"color: #000000;\">INDICACIONES:<\/span><br \/>\n<span style=\"color: #000000;\">Gastritis y \u00falceras gastrointestinales, mejora la digesti\u00f3n y la fermentaci\u00f3n intestinal<\/span><\/p>\n","protected":false},"featured_media":3596,"comment_status":"closed","ping_status":"closed","template":"","meta":{"_kad_post_transparent":"","_kad_post_title":"","_kad_post_layout":"","_kad_post_sidebar_id":"","_kad_post_content_style":"","_kad_post_vertical_padding":"","_kad_post_feature":"","_kad_post_feature_position":"","_kad_post_header":false,"_kad_post_footer":false},"product_brand":[],"product_cat":[1188],"product_tag":[1189,1190,1191,1192,1193],"class_list":{"0":"post-3556","1":"product","2":"type-product","3":"status-publish","4":"has-post-thumbnail","6":"product_cat-producto-natural","7":"product_tag-aloe-vera-sabila","8":"product_tag-fermentacion-intestinal","9":"product_tag-gastritis","10":"product_tag-mejora-la-digestion","11":"product_tag-ulceras-gastrointestinales","13":"first","14":"instock","15":"shipping-taxable","16":"purchasable","17":"product-type-simple","18":"entry","19":"content-bg","20":"loop-entry"},"_links":{"self":[{"href":"https:\/\/vitaminaselsalvador.net\/index.php\/wp-json\/wp\/v2\/product\/3556","targetHints":{"allow":["GET"]}}],"collection":[{"href":"https:\/\/vitaminaselsalvador.net\/index.php\/wp-json\/wp\/v2\/product"}],"about":[{"href":"https:\/\/vitaminaselsalvador.net\/index.php\/wp-json\/wp\/v2\/types\/product"}],"replies":[{"embeddable":true,"href":"https:\/\/vitaminaselsalvador.net\/index.php\/wp-json\/wp\/v2\/comments?post=3556"}],"wp:featuredmedia":[{"embeddable":true,"href":"https:\/\/vitaminaselsalvador.net\/index.php\/wp-json\/wp\/v2\/media\/3596"}],"wp:attachment":[{"href":"https:\/\/vitaminaselsalvador.net\/index.php\/wp-json\/wp\/v2\/media?parent=3556"}],"wp:term":[{"taxonomy":"product_brand","embeddable":true,"href":"https:\/\/vitaminaselsalvador.net\/index.php\/wp-json\/wp\/v2\/product_brand?post=3556"},{"taxonomy":"product_cat","embeddable":true,"href":"https:\/\/vitaminaselsalvador.net\/index.php\/wp-json\/wp\/v2\/product_cat?post=3556"},{"taxonomy":"product_tag","embeddable":true,"href":"https:\/\/vitaminaselsalvador.net\/index.php\/wp-json\/wp\/v2\/product_tag?post=3556"}],"curies":[{"name":"wp","href":"https:\/\/api.w.org\/{rel}","templated":true}]}}