{"id":3555,"date":"2022-11-02T21:16:46","date_gmt":"2022-11-03T03:16:46","guid":{"rendered":"https:\/\/vitaminaselsalvador.net\/?post_type=product&#038;p=3555"},"modified":"2025-07-08T11:05:03","modified_gmt":"2025-07-08T17:05:03","slug":"fosfo-neuromax-15-ampollas-bebibles-x-10-ml","status":"publish","type":"product","link":"https:\/\/vitaminaselsalvador.net\/index.php\/product\/fosfo-neuromax-15-ampollas-bebibles-x-10-ml\/","title":{"rendered":"FOSFO neuroMAX 15 ampollas bebibles x 10 ml"},"content":{"rendered":"<h4 style=\"text-align: center;\"><span style=\"color: #ff0000;\">Dosis:<\/span><\/h4>\n<h4 style=\"text-align: center;\"><span style=\"color: #ff0000;\">FOSFONEUROMAX<\/span> Ampolla bebible adultos: Tomar una ampolla bebible en la ma\u00f1ana y por la tarde. Diluir en 1\/2 vaso de agua, refresco o beber directamente. Personas que trabajan o estudian de noche, estudiantes en per\u00edodos de ex\u00e1menes, se recomienda tomar 3 ampollas al d\u00eda despu\u00e9s de cada comida.<\/h4>\n","protected":false},"excerpt":{"rendered":"<h4 style=\"text-align: center;\">15 Ampollas Bebibles x 10 ml<\/h4>\n<h4 style=\"text-align: center;\">FOSFO neuroMAX<br \/>\nSuplemento Mineral Multivitamin\u00edco<br \/>\nEstimulante de la actividad cerebral<\/h4>\n<h4 style=\"text-align: center;\"><span style=\"color: #ff0000;\">Indicaciones:<\/span><br \/>\n<span style=\"color: #ff0000;\">FOSFONEUROMAX<\/span> Prevenci\u00f3n y tratamiento de estados carenciales de las vitaminas B1, B2, B3, \u00c1cido Glut\u00e1minico y Calcio debido al incremento de las necesidades, reducci\u00f3n del consumo o reducci\u00f3n de la absorci\u00f3n, que podr\u00edan manifestarse en estados de convalecencia o por dietas insuficientes.<\/h4>\n","protected":false},"featured_media":3595,"comment_status":"closed","ping_status":"closed","template":"","meta":{"_kad_post_transparent":"","_kad_post_title":"","_kad_post_layout":"","_kad_post_sidebar_id":"","_kad_post_content_style":"","_kad_post_vertical_padding":"","_kad_post_feature":"","_kad_post_feature_position":"","_kad_post_header":false,"_kad_post_footer":false},"product_brand":[],"product_cat":[383],"product_tag":[1181,171,1182,1183,1184,1185,1186,1187,1126],"class_list":{"0":"post-3555","1":"product","2":"type-product","3":"status-publish","4":"has-post-thumbnail","6":"product_cat-laboratorios-paill","7":"product_tag-acido-glutaminico","8":"product_tag-calcio","9":"product_tag-dietas-insuficientes","10":"product_tag-estados-carenciales-de-las-vitaminas-b1","11":"product_tag-estados-de-convalecencia","12":"product_tag-fosfoneuromax","13":"product_tag-reduccion-de-la-absorcion","14":"product_tag-suplemento-mineral-estimulante","15":"product_tag-vitamina-b2","17":"first","18":"instock","19":"shipping-taxable","20":"purchasable","21":"product-type-simple","22":"entry","23":"content-bg","24":"loop-entry"},"_links":{"self":[{"href":"https:\/\/vitaminaselsalvador.net\/index.php\/wp-json\/wp\/v2\/product\/3555","targetHints":{"allow":["GET"]}}],"collection":[{"href":"https:\/\/vitaminaselsalvador.net\/index.php\/wp-json\/wp\/v2\/product"}],"about":[{"href":"https:\/\/vitaminaselsalvador.net\/index.php\/wp-json\/wp\/v2\/types\/product"}],"replies":[{"embeddable":true,"href":"https:\/\/vitaminaselsalvador.net\/index.php\/wp-json\/wp\/v2\/comments?post=3555"}],"wp:featuredmedia":[{"embeddable":true,"href":"https:\/\/vitaminaselsalvador.net\/index.php\/wp-json\/wp\/v2\/media\/3595"}],"wp:attachment":[{"href":"https:\/\/vitaminaselsalvador.net\/index.php\/wp-json\/wp\/v2\/media?parent=3555"}],"wp:term":[{"taxonomy":"product_brand","embeddable":true,"href":"https:\/\/vitaminaselsalvador.net\/index.php\/wp-json\/wp\/v2\/product_brand?post=3555"},{"taxonomy":"product_cat","embeddable":true,"href":"https:\/\/vitaminaselsalvador.net\/index.php\/wp-json\/wp\/v2\/product_cat?post=3555"},{"taxonomy":"product_tag","embeddable":true,"href":"https:\/\/vitaminaselsalvador.net\/index.php\/wp-json\/wp\/v2\/product_tag?post=3555"}],"curies":[{"name":"wp","href":"https:\/\/api.w.org\/{rel}","templated":true}]}}