{"id":3554,"date":"2022-11-02T21:16:46","date_gmt":"2022-11-03T03:16:46","guid":{"rendered":"https:\/\/vitaminaselsalvador.net\/?post_type=product&#038;p=3554"},"modified":"2025-07-08T11:05:03","modified_gmt":"2025-07-08T17:05:03","slug":"arcis-potenciador-sexual-12-tabletas-100mg","status":"publish","type":"product","link":"https:\/\/vitaminaselsalvador.net\/index.php\/product\/arcis-potenciador-sexual-12-tabletas-100mg\/","title":{"rendered":"ARCIS Potenciador Sexual 12 TABLETAS 100mg"},"content":{"rendered":"<p>&nbsp;<\/p>\n<p style=\"text-align: center;\"><a href=\"https:\/\/vitaminasdelsalvador.com\/wp-content\/uploads\/2021\/07\/ARCIS-100MG-Potenciador-Sexual-vitaminasdelsalvador.png\"><img loading=\"lazy\" decoding=\"async\" class=\"alignnone size-medium wp-image-272149\" src=\"https:\/\/vitaminasdelsalvador.com\/wp-content\/uploads\/2021\/07\/ARCIS-100MG-Potenciador-Sexual-vitaminasdelsalvador-300x300.png\" alt=\"\" width=\"300\" height=\"300\" \/><\/a><\/p>\n<p style=\"text-align: center;\"><span style=\"color: #ff0000;\"><em><strong>DOSIS Y ADMINISTRACI\u00d3N:<\/strong><\/em><\/span><br \/>\n<span style=\"color: #000000;\"><em><strong>Adultos: La dosis recomendada es de 1 tab tomada 1 hora antes de<\/strong><\/em><\/span><br \/>\n<span style=\"color: #000000;\"><em><strong>la actividad sexual. <\/strong><\/em><\/span><\/p>\n<p style=\"text-align: center;\"><span style=\"color: #000000;\"><em><strong>CONTRAINDICACIONES<\/strong><\/em><\/span><br \/>\n<span style=\"color: #000000;\"><em><strong>ARCIS\u00ae 100 tabletas Recubiertas, se contraindica en pacientes con una<\/strong><\/em><\/span><br \/>\n<span style=\"color: #000000;\"><em><strong>hipersensibilidad conocida al Sildenafil.<\/strong><\/em><\/span><\/p>\n","protected":false},"excerpt":{"rendered":"<h5 style=\"text-align: center;\"><span style=\"color: #0000ff;\"><strong>Paquete contiene 12 tabletas<\/strong><\/span><\/h5>\n<p style=\"text-align: center;\"><span style=\"color: #000000;\"><strong><em>El Viagra y su forma gen\u00e9rica, ARCIS100, son medicamentos destinados al aumento de la potencia sexual. <\/em><\/strong><\/span><\/p>\n<p style=\"text-align: center;\"><span style=\"color: #000000;\"><strong><em>El Viagra original fue desarrollado por la empresa Pfizer en 1998 y se utiliz\u00f3 para tratar diversas enfermedades, entre ellas la disfunci\u00f3n er\u00e9ctil. <\/em><\/strong><\/span><\/p>\n<p style=\"text-align: center;\"><span style=\"color: #000000;\"><strong><em>El Viagra funciona mediante un mecanismo de inhibici\u00f3n de la enzima PDE-5, que ralentiza el flujo sangu\u00edneo en las venas del \u00f3rgano sexual. <\/em><\/strong><\/span><\/p>\n<p style=\"text-align: center;\"><span style=\"color: #000000;\"><strong><em>La compa\u00f1\u00eda Pfizer ten\u00eda la patente de este f\u00e1rmaco. <\/em><\/strong><\/span><\/p>\n<p style=\"text-align: center;\"><span style=\"color: #000000;\"><strong><em>Cuando la empresa perdi\u00f3 la patente, los derechos de producci\u00f3n fueron comprados por otras empresas, que siguieron produciendo y vendiendo el medicamento bajo nombres diferentes<\/em><\/strong><\/span><\/p>\n<p style=\"text-align: center;\"><span style=\"color: #0000ff;\"><strong><em>INDICACIONES:<\/em><\/strong><\/span><br \/>\n<span style=\"color: #000000;\"><strong><em>ARCIS\u00ae 100mg tabletas Recubiertas se utiliza para el tratamiento de la<\/em><\/strong><\/span><br \/>\n<span style=\"color: #000000;\"><strong><em>disfunci\u00f3n erectil en el hombre.<\/em><\/strong><\/span><br \/>\n<span style=\"color: #000000;\"><strong><em>COMPOSICI\u00d3N: <\/em><\/strong><\/span><span style=\"color: #000000;\"><strong><em>Cada tableta recubierta de ARCIS.100 contiene:<\/em><\/strong><\/span><br \/>\n<span style=\"color: #000000;\"><strong><em>Citrato de Sildenafil<\/em><\/strong><\/span><br \/>\n<span style=\"color: #000000;\"><strong><em>Equivalente a Sildenafil 100 mg<\/em><\/strong><\/span><\/p>\n","protected":false},"featured_media":3594,"comment_status":"closed","ping_status":"closed","template":"","meta":{"_kad_post_transparent":"","_kad_post_title":"","_kad_post_layout":"","_kad_post_sidebar_id":"","_kad_post_content_style":"","_kad_post_vertical_padding":"","_kad_post_feature":"","_kad_post_feature_position":"","_kad_post_header":false,"_kad_post_footer":false},"product_brand":[],"product_cat":[504],"product_tag":[1176,1177,1178,1179,429,1180,793],"class_list":{"0":"post-3554","1":"product","2":"type-product","3":"status-publish","4":"has-post-thumbnail","6":"product_cat-potenciador-sexual","7":"product_tag-arcis-100","8":"product_tag-citrato-de-sildenafil","9":"product_tag-potencia-sexual","10":"product_tag-sildenafil-100-mg","11":"product_tag-trastornos-de-la-potencia-sexual","12":"product_tag-tratamiento-de-la-disfuncion-erectil-en-el-hombre","13":"product_tag-viagra","15":"first","16":"instock","17":"shipping-taxable","18":"purchasable","19":"product-type-simple","20":"entry","21":"content-bg","22":"loop-entry"},"_links":{"self":[{"href":"https:\/\/vitaminaselsalvador.net\/index.php\/wp-json\/wp\/v2\/product\/3554","targetHints":{"allow":["GET"]}}],"collection":[{"href":"https:\/\/vitaminaselsalvador.net\/index.php\/wp-json\/wp\/v2\/product"}],"about":[{"href":"https:\/\/vitaminaselsalvador.net\/index.php\/wp-json\/wp\/v2\/types\/product"}],"replies":[{"embeddable":true,"href":"https:\/\/vitaminaselsalvador.net\/index.php\/wp-json\/wp\/v2\/comments?post=3554"}],"wp:featuredmedia":[{"embeddable":true,"href":"https:\/\/vitaminaselsalvador.net\/index.php\/wp-json\/wp\/v2\/media\/3594"}],"wp:attachment":[{"href":"https:\/\/vitaminaselsalvador.net\/index.php\/wp-json\/wp\/v2\/media?parent=3554"}],"wp:term":[{"taxonomy":"product_brand","embeddable":true,"href":"https:\/\/vitaminaselsalvador.net\/index.php\/wp-json\/wp\/v2\/product_brand?post=3554"},{"taxonomy":"product_cat","embeddable":true,"href":"https:\/\/vitaminaselsalvador.net\/index.php\/wp-json\/wp\/v2\/product_cat?post=3554"},{"taxonomy":"product_tag","embeddable":true,"href":"https:\/\/vitaminaselsalvador.net\/index.php\/wp-json\/wp\/v2\/product_tag?post=3554"}],"curies":[{"name":"wp","href":"https:\/\/api.w.org\/{rel}","templated":true}]}}