{"id":3491,"date":"2022-11-02T21:16:19","date_gmt":"2022-11-03T03:16:19","guid":{"rendered":"https:\/\/vitaminaselsalvador.net\/?post_type=product&#038;p=3491"},"modified":"2025-07-08T11:05:01","modified_gmt":"2025-07-08T17:05:01","slug":"carga-energia-con-neuro-campolon-inyeccion-tripack","status":"publish","type":"product","link":"https:\/\/vitaminaselsalvador.net\/index.php\/product\/carga-energia-con-neuro-campolon-inyeccion-tripack\/","title":{"rendered":"Carga energia con NEURO CAMPOLON INYECCION TRIPACK"},"content":{"rendered":"<address style=\"text-align: center;\"><span style=\"color: #ff0000;\"><strong>DOSIS Y VIA DE ADMINISTRACION: <\/strong><\/span><\/address>\n<address style=\"text-align: center;\"><strong><span style=\"color: #000000;\">Salvo prescripci\u00f3n m\u00e9dica se recomienda: <\/span><\/strong><\/address>\n<address style=\"text-align: center;\"><strong><span style=\"color: #000000;\">Administrar 2-3 inyecciones v\u00eda intramuscular como inicio de tratamiento la primera semana. <\/span><\/strong><\/address>\n<address style=\"text-align: center;\"><strong><span style=\"color: #000000;\">Continuar con una ampolla semanal durante un mes. <\/span><\/strong><\/address>\n<address style=\"text-align: center;\"><strong><span style=\"color: #000000;\">En casos graves, administrar una inyecci\u00f3n diaria por v\u00eda intramuscular durante 5 d\u00edas.<\/span><\/strong><\/address>\n<address style=\"text-align: center;\"><strong><span style=\"color: #0000ff;\">RECOMENDACIONES:<\/span><\/strong><\/address>\n<address style=\"text-align: center;\"><strong><span style=\"color: #ff0000;\">En caso de hipersensibilidad a algunos componentes, suspenda su uso.<\/span><\/strong><\/address>\n","protected":false},"excerpt":{"rendered":"<h2 style=\"text-align: center;\"><strong><span style=\"color: #0000ff;\">PRECIO TRIPACK (3 Inyecciones)<\/span><\/strong><\/h2>\n<p>&nbsp;<\/p>\n<address style=\"text-align: center;\"><span style=\"color: #ff0000;\"><strong>Energizante<\/strong><\/span><\/address>\n<address style=\"text-align: center;\"><strong><span style=\"color: #000000;\">Controla los nervios y Estr\u00e9s<\/span><\/strong><\/address>\n<address style=\"text-align: center;\"><span style=\"color: #ff0000;\"><strong>Mejora el rendimiento cerebral<\/strong><\/span><\/address>\n<address style=\"text-align: center;\"><strong><span style=\"color: #000000;\">Elimina el dolor de cabeza por deficiencia de Complejo B<\/span><\/strong><\/address>\n<address style=\"text-align: center;\"><span style=\"color: #ff0000;\"><strong>Alivia los s\u00edntomas por exceso de alcohol<\/strong><\/span><\/address>\n<address style=\"text-align: center;\"><strong><span style=\"color: #000000;\">Reanima!<\/span><\/strong>\u00a0<\/address>\n<address style=\"text-align: center;\"><strong><span style=\"color: #000000;\"><span style=\"color: #0000ff;\"><span style=\"color: #000000;\">NEURO<\/span> <span style=\"color: #ff0000;\">CAMPOLON \u00a0\u00a0<\/span><\/span><span style=\"color: #0000ff;\">Regenerador Nervioso y Cerebral<\/span><\/span><\/strong><\/address>\n<address style=\"text-align: center;\"><strong><span style=\"color: #000000;\">Vitaminas Neurotropas<\/span><\/strong><\/address>\n<p style=\"text-align: center;\"><span style=\"color: #ff0000;\"><strong>Indicado para:<\/strong><\/span><\/p>\n<p style=\"text-align: center;\"><span style=\"color: #000000;\"><strong>Alteraciones del sistema nervioso como: P\u00e9rdida de la memoria y de la capacidad de concentraci\u00f3n, agotamiento intelectual, insomnio, alucinaciones, desorientaci\u00f3n.<\/strong><\/span><\/p>\n<p style=\"text-align: center;\"><span style=\"color: #000000;\"><strong>Enfermedades del Sistema Perif\u00e9rico como: Neuralgias, neuritis, dolores lumbares, par\u00e1lisis facial, herpes zoster. <\/strong><\/span><\/p>\n<p style=\"text-align: center;\"><span style=\"color: #000000;\"><strong>Intoxicaci\u00f3n por drogas y alcoholismo: neuritis alcoh\u00f3lica. <\/strong><\/span><\/p>\n<p style=\"text-align: center;\"><strong><span style=\"color: #000000;\">NEURO <span style=\"color: #ff0000;\">CAMPOLON<\/span> Combina en su f\u00f3rmula dos formas de vitamina B12: <\/span><span style=\"color: #ff0000;\">Cianocobalamina<\/span><span style=\"color: #000000;\">, de acci\u00f3n inmediata e <\/span><span style=\"color: #ff0000;\">hidroxocobalamina<\/span><span style=\"color: #000000;\"> de acci\u00f3n prolongada la cual se deposita en el cuerpo y se libera poco a poco reteni\u00e9ndose altos niveles en las\u00a0prote\u00ednas\u00a0de la sangre, prolongando por m\u00e1s tiempo los efectos deseados<\/span><\/strong><\/p>\n","protected":false},"featured_media":3524,"comment_status":"closed","ping_status":"closed","template":"","meta":{"_kad_post_transparent":"","_kad_post_title":"","_kad_post_layout":"","_kad_post_sidebar_id":"","_kad_post_content_style":"","_kad_post_vertical_padding":"","_kad_post_feature":"","_kad_post_feature_position":"","_kad_post_header":false,"_kad_post_footer":false},"product_brand":[],"product_cat":[93,516,94,95,108,97],"product_tag":[159,160,161,162,163,164,1142,1143,1144,1145,1146,1147],"class_list":{"0":"post-3491","1":"product","2":"type-product","3":"status-publish","4":"has-post-thumbnail","6":"product_cat-control-de-estres","7":"product_cat-inyectables","8":"product_cat-laboratorios-vijosa","9":"product_cat-multivitaminas","10":"product_cat-salud-y-belleza","11":"product_cat-vitaminas-neurotropas","12":"product_tag-controle-el-estres","13":"product_tag-controle-los-nervios","14":"product_tag-dolor-de-cabeza","15":"product_tag-dolor-de-cabeza-nervioso","16":"product_tag-exceso-de-alcohol","17":"product_tag-mejora-el-rendimiento-cerebral","18":"product_tag-neuro-campolon-25000","19":"product_tag-neuro-campolon-25000-amazon","20":"product_tag-neuro-campolon-25000-ebay","21":"product_tag-neuro-campolon-25000-inyeccion","22":"product_tag-neuro-campolon-25000-inyectable","23":"product_tag-neuro-campolon-25000-original-el-salvador","25":"first","26":"instock","27":"purchasable","28":"product-type-simple","29":"entry","30":"content-bg","31":"loop-entry"},"_links":{"self":[{"href":"https:\/\/vitaminaselsalvador.net\/index.php\/wp-json\/wp\/v2\/product\/3491","targetHints":{"allow":["GET"]}}],"collection":[{"href":"https:\/\/vitaminaselsalvador.net\/index.php\/wp-json\/wp\/v2\/product"}],"about":[{"href":"https:\/\/vitaminaselsalvador.net\/index.php\/wp-json\/wp\/v2\/types\/product"}],"replies":[{"embeddable":true,"href":"https:\/\/vitaminaselsalvador.net\/index.php\/wp-json\/wp\/v2\/comments?post=3491"}],"wp:featuredmedia":[{"embeddable":true,"href":"https:\/\/vitaminaselsalvador.net\/index.php\/wp-json\/wp\/v2\/media\/3524"}],"wp:attachment":[{"href":"https:\/\/vitaminaselsalvador.net\/index.php\/wp-json\/wp\/v2\/media?parent=3491"}],"wp:term":[{"taxonomy":"product_brand","embeddable":true,"href":"https:\/\/vitaminaselsalvador.net\/index.php\/wp-json\/wp\/v2\/product_brand?post=3491"},{"taxonomy":"product_cat","embeddable":true,"href":"https:\/\/vitaminaselsalvador.net\/index.php\/wp-json\/wp\/v2\/product_cat?post=3491"},{"taxonomy":"product_tag","embeddable":true,"href":"https:\/\/vitaminaselsalvador.net\/index.php\/wp-json\/wp\/v2\/product_tag?post=3491"}],"curies":[{"name":"wp","href":"https:\/\/api.w.org\/{rel}","templated":true}]}}