{"id":3490,"date":"2022-11-02T21:16:19","date_gmt":"2022-11-03T03:16:19","guid":{"rendered":"https:\/\/vitaminaselsalvador.net\/?post_type=product&#038;p=3490"},"modified":"2025-07-08T11:05:01","modified_gmt":"2025-07-08T17:05:01","slug":"vermex-total-suspensiontri-pack","status":"publish","type":"product","link":"https:\/\/vitaminaselsalvador.net\/index.php\/product\/vermex-total-suspensiontri-pack\/","title":{"rendered":"VERMEX Total SuspensionTri-Pack"},"content":{"rendered":"<address style=\"text-align: center;\">\u00a0<\/address>\n<p style=\"text-align: center;\"><span style=\"color: #ff0000;\"><strong>DOSIS:<\/strong><\/span><\/p>\n<p style=\"text-align: center;\"><span style=\"color: #000000;\"><em><strong>Ni\u00f1os menores de 2 a\u00f1os: consulte a su medico. <\/strong><\/em><\/span><\/p>\n<p style=\"text-align: center;\"><span style=\"color: #000000;\"><em><strong>Ni\u00f1os de 2 a 12 a\u00f1os: 1 cucharadita (5mL) ma\u00f1ana y noche por 3 d\u00edas consecutivos.<\/strong><\/em><\/span><\/p>\n<p>&nbsp;<\/p>\n<p>&nbsp;<\/p>\n","protected":false},"excerpt":{"rendered":"<h1 style=\"text-align: center;\"><strong><span style=\"color: #0000ff;\">PRECIO TRIPACK (3 BOTES)<\/span><\/strong><\/h1>\n<h2 style=\"text-align: center;\"><span style=\"color: #000000;\"><span style=\"color: #008000;\">VERMEX<\/span> TOTAL PEDIATRICO<br \/>\n<\/span><\/h2>\n<p style=\"text-align: center;\"><span style=\"color: #000000;\"><strong><em>Tratamiento para eliminar oxiuros, \u00c1scaris lumbricoides (lombrices), Tricoc\u00e9falos, uncinarias y taenias (solitaria)<\/em><\/strong><\/span><\/p>\n<p>&nbsp;<\/p>\n","protected":false},"featured_media":3523,"comment_status":"closed","ping_status":"closed","template":"","meta":{"_kad_post_transparent":"","_kad_post_title":"","_kad_post_layout":"","_kad_post_sidebar_id":"","_kad_post_content_style":"","_kad_post_vertical_padding":"","_kad_post_feature":"","_kad_post_feature_position":"","_kad_post_header":false,"_kad_post_footer":false},"product_brand":[],"product_cat":[873,180,1139],"product_tag":[491,492,493,146,494,1140,1141,495,201],"class_list":{"0":"post-3490","1":"product","2":"type-product","3":"status-publish","4":"has-post-thumbnail","6":"product_cat-desparasitantes","7":"product_cat-laboratorios-lopez","8":"product_cat-suspension","9":"product_tag-anti-parasitos","10":"product_tag-antiparasitario","11":"product_tag-como-eliminar-la-solitaria","12":"product_tag-el-salvador","13":"product_tag-elimina-27-tipos-de-parasitos","14":"product_tag-vermex-para-ninos","15":"product_tag-vermex-pediatrico","16":"product_tag-vermex-total","17":"product_tag-vitaminas-en-el-salvador","19":"first","20":"instock","21":"purchasable","22":"product-type-simple","23":"entry","24":"content-bg","25":"loop-entry"},"_links":{"self":[{"href":"https:\/\/vitaminaselsalvador.net\/index.php\/wp-json\/wp\/v2\/product\/3490","targetHints":{"allow":["GET"]}}],"collection":[{"href":"https:\/\/vitaminaselsalvador.net\/index.php\/wp-json\/wp\/v2\/product"}],"about":[{"href":"https:\/\/vitaminaselsalvador.net\/index.php\/wp-json\/wp\/v2\/types\/product"}],"replies":[{"embeddable":true,"href":"https:\/\/vitaminaselsalvador.net\/index.php\/wp-json\/wp\/v2\/comments?post=3490"}],"wp:featuredmedia":[{"embeddable":true,"href":"https:\/\/vitaminaselsalvador.net\/index.php\/wp-json\/wp\/v2\/media\/3523"}],"wp:attachment":[{"href":"https:\/\/vitaminaselsalvador.net\/index.php\/wp-json\/wp\/v2\/media?parent=3490"}],"wp:term":[{"taxonomy":"product_brand","embeddable":true,"href":"https:\/\/vitaminaselsalvador.net\/index.php\/wp-json\/wp\/v2\/product_brand?post=3490"},{"taxonomy":"product_cat","embeddable":true,"href":"https:\/\/vitaminaselsalvador.net\/index.php\/wp-json\/wp\/v2\/product_cat?post=3490"},{"taxonomy":"product_tag","embeddable":true,"href":"https:\/\/vitaminaselsalvador.net\/index.php\/wp-json\/wp\/v2\/product_tag?post=3490"}],"curies":[{"name":"wp","href":"https:\/\/api.w.org\/{rel}","templated":true}]}}