{"id":3466,"date":"2022-11-02T21:15:53","date_gmt":"2022-11-03T03:15:53","guid":{"rendered":"https:\/\/vitaminaselsalvador.net\/?post_type=product&#038;p=3466"},"modified":"2026-02-10T17:51:05","modified_gmt":"2026-02-10T23:51:05","slug":"paracitel-500","status":"publish","type":"product","link":"https:\/\/vitaminaselsalvador.net\/index.php\/product\/paracitel-500\/","title":{"rendered":"ParaciteL &#8211; 500"},"content":{"rendered":"<address style=\"text-align: center;\">\u00a0<\/address>\n<address style=\"text-align: center;\">\u00a0<\/address>\n<address style=\"text-align: center;\"><strong><span style=\"color: #000000;\">Caja\u00a0 6 Tabletas<\/span><\/strong><\/address>\n<address style=\"text-align: center;\">\u00a0<\/address>\n<h5 style=\"text-align: center;\"><em><strong><span style=\"color: #ff0000;\">Dosis y administraci\u00f3n:<\/span><\/strong><\/em><br \/>\n<span style=\"color: #000000;\">La dosis recomendada en <span style=\"color: #0000ff;\">ni\u00f1os mayores de 12 a\u00f1os y adultos<\/span> es de <span style=\"color: #0000ff;\">una tableta <\/span><\/span><br \/>\n<span style=\"color: #000000;\">(500 mg) <span style=\"color: #0000ff;\">cada 12 horas durante 3 d\u00edas<\/span>.<\/span><\/h5>\n<h5 style=\"text-align: center;\"><span style=\"color: #000000;\">En casos de fascioliasis, la dosis recomendada es de una tableta (500 mg) cada 12 <\/span><br \/>\n<span style=\"color: #000000;\">horas durante 7 d\u00edas.<\/span><\/h5>\n<h5 style=\"text-align: center;\"><span style=\"color: #000000;\">Consulte a su m\u00e9dico si los s\u00edntomas persisten despu\u00e9s de finalizar con el <\/span><br \/>\n<span style=\"color: #000000;\">tratamiento.<\/span><\/h5>\n<h5 style=\"text-align: center;\"><strong><em><span style=\"color: #ff0000;\">Contraindicaciones:<\/span><\/em><\/strong><br \/>\n<span style=\"color: #000000;\">Hipersensibilidad al principio activo o a alguno de los componentes de la <\/span><br \/>\n<span style=\"color: #000000;\">formulaci\u00f3n.<\/span><\/h5>\n<p style=\"text-align: center;\"><em><span style=\"color: #000000;\">Composici\u00f3n:<\/span><\/em><br \/>\n<em><span style=\"color: #000000;\">Cada tableta recubierta contiene:<\/span><\/em><br \/>\n<em><span style=\"color: #000000;\">Nitazoxanida. . 500 mg<\/span><\/em><br \/>\n<em><span style=\"color: #000000;\">Excipientes c.s.p 1 tableta<\/span><\/em><\/p>\n<p style=\"text-align: center;\"><em><span style=\"color: #000000;\">V\u00eda de administraci\u00f3n: <span style=\"color: #ff0000;\">Oral<\/span>.<\/span><\/em><\/p>\n<p style=\"text-align: center;\"><em><span style=\"color: #000000;\">\u00a0<\/span><\/em><\/p>\n<p>&nbsp;<\/p>\n","protected":false},"excerpt":{"rendered":"<h2 style=\"text-align: center;\"><span style=\"color: #000000;\"><span style=\"color: #008000;\">Para<span style=\"color: #800080;\">citeL<\/span> &#8211; <span style=\"color: #800080;\">500<\/span><\/span><\/span><\/h2>\n<p style=\"text-align: center;\"><span style=\"color: #0000ff;\"><em>Acci\u00f3n farmacol\u00f3gica:<\/em><\/span><br \/>\n<span style=\"color: #000000;\"><em>La nitazoxanida es un agente antiparasitario con actividad contra una amplia gama <\/em><\/span><br \/>\n<span style=\"color: #000000;\"><em>de par\u00e1sitos y bacterias incluyendo protozoos, nematodos, cestodos y trematodos.<\/em><\/span><\/p>\n<p style=\"text-align: center;\"><span style=\"color: #0000ff;\"><em>Farmacocin\u00e9tica:<\/em><\/span><br \/>\n<span style=\"color: #000000;\"><em>Seguido a su administraci\u00f3n por v\u00eda oral, la nitazoxanida es absorbida r\u00e1pidamente <\/em><\/span><br \/>\n<span style=\"color: #000000;\"><em>en el tracto gastrointestinal y es biotransformada en el h\u00edgado dando lugar a <\/em><\/span><br \/>\n<span style=\"color: #000000;\"><em>diferentes metabolitos. Sus concentraciones plasm\u00e1ticas m\u00e1ximas se alcanzan de 2 <\/em><\/span><br \/>\n<span style=\"color: #000000;\"><em>a 6 horas despu\u00e9s de su administraci\u00f3n y es excretada por v\u00eda biliar y renal.<\/em><\/span><br \/>\n<span style=\"color: #0000ff;\"><em>Indicaciones y usos:<\/em><\/span><br \/>\n<span style=\"color: #000000;\"><em>Nitazoxanida est\u00e1 indicada para el tratamiento de infecciones amebianas <\/em><\/span><br \/>\n<span style=\"color: #000000;\"><em>intestinales agudas o disenter\u00eda amebiana causada por Entamoeba histolytica. <\/em><\/span><br \/>\n<span style=\"color: #000000;\"><em>Tambi\u00e9n est\u00e1 indicada para el tratamiento de infecciones causadas por Giardia <\/em><\/span><br \/>\n<span style=\"color: #000000;\"><em>lamblia, helmintiasis por nematodos (Enterobius yermicularis, Ascaris lumbricoides, <\/em><\/span><br \/>\n<span style=\"color: #000000;\"><em>Strongyloides stercoralis, Ancylostoma duodenalis, Necator americanus, Trichuris <\/em><\/span><br \/>\n<span style=\"color: #000000;\"><em>trichiura), helmintiasis por cestodos (Taenia saginata, Taenia solium, Hymenolepis <\/em><\/span><br \/>\n<span style=\"color: #000000;\"><em>nana) y helmintiasis por trematodos (Fasciola hep\u00e1tica).<\/em><\/span><\/p>\n<p>&nbsp;<\/p>\n<address style=\"text-align: center;\">\u00a0<\/address>\n","protected":false},"featured_media":4695,"comment_status":"closed","ping_status":"closed","template":"","meta":{"_kad_post_transparent":"default","_kad_post_title":"","_kad_post_layout":"default","_kad_post_sidebar_id":"","_kad_post_content_style":"default","_kad_post_vertical_padding":"default","_kad_post_feature":"","_kad_post_feature_position":"","_kad_post_header":false,"_kad_post_footer":false},"product_brand":[],"product_cat":[873,295,215],"product_tag":[1127,1128,1129],"class_list":{"0":"post-3466","1":"product","2":"type-product","3":"status-publish","4":"has-post-thumbnail","6":"product_cat-desparasitantes","7":"product_cat-laboratorios-saimed","8":"product_cat-tabletas","9":"product_tag-desparasitante-de-amplio-espectro","10":"product_tag-desparasitante-el-salvador","11":"product_tag-desparasitante-para-amibas","13":"first","14":"instock","15":"purchasable","16":"product-type-simple","17":"entry","18":"content-bg","19":"loop-entry"},"_links":{"self":[{"href":"https:\/\/vitaminaselsalvador.net\/index.php\/wp-json\/wp\/v2\/product\/3466","targetHints":{"allow":["GET"]}}],"collection":[{"href":"https:\/\/vitaminaselsalvador.net\/index.php\/wp-json\/wp\/v2\/product"}],"about":[{"href":"https:\/\/vitaminaselsalvador.net\/index.php\/wp-json\/wp\/v2\/types\/product"}],"replies":[{"embeddable":true,"href":"https:\/\/vitaminaselsalvador.net\/index.php\/wp-json\/wp\/v2\/comments?post=3466"}],"wp:featuredmedia":[{"embeddable":true,"href":"https:\/\/vitaminaselsalvador.net\/index.php\/wp-json\/wp\/v2\/media\/4695"}],"wp:attachment":[{"href":"https:\/\/vitaminaselsalvador.net\/index.php\/wp-json\/wp\/v2\/media?parent=3466"}],"wp:term":[{"taxonomy":"product_brand","embeddable":true,"href":"https:\/\/vitaminaselsalvador.net\/index.php\/wp-json\/wp\/v2\/product_brand?post=3466"},{"taxonomy":"product_cat","embeddable":true,"href":"https:\/\/vitaminaselsalvador.net\/index.php\/wp-json\/wp\/v2\/product_cat?post=3466"},{"taxonomy":"product_tag","embeddable":true,"href":"https:\/\/vitaminaselsalvador.net\/index.php\/wp-json\/wp\/v2\/product_tag?post=3466"}],"curies":[{"name":"wp","href":"https:\/\/api.w.org\/{rel}","templated":true}]}}