{"id":3463,"date":"2022-11-02T21:15:53","date_gmt":"2022-11-03T03:15:53","guid":{"rendered":"https:\/\/vitaminaselsalvador.net\/?post_type=product&#038;p=3463"},"modified":"2025-07-08T11:04:59","modified_gmt":"2025-07-08T17:04:59","slug":"dolfix-gelcaps","status":"publish","type":"product","link":"https:\/\/vitaminaselsalvador.net\/index.php\/product\/dolfix-gelcaps\/","title":{"rendered":"DOLFIX GELCAPS"},"content":{"rendered":"<p><img loading=\"lazy\" decoding=\"async\" class=\"size-medium wp-image-10491 aligncenter\" src=\"https:\/\/vitaminasdelsalvador.com\/wp-content\/uploads\/2019\/06\/DOLFIX-VES-1-116x300.jpg\" alt=\"\" width=\"116\" height=\"300\" \/><\/p>\n<h6 style=\"text-align: center;\"><span style=\"color: #000000;\">Dispensador de 25 sobres x 4 Gelcaps Total 100 Gelcaps<\/span><\/h6>\n<h4 style=\"text-align: center;\"><span style=\"color: #ff0000;\"><strong><em>D\u00d3SIS Y ADMINISTRACI\u00d3N:<\/em><\/strong><\/span><\/h4>\n<h4 style=\"text-align: center;\"><strong><em>Adultos y ni\u00f1os mayores de 12 a\u00f1os:<\/em><\/strong><\/h4>\n<h4 style=\"text-align: center;\"><strong><em>La d\u00f3sis usual recomendada es de 50mg a 150mg al d\u00eda, divididos en dos o tres d\u00f3sis.<\/em><\/strong><\/h4>\n<h4 style=\"text-align: center;\"><strong><em>No administrar m\u00e1s de 200mg al d\u00eda.<\/em><\/strong><\/h4>\n<h4 style=\"text-align: center;\"><span style=\"color: #ff0000;\"><strong><em>No se recomienda la administraci\u00f3n de \u00e9ste prod\u00facto en ni\u00f1os menores de 12 a\u00f1os.<\/em><\/strong><\/span><\/h4>\n<p>&nbsp;<\/p>\n","protected":false},"excerpt":{"rendered":"<p style=\"text-align: center;\"><em><strong><span style=\"color: #008000;\">DOLFIX GELCAPS<\/span><\/strong><br \/>\n<\/em><\/p>\n<p style=\"text-align: center;\"><strong><em><span style=\"color: #ffcc00;\">Diclofenaco <span style=\"color: #000000;\">Pot\u00e1sico<\/span> 100mg<\/span><\/em><\/strong><\/p>\n<p style=\"text-align: center;\"><strong><em>Indicaciones y uso:<\/em><\/strong><\/p>\n<p style=\"text-align: center;\"><strong><em>El diclofenaco pot\u00e1sico est\u00e1 indicado para el tratamiento de los s\u00edntomas inflamatorios en pacientes con osteoartritis y enfermedades reum\u00e1ticas y para el alivio del dolor y las molestias asociadas a traumas, odontalgias, intervenciones quir\u00fargicas y dismenorrea.<\/em><\/strong><\/p>\n","protected":false},"featured_media":3516,"comment_status":"closed","ping_status":"closed","template":"","meta":{"_kad_post_transparent":"","_kad_post_title":"","_kad_post_layout":"","_kad_post_sidebar_id":"","_kad_post_content_style":"","_kad_post_vertical_padding":"","_kad_post_feature":"","_kad_post_feature_position":"","_kad_post_header":false,"_kad_post_footer":false},"product_brand":[],"product_cat":[104,235,105,295,107],"product_tag":[241,1105,242,1106,1107,243,244,1108,1109,1110,1111],"class_list":{"0":"post-3463","1":"product","2":"type-product","3":"status-publish","4":"has-post-thumbnail","6":"product_cat-artritis","7":"product_cat-artritis-artrosis-reuma","8":"product_cat-capsulas-de-gelatina-blanda","9":"product_cat-laboratorios-saimed","10":"product_cat-medicamento-para-el-dolor","11":"product_tag-artritis-gotosa","12":"product_tag-artritis-reactiva","13":"product_tag-artritis-reumatoide","14":"product_tag-artritis-reumatoide-juvenil","15":"product_tag-artritis-reumatoide-pdf","16":"product_tag-artritis-reumatoidea","17":"product_tag-artritis-septica","18":"product_tag-artritis-sintomas","19":"product_tag-artritis-tratamiento","20":"product_tag-dolfix","21":"product_tag-gelcaps","23":"first","24":"instock","25":"sale","26":"purchasable","27":"product-type-simple","28":"entry","29":"content-bg","30":"loop-entry"},"_links":{"self":[{"href":"https:\/\/vitaminaselsalvador.net\/index.php\/wp-json\/wp\/v2\/product\/3463","targetHints":{"allow":["GET"]}}],"collection":[{"href":"https:\/\/vitaminaselsalvador.net\/index.php\/wp-json\/wp\/v2\/product"}],"about":[{"href":"https:\/\/vitaminaselsalvador.net\/index.php\/wp-json\/wp\/v2\/types\/product"}],"replies":[{"embeddable":true,"href":"https:\/\/vitaminaselsalvador.net\/index.php\/wp-json\/wp\/v2\/comments?post=3463"}],"wp:featuredmedia":[{"embeddable":true,"href":"https:\/\/vitaminaselsalvador.net\/index.php\/wp-json\/wp\/v2\/media\/3516"}],"wp:attachment":[{"href":"https:\/\/vitaminaselsalvador.net\/index.php\/wp-json\/wp\/v2\/media?parent=3463"}],"wp:term":[{"taxonomy":"product_brand","embeddable":true,"href":"https:\/\/vitaminaselsalvador.net\/index.php\/wp-json\/wp\/v2\/product_brand?post=3463"},{"taxonomy":"product_cat","embeddable":true,"href":"https:\/\/vitaminaselsalvador.net\/index.php\/wp-json\/wp\/v2\/product_cat?post=3463"},{"taxonomy":"product_tag","embeddable":true,"href":"https:\/\/vitaminaselsalvador.net\/index.php\/wp-json\/wp\/v2\/product_tag?post=3463"}],"curies":[{"name":"wp","href":"https:\/\/api.w.org\/{rel}","templated":true}]}}