{"id":3462,"date":"2022-11-02T21:15:52","date_gmt":"2022-11-03T03:15:52","guid":{"rendered":"https:\/\/vitaminaselsalvador.net\/?post_type=product&#038;p=3462"},"modified":"2025-07-08T11:04:59","modified_gmt":"2025-07-08T17:04:59","slug":"neomicina-sulfato-y-bacitracina-zinc-unguento-usp-duo-pack","status":"publish","type":"product","link":"https:\/\/vitaminaselsalvador.net\/index.php\/product\/neomicina-sulfato-y-bacitracina-zinc-unguento-usp-duo-pack\/","title":{"rendered":"Neomicina Sulfato y Bacitracina Zinc Ung\u00fcento USP Duo Pack"},"content":{"rendered":"<h4><em><strong><img loading=\"lazy\" decoding=\"async\" class=\"aligncenter size-medium wp-image-9428\" src=\"http:\/\/vitaminas.comprarenelsalvador.com\/wp-content\/uploads\/2019\/04\/NEOMICINA-CAPLIN-VES-300x82.jpg\" alt=\"\" width=\"300\" height=\"82\" \/><\/strong><\/em><\/h4>\n<h4 style=\"text-align: center;\"><em><strong><span style=\"color: #000000;\">Tubo con 15 gramos<\/span><\/strong><\/em><\/h4>\n<h4 style=\"text-align: center;\"><em><strong><span style=\"color: #000000;\"><span style=\"color: #0000ff;\">Administraci\u00f3n y dosificaci\u00f3n en adultos:<\/span> <\/span><\/strong><\/em><\/h4>\n<h4 style=\"text-align: center;\"><em><strong><span style=\"color: #ff0000;\">Antes de su uso, el \u00e1mbito de <\/span><span style=\"color: #000000;\"><span style=\"color: #ff0000;\">aplicaci\u00f3n se debe limpiar suavemente.<\/span> <\/span><\/strong><\/em><\/h4>\n<h4 style=\"text-align: center;\"><em><strong><span style=\"color: #000000;\"><span style=\"color: #0000ff;\">Desechos como pus o costras deben retirarse de la zona afectada.<\/span> <\/span><\/strong><\/em><\/h4>\n<h4 style=\"text-align: center;\"><em><strong><span style=\"color: #000000;\">Una fina capa <\/span><span style=\"color: #000000;\">de Ung\u00fcento debe aplicarse a la zona afectada hasta tres veces al d\u00eda, <\/span><\/strong><\/em><\/h4>\n<h4 style=\"text-align: center;\"><em><strong><span style=\"color: #000000;\">dependiendo de la situaci\u00f3n cl\u00ednica. <\/span><\/strong><\/em><\/h4>\n<h4 style=\"text-align: center;\"><em><strong><span style=\"color: #000000;\">El <\/span><span style=\"color: #000000;\">tratamiento no debe ser continuado durante m\u00e1s de siete d\u00edas sin supervisi\u00f3n m\u00e9dica<\/span><\/strong><\/em><\/h4>\n<h4 style=\"text-align: center;\"><em><strong><span style=\"color: #ff0000;\">CONTRAINDICACIONES:<\/span><\/strong><\/em><\/h4>\n<h4 style=\"text-align: center;\"><em><strong><span style=\"color: #000000;\">Hipersensibilidad a cualquiera de sus componentes.<\/span><\/strong><\/em><\/h4>\n","protected":false},"excerpt":{"rendered":"<p style=\"text-align: center;\"><em><strong><span style=\"color: #0000ff;\">PRECIO DUOPACK (2 TUBOS)<\/span><\/strong><\/em><\/p>\n<p style=\"text-align: center;\"><strong><span style=\"color: #ff0000;\"><em>Neomicina Sulfato y Bacitracina Zinc Ung\u00fcento USP<\/em><\/span><\/strong><\/p>\n<p style=\"text-align: center;\"><span style=\"color: #000000;\"><em><b>INDICACIONES:<\/b><\/em><\/span><\/p>\n<p style=\"text-align: center;\"><em><span style=\"color: #000000;\"><b><span style=\"color: #000000;\">Indicaciones Terap\u00e9uticas: <\/span><\/b><\/span><\/em><em><span style=\"color: #000000;\"><b><span style=\"color: #000000;\">T\u00f3pico de amplio espectro antibacteriano. <\/span><\/b><\/span><\/em><\/p>\n<p style=\"text-align: center;\"><em><span style=\"color: #000000;\"><b><span style=\"color: #000000;\">Infecci\u00f3n bacteriana superficial de la piel, <\/span><span style=\"color: #000000;\">como el imp\u00e9tigo*, \u00falceras varicosas, llagas de presi\u00f3n, quemaduras y \u00falceras tr\u00f3ficas*.\u00a0<\/span><br \/>\n<\/b><\/span><\/em><\/p>\n<p style=\"text-align: center;\"><em><span style=\"color: #000000;\">*<span class=\"ILfuVd\">El <b>imp\u00e9tigo<\/b> es una infecci\u00f3n de la piel com\u00fan y muy contagiosa que afecta principalmente a beb\u00e9s y ni\u00f1os. El <b>imp\u00e9tigo<\/b> normalmente aparece en forma de llagas rojas en la cara, especialmente alrededor de la nariz y la boca, y en las manos y los pies. Las llagas revientan y producen costras color miel.<\/span><\/span><\/em><\/p>\n<p style=\"text-align: center;\"><em><b>Que son las \u00falceras tr\u00f3ficas?\u00a0<\/b> Se trata de defectos de la piel que generalmente aparecen en el pie o la pierna debajo de la rodilla y sanan mal. Comienzan como peque\u00f1as \u00falceras en la piel y luego se vuelven m\u00e1s anchas y profundas si no se tratan. Es m\u00e1s probable que desarrolles una \u00falcera tr\u00f3fica si tienes un problema con la circulaci\u00f3n de la sangre en las piernas, como venas varicosas o enfermedad arterial perif\u00e9rica. Las \u00falceras tr\u00f3ficas son notoriamente dif\u00edciles de tratar e incluso pueden llevar a la amputaci\u00f3n en casos extremos.<\/em><\/p>\n","protected":false},"featured_media":3513,"comment_status":"closed","ping_status":"closed","template":"","meta":{"_kad_post_transparent":"","_kad_post_title":"","_kad_post_layout":"","_kad_post_sidebar_id":"","_kad_post_content_style":"","_kad_post_vertical_padding":"","_kad_post_feature":"","_kad_post_feature_position":"","_kad_post_header":false,"_kad_post_footer":false},"product_brand":[],"product_cat":[655,767,318,612,295,108,331],"product_tag":[1097,1098,1099,1100,339,1101,1102,1103,1104],"class_list":{"0":"post-3462","1":"product","2":"type-product","3":"status-publish","4":"has-post-thumbnail","6":"product_cat-antibioticos","7":"product_cat-crema-para-la-piel","8":"product_cat-cremas","9":"product_cat-cuidado-de-la-piel-y-unas","10":"product_cat-laboratorios-saimed","11":"product_cat-salud-y-belleza","12":"product_cat-unguento","13":"product_tag-bacitracina-zinc","14":"product_tag-impetigo","15":"product_tag-llagas-de-presion","16":"product_tag-neomicina-sulfato","17":"product_tag-quemaduras","18":"product_tag-topico-de-amplio-espectro-antibacteriano","19":"product_tag-ulceras-troficas","20":"product_tag-ulceras-varicosas","21":"product_tag-unguento-usp","23":"first","24":"instock","25":"purchasable","26":"product-type-simple","27":"entry","28":"content-bg","29":"loop-entry"},"_links":{"self":[{"href":"https:\/\/vitaminaselsalvador.net\/index.php\/wp-json\/wp\/v2\/product\/3462","targetHints":{"allow":["GET"]}}],"collection":[{"href":"https:\/\/vitaminaselsalvador.net\/index.php\/wp-json\/wp\/v2\/product"}],"about":[{"href":"https:\/\/vitaminaselsalvador.net\/index.php\/wp-json\/wp\/v2\/types\/product"}],"replies":[{"embeddable":true,"href":"https:\/\/vitaminaselsalvador.net\/index.php\/wp-json\/wp\/v2\/comments?post=3462"}],"wp:featuredmedia":[{"embeddable":true,"href":"https:\/\/vitaminaselsalvador.net\/index.php\/wp-json\/wp\/v2\/media\/3513"}],"wp:attachment":[{"href":"https:\/\/vitaminaselsalvador.net\/index.php\/wp-json\/wp\/v2\/media?parent=3462"}],"wp:term":[{"taxonomy":"product_brand","embeddable":true,"href":"https:\/\/vitaminaselsalvador.net\/index.php\/wp-json\/wp\/v2\/product_brand?post=3462"},{"taxonomy":"product_cat","embeddable":true,"href":"https:\/\/vitaminaselsalvador.net\/index.php\/wp-json\/wp\/v2\/product_cat?post=3462"},{"taxonomy":"product_tag","embeddable":true,"href":"https:\/\/vitaminaselsalvador.net\/index.php\/wp-json\/wp\/v2\/product_tag?post=3462"}],"curies":[{"name":"wp","href":"https:\/\/api.w.org\/{rel}","templated":true}]}}