{"id":3460,"date":"2022-11-02T21:15:52","date_gmt":"2022-11-03T03:15:52","guid":{"rendered":"https:\/\/vitaminaselsalvador.net\/?post_type=product&#038;p=3460"},"modified":"2025-07-08T11:04:59","modified_gmt":"2025-07-08T17:04:59","slug":"artribion-vitaminado-inyeccion-tripack","status":"publish","type":"product","link":"https:\/\/vitaminaselsalvador.net\/index.php\/product\/artribion-vitaminado-inyeccion-tripack\/","title":{"rendered":"ARTRIBION VITAMINADO INYECCION TRIPACK"},"content":{"rendered":"<address><img loading=\"lazy\" decoding=\"async\" class=\"aligncenter size-medium wp-image-976\" src=\"http:\/\/vitaminas.comprarenelsalvador.com\/wp-content\/uploads\/2014\/03\/Destacada1-300x300.jpg\" alt=\"\" width=\"300\" height=\"300\" \/><\/address>\n<address style=\"text-align: center;\"><span style=\"color: #000000;\"><strong>Dosis<\/strong><\/span><\/address>\n<address style=\"text-align: center;\"><span style=\"color: #000000;\"><b>La d\u00f3sis y el tiempo de tratamiento queda a juicio del m\u00e9dico.<\/b><\/span><\/address>\n<address style=\"text-align: center;\"><span style=\"color: #ff0000;\"><strong>Por lo general se recomienda:<\/strong><\/span><\/address>\n<address style=\"text-align: center;\"><span style=\"color: #000000;\"><strong>Aplicar una inyecci\u00f3n por via intramuscular profunda en el cuadrante superior externo del gl\u00fateo cada 24 horas<\/strong><\/span><\/address>\n<address style=\"text-align: center;\"><span style=\"color: #0000ff;\"><strong>VIA DE ADMINISTRACION:<\/strong><\/span><\/address>\n<address style=\"text-align: center;\"><span style=\"color: #ff0000;\"><strong>Intramuscular<\/strong><\/span><\/address>\n<address style=\"text-align: center;\"><strong><span style=\"color: #0000ff;\">CONTRAINDICACIONES Y ADVERTENCIAS:<\/span><\/strong><\/address>\n<address style=\"text-align: center;\"><span style=\"color: #000000;\"><strong>Hipersensibilidad a alg\u00fan componente de la f\u00f3rmula, \u00falcera gastroduodenal.<\/strong><\/span><\/address>\n<address style=\"text-align: center;\"><span style=\"color: #000000;\"><strong>No usarlo durante el embarazo y lactancia.<\/strong><\/span><\/address>\n<address style=\"text-align: center;\"><span style=\"color: #000000;\"><strong>Contraindicado en pacientes con insuficiencia renal y\/o hep\u00e1tica y en pacientes con antecedentes al\u00e9rgicos a la aspirina.<\/strong><\/span><\/address>\n","protected":false},"excerpt":{"rendered":"<h2 style=\"text-align: center;\"><strong><span style=\"color: #0000ff;\">PRECIO TRIPACK (3 Inyecciones)<\/span><\/strong><\/h2>\n<address style=\"text-align: center;\"><strong><span style=\"color: #000000;\"><span style=\"color: #000000;\">INDICACIONES:<\/span><\/span><\/strong><\/address>\n<address style=\"text-align: center;\"><strong><span style=\"color: #ff0000;\">Anti-inflamatorio con acci\u00f3n analg\u00e9sica, Anti-reum\u00e1tica y Anti-neuritica.<\/span><\/strong><\/address>\n<address style=\"text-align: center;\">\u00a0<\/address>\n","protected":false},"featured_media":3488,"comment_status":"closed","ping_status":"closed","template":"","meta":{"_kad_post_transparent":"","_kad_post_title":"","_kad_post_layout":"","_kad_post_sidebar_id":"","_kad_post_content_style":"","_kad_post_vertical_padding":"","_kad_post_feature":"","_kad_post_feature_position":"","_kad_post_header":false,"_kad_post_footer":false},"product_brand":[],"product_cat":[104,516,106,108],"product_tag":[109,110,111,112,113,114,115,116,117,1094,1095,118,119,120,610,121],"class_list":{"0":"post-3460","1":"product","2":"type-product","3":"status-publish","4":"has-post-thumbnail","6":"product_cat-artritis","7":"product_cat-inyectables","8":"product_cat-laboratorios-biokemical","9":"product_cat-salud-y-belleza","10":"product_tag-artribion","11":"product_tag-artribion-amazon","12":"product_tag-artribion-ebay","13":"product_tag-artribion-el-salvador","14":"product_tag-artribion-formula","15":"product_tag-artribion-forte-efectos-secundarios","16":"product_tag-artribion-forte-para-que-sirve","17":"product_tag-artribion-fuerte","18":"product_tag-artribion-gel","19":"product_tag-artribion-inyeccion","20":"product_tag-artribion-inyectable","21":"product_tag-artribion-original-de-el-salvador","22":"product_tag-artribion-para-que-sirve","23":"product_tag-artribion-pomada","24":"product_tag-artribion-vitaminad","25":"product_tag-artribion-vitaminado-el-salvador","27":"first","28":"instock","29":"purchasable","30":"product-type-simple","31":"entry","32":"content-bg","33":"loop-entry"},"_links":{"self":[{"href":"https:\/\/vitaminaselsalvador.net\/index.php\/wp-json\/wp\/v2\/product\/3460","targetHints":{"allow":["GET"]}}],"collection":[{"href":"https:\/\/vitaminaselsalvador.net\/index.php\/wp-json\/wp\/v2\/product"}],"about":[{"href":"https:\/\/vitaminaselsalvador.net\/index.php\/wp-json\/wp\/v2\/types\/product"}],"replies":[{"embeddable":true,"href":"https:\/\/vitaminaselsalvador.net\/index.php\/wp-json\/wp\/v2\/comments?post=3460"}],"wp:featuredmedia":[{"embeddable":true,"href":"https:\/\/vitaminaselsalvador.net\/index.php\/wp-json\/wp\/v2\/media\/3488"}],"wp:attachment":[{"href":"https:\/\/vitaminaselsalvador.net\/index.php\/wp-json\/wp\/v2\/media?parent=3460"}],"wp:term":[{"taxonomy":"product_brand","embeddable":true,"href":"https:\/\/vitaminaselsalvador.net\/index.php\/wp-json\/wp\/v2\/product_brand?post=3460"},{"taxonomy":"product_cat","embeddable":true,"href":"https:\/\/vitaminaselsalvador.net\/index.php\/wp-json\/wp\/v2\/product_cat?post=3460"},{"taxonomy":"product_tag","embeddable":true,"href":"https:\/\/vitaminaselsalvador.net\/index.php\/wp-json\/wp\/v2\/product_tag?post=3460"}],"curies":[{"name":"wp","href":"https:\/\/api.w.org\/{rel}","templated":true}]}}