{"id":3459,"date":"2022-11-02T21:15:52","date_gmt":"2022-11-03T03:15:52","guid":{"rendered":"https:\/\/vitaminaselsalvador.net\/?post_type=product&#038;p=3459"},"modified":"2025-07-08T11:04:59","modified_gmt":"2025-07-08T17:04:59","slug":"pulmo-grip-jarabe-para-la-gripe-resfriado-y-tos","status":"publish","type":"product","link":"https:\/\/vitaminaselsalvador.net\/index.php\/product\/pulmo-grip-jarabe-para-la-gripe-resfriado-y-tos\/","title":{"rendered":"PULMO GRIP Jarabe Para La Gripe Resfriado y Tos"},"content":{"rendered":"<p style=\"text-align: center;\"><span style=\"color: #339966;\"><strong><em>DOSIS:<\/em><\/strong><\/span><br \/>\n<span style=\"color: #ff0000;\"><strong><em>No exceder 4 dosis en 24 horas; o seg\u00fan prescripci\u00f3n m\u00e9dica.<\/em><\/strong><\/span><br \/>\n<span style=\"color: #0000ff;\"><strong><em>Adultos y ni\u00f1os de 12 a\u00f1os:<\/em><\/strong><\/span><br \/>\n<span style=\"color: #000000;\"><strong><em>1 1\/2 a 2 cucharadas (22.5 a 30 mL) cada 6 a 8 horas.<\/em><\/strong><\/span><br \/>\n<span style=\"color: #0000ff;\"><strong><em>Ni\u00f1os de 6 &#8211; 12 a\u00f1os:<\/em><\/strong><\/span><br \/>\n<span style=\"color: #000000;\"><strong><em>2 a 3 cucharaditas (10 a 15 mL) cada 6 a 8 horas.<\/em><\/strong><\/span><br \/>\n<span style=\"color: #0000ff;\"><strong><em>Ni\u00f1os de 2 &#8211; 6 a\u00f1os:<\/em><\/strong><\/span><br \/>\n<span style=\"color: #000000;\"><strong><em>1 a 1 1\/2 cucharaditas (5 a 7.5 mL) cada 6 a 8 horas.<\/em><\/strong><\/span><\/p>\n","protected":false},"excerpt":{"rendered":"<p style=\"text-align: center;\"><span style=\"color: #000000;\"><strong><em>Pulmo Grip<\/em><\/strong><\/span><br \/>\n<img loading=\"lazy\" decoding=\"async\" class=\"aligncenter size-medium wp-image-9330\" src=\"http:\/\/vitaminas.comprarenelsalvador.com\/wp-content\/uploads\/2019\/04\/Pulmo-Grip-Gripe-Resfriados-y-Tos-Jarabe-ves-300x300.jpg\" alt=\"\" width=\"300\" height=\"300\" \/><br \/>\n<span style=\"color: #000000;\"><strong><em>Bals\u00e1mico<\/em><\/strong><\/span><br \/>\n<span style=\"color: #000000;\"><strong><em>Jarabe 120 mL<\/em><\/strong><\/span><\/p>\n<p style=\"text-align: center;\"><span style=\"color: #008000;\"><strong><em>Gripe, Resfriado y Tos<\/em><\/strong><\/span><\/p>\n<p style=\"text-align: center;\"><span style=\"color: #000000;\"><strong><em>-Dolor de cabeza y fiebre<\/em><\/strong><\/span><br \/>\n<span style=\"color: #000000;\"><strong><em>-Congesti\u00f3n Nasal<\/em><\/strong><\/span><br \/>\n<span style=\"color: #000000;\"><strong><em>-Tos y Estornudos<\/em><\/strong><\/span><br \/>\n<span style=\"color: #000000;\"><strong><em>-Dolor de garganta e Irritaci\u00f3n<\/em><\/strong><\/span><\/p>\n<p>&nbsp;<\/p>\n","protected":false},"featured_media":3487,"comment_status":"closed","ping_status":"closed","template":"","meta":{"_kad_post_transparent":"","_kad_post_title":"","_kad_post_layout":"","_kad_post_sidebar_id":"","_kad_post_content_style":"","_kad_post_vertical_padding":"","_kad_post_feature":"","_kad_post_feature_position":"","_kad_post_header":false,"_kad_post_footer":false},"product_brand":[],"product_cat":[1024,382,1023,94,212,1025],"product_tag":[632,824,1089,1090,1091,1092,652,619,1093],"class_list":{"0":"post-3459","1":"product","2":"type-product","3":"status-publish","4":"has-post-thumbnail","6":"product_cat-gripe-jarabe","7":"product_cat-gripe","8":"product_cat-jarabe","9":"product_cat-laboratorios-vijosa","10":"product_cat-medicina","11":"product_cat-resfriado-y-tos","12":"product_tag-congestion-nasal","13":"product_tag-dolor-de-cabeza-y-fiebre","14":"product_tag-dolor-de-garganta-e-irritacion","15":"product_tag-gripe","16":"product_tag-pulmo-grip","17":"product_tag-pulmo-grip-jarabe","18":"product_tag-resfriado","19":"product_tag-tos","20":"product_tag-tos-y-estornudos","22":"first","23":"instock","24":"purchasable","25":"product-type-simple","26":"entry","27":"content-bg","28":"loop-entry"},"_links":{"self":[{"href":"https:\/\/vitaminaselsalvador.net\/index.php\/wp-json\/wp\/v2\/product\/3459","targetHints":{"allow":["GET"]}}],"collection":[{"href":"https:\/\/vitaminaselsalvador.net\/index.php\/wp-json\/wp\/v2\/product"}],"about":[{"href":"https:\/\/vitaminaselsalvador.net\/index.php\/wp-json\/wp\/v2\/types\/product"}],"replies":[{"embeddable":true,"href":"https:\/\/vitaminaselsalvador.net\/index.php\/wp-json\/wp\/v2\/comments?post=3459"}],"wp:featuredmedia":[{"embeddable":true,"href":"https:\/\/vitaminaselsalvador.net\/index.php\/wp-json\/wp\/v2\/media\/3487"}],"wp:attachment":[{"href":"https:\/\/vitaminaselsalvador.net\/index.php\/wp-json\/wp\/v2\/media?parent=3459"}],"wp:term":[{"taxonomy":"product_brand","embeddable":true,"href":"https:\/\/vitaminaselsalvador.net\/index.php\/wp-json\/wp\/v2\/product_brand?post=3459"},{"taxonomy":"product_cat","embeddable":true,"href":"https:\/\/vitaminaselsalvador.net\/index.php\/wp-json\/wp\/v2\/product_cat?post=3459"},{"taxonomy":"product_tag","embeddable":true,"href":"https:\/\/vitaminaselsalvador.net\/index.php\/wp-json\/wp\/v2\/product_tag?post=3459"}],"curies":[{"name":"wp","href":"https:\/\/api.w.org\/{rel}","templated":true}]}}