{"id":3454,"date":"2022-11-02T21:15:51","date_gmt":"2022-11-03T03:15:51","guid":{"rendered":"https:\/\/vitaminaselsalvador.net\/?post_type=product&#038;p=3454"},"modified":"2025-07-08T11:04:57","modified_gmt":"2025-07-08T17:04:57","slug":"nervilan-25000-inyectable-tripack","status":"publish","type":"product","link":"https:\/\/vitaminaselsalvador.net\/index.php\/product\/nervilan-25000-inyectable-tripack\/","title":{"rendered":"NERVILAN 25000 INYECTABLE TRIPACK"},"content":{"rendered":"<p style=\"text-align: center;\"><span style=\"color: #000000;\"><strong><em>Cuando se requiere un tratamiento intenso y de r\u00e1pida respuesta. <\/em><\/strong><\/span><\/p>\n<p style=\"text-align: center;\"><span style=\"color: #ff0000;\"><strong><em>Se puede iniciar con una dosis diaria.<\/em><\/strong><\/span><\/p>\n<p style=\"text-align: center;\"><span style=\"color: #000000;\"><strong><em>Despu\u00e9s de desaparecidos los s\u00edntomas agudos y dolorosos, continuar la medicaci\u00f3n\u00a0 cada 2 \u00f3 3 d\u00edas, de acuerdo al criterio del doctor.<\/em><\/strong><\/span><\/p>\n<p>&nbsp;<\/p>\n","protected":false},"excerpt":{"rendered":"<address style=\"text-align: center;\"><strong style=\"font-size: 1.5em;\"><span style=\"color: #000000;\"><span style=\"color: #ff0000;\">PRECIO TRIPACK (3 Inyecciones)<\/span><\/span><\/strong><\/address>\n<p style=\"text-align: center;\"><span style=\"color: #000000;\"><strong><em>Procesos inflamatorios agudos y dolorosos neuromusculares.<\/em><\/strong><\/span><\/p>\n<p style=\"text-align: center;\"><span style=\"color: #000000;\"><strong><em>S\u00edndrome cervicobraquial<\/em><\/strong><\/span><\/p>\n<p style=\"text-align: center;\"><span style=\"color: #000000;\"><strong><em>Lumbalgias<\/em><\/strong><\/span><\/p>\n<p style=\"text-align: center;\"><span style=\"color: #000000;\"><strong><em>Ci\u00e1tica<\/em><\/strong><\/span><\/p>\n<p style=\"text-align: center;\"><span style=\"color: #000000;\"><strong><em>Bursitis<\/em><\/strong><\/span><\/p>\n<p style=\"text-align: center;\"><span style=\"color: #000000;\"><strong><em>Tendinopat\u00edas<\/em><\/strong><\/span><\/p>\n<p style=\"text-align: center;\"><span style=\"color: #000000;\"><strong><em>Lesiones deportivas<\/em><\/strong><\/span><\/p>\n<h2 style=\"text-align: center;\"><strong><span style=\"color: #000000;\"><span style=\"color: #000000;\">\u00a0<\/span><\/span><\/strong><\/h2>\n<address style=\"text-align: center;\">\u00a0<\/address>\n","protected":false},"featured_media":3482,"comment_status":"closed","ping_status":"closed","template":"","meta":{"_kad_post_transparent":"","_kad_post_title":"","_kad_post_layout":"","_kad_post_sidebar_id":"","_kad_post_content_style":"","_kad_post_vertical_padding":"","_kad_post_feature":"","_kad_post_feature_position":"","_kad_post_header":false,"_kad_post_footer":false},"product_brand":[],"product_cat":[549,516,1058,166,379,97,98],"product_tag":[1051,1059,1060,1061,1062,1063,1064,1065,1066,1067],"class_list":{"0":"post-3454","1":"product","2":"type-product","3":"status-publish","4":"has-post-thumbnail","6":"product_cat-ampolla-intramuscular","7":"product_cat-inyectables","8":"product_cat-laboratorios-lancasco","9":"product_cat-todo-dolor-y-vitaminas","10":"product_cat-vitaminas","11":"product_cat-vitaminas-neurotropas","12":"product_cat-vitaminas-y-suplementos","13":"product_tag-bursitis","14":"product_tag-ciatica","15":"product_tag-lesiones-deportivas","16":"product_tag-lumbalgias","17":"product_tag-nervilan-25000","18":"product_tag-nervilan-inyeccion","19":"product_tag-nervilan-inyectable","20":"product_tag-procesos-inflamatorios-agudos-y-dolorosos-neuromusculares","21":"product_tag-sindrome-cervicobraquial","22":"product_tag-tendinopatias","24":"first","25":"instock","26":"purchasable","27":"product-type-simple","28":"entry","29":"content-bg","30":"loop-entry"},"_links":{"self":[{"href":"https:\/\/vitaminaselsalvador.net\/index.php\/wp-json\/wp\/v2\/product\/3454","targetHints":{"allow":["GET"]}}],"collection":[{"href":"https:\/\/vitaminaselsalvador.net\/index.php\/wp-json\/wp\/v2\/product"}],"about":[{"href":"https:\/\/vitaminaselsalvador.net\/index.php\/wp-json\/wp\/v2\/types\/product"}],"replies":[{"embeddable":true,"href":"https:\/\/vitaminaselsalvador.net\/index.php\/wp-json\/wp\/v2\/comments?post=3454"}],"wp:featuredmedia":[{"embeddable":true,"href":"https:\/\/vitaminaselsalvador.net\/index.php\/wp-json\/wp\/v2\/media\/3482"}],"wp:attachment":[{"href":"https:\/\/vitaminaselsalvador.net\/index.php\/wp-json\/wp\/v2\/media?parent=3454"}],"wp:term":[{"taxonomy":"product_brand","embeddable":true,"href":"https:\/\/vitaminaselsalvador.net\/index.php\/wp-json\/wp\/v2\/product_brand?post=3454"},{"taxonomy":"product_cat","embeddable":true,"href":"https:\/\/vitaminaselsalvador.net\/index.php\/wp-json\/wp\/v2\/product_cat?post=3454"},{"taxonomy":"product_tag","embeddable":true,"href":"https:\/\/vitaminaselsalvador.net\/index.php\/wp-json\/wp\/v2\/product_tag?post=3454"}],"curies":[{"name":"wp","href":"https:\/\/api.w.org\/{rel}","templated":true}]}}