{"id":3452,"date":"2022-11-02T21:15:51","date_gmt":"2022-11-03T03:15:51","guid":{"rendered":"https:\/\/vitaminaselsalvador.net\/?post_type=product&#038;p=3452"},"modified":"2025-07-08T11:04:57","modified_gmt":"2025-07-08T17:04:57","slug":"ferroprin-anti-stress-tabletas-3pack","status":"publish","type":"product","link":"https:\/\/vitaminaselsalvador.net\/index.php\/product\/ferroprin-anti-stress-tabletas-3pack\/","title":{"rendered":"Ferroprin Anti-Stress Tabletas 3Pack"},"content":{"rendered":"<h6 style=\"text-align: center;\"><img loading=\"lazy\" decoding=\"async\" class=\"aligncenter size-medium wp-image-8949\" src=\"http:\/\/vitaminas.comprarenelsalvador.com\/wp-content\/uploads\/2019\/02\/ferroprin-stress-300x214.png\" alt=\"\" width=\"300\" height=\"214\" \/> <span style=\"color: #000000;\"><strong><em><span class=\"text-p\">Caja x 30 tabletas<\/span><\/em><\/strong><\/span><\/h6>\n<p style=\"text-align: center;\"><span style=\"color: #008000;\"><strong><em>Recomendado para diab\u00e9ticos<\/em><\/strong><\/span><br \/>\n<span style=\"color: #ff0000;\"><strong><em>Dosis<\/em><\/strong><\/span><br \/>\n<span style=\"color: #000000;\"><strong><em>Adolescentes y adultos: <\/em><\/strong><\/span><\/p>\n<p style=\"text-align: center;\"><span style=\"color: #000000;\"><strong><em>Tomar una tableta por la ma\u00f1ana y otra tableta por la tarde.<\/em><\/strong><\/span><\/p>\n<p>&nbsp;<\/p>\n","protected":false},"excerpt":{"rendered":"<p style=\"text-align: center;\"><span style=\"color: #000000;\"><strong><em><span style=\"color: #0000ff;\">Indicaciones:<\/span> <\/em><\/strong><\/span><\/p>\n<p style=\"text-align: center;\"><span style=\"color: #000000;\"><strong><em>Suplemento multivitam\u00ednico indicado para potencializar la memoria, previene la fatiga, refuerza el sistema inmunol\u00f3gico, ayuda a la concentraci\u00f3n y reduce el estr\u00e9s.<\/em><\/strong><\/span><\/p>\n","protected":false},"featured_media":3480,"comment_status":"closed","ping_status":"closed","template":"","meta":{"_kad_post_transparent":"","_kad_post_title":"","_kad_post_layout":"","_kad_post_sidebar_id":"","_kad_post_content_style":"","_kad_post_vertical_padding":"","_kad_post_feature":"","_kad_post_feature_position":"","_kad_post_header":false,"_kad_post_footer":false},"product_brand":[],"product_cat":[93,1044,215,166,97,98],"product_tag":[1045,1046,1047,1048,1049,1050],"class_list":{"0":"post-3452","1":"product","2":"type-product","3":"status-publish","4":"has-post-thumbnail","6":"product_cat-control-de-estres","7":"product_cat-laboratorios-vides","8":"product_cat-tabletas","9":"product_cat-todo-dolor-y-vitaminas","10":"product_cat-vitaminas-neurotropas","11":"product_cat-vitaminas-y-suplementos","12":"product_tag-ayuda-a-la-concentracion-y-reduce-el-estres","13":"product_tag-ferroprin","14":"product_tag-ferroprin-anti-estres","15":"product_tag-para-potencializar-la-memoria","16":"product_tag-previene-la-fatiga","17":"product_tag-refuerza-el-sistema-inmunologico","19":"first","20":"instock","21":"shipping-taxable","22":"purchasable","23":"product-type-simple","24":"entry","25":"content-bg","26":"loop-entry"},"_links":{"self":[{"href":"https:\/\/vitaminaselsalvador.net\/index.php\/wp-json\/wp\/v2\/product\/3452","targetHints":{"allow":["GET"]}}],"collection":[{"href":"https:\/\/vitaminaselsalvador.net\/index.php\/wp-json\/wp\/v2\/product"}],"about":[{"href":"https:\/\/vitaminaselsalvador.net\/index.php\/wp-json\/wp\/v2\/types\/product"}],"replies":[{"embeddable":true,"href":"https:\/\/vitaminaselsalvador.net\/index.php\/wp-json\/wp\/v2\/comments?post=3452"}],"wp:featuredmedia":[{"embeddable":true,"href":"https:\/\/vitaminaselsalvador.net\/index.php\/wp-json\/wp\/v2\/media\/3480"}],"wp:attachment":[{"href":"https:\/\/vitaminaselsalvador.net\/index.php\/wp-json\/wp\/v2\/media?parent=3452"}],"wp:term":[{"taxonomy":"product_brand","embeddable":true,"href":"https:\/\/vitaminaselsalvador.net\/index.php\/wp-json\/wp\/v2\/product_brand?post=3452"},{"taxonomy":"product_cat","embeddable":true,"href":"https:\/\/vitaminaselsalvador.net\/index.php\/wp-json\/wp\/v2\/product_cat?post=3452"},{"taxonomy":"product_tag","embeddable":true,"href":"https:\/\/vitaminaselsalvador.net\/index.php\/wp-json\/wp\/v2\/product_tag?post=3452"}],"curies":[{"name":"wp","href":"https:\/\/api.w.org\/{rel}","templated":true}]}}