{"id":3425,"date":"2022-11-02T21:15:27","date_gmt":"2022-11-03T03:15:27","guid":{"rendered":"https:\/\/vitaminaselsalvador.net\/?post_type=product&#038;p=3425"},"modified":"2025-07-08T11:04:57","modified_gmt":"2025-07-08T17:04:57","slug":"dolo-doceplex-d-inyeccion-unidad","status":"publish","type":"product","link":"https:\/\/vitaminaselsalvador.net\/index.php\/product\/dolo-doceplex-d-inyeccion-unidad\/","title":{"rendered":"DOLO DOCEPLEX &#8211; D INYECCION UNIDAD"},"content":{"rendered":"<address style=\"text-align: center;\">\n<address><span style=\"color: #000000;\"><strong>PRESENTACION:<\/strong><\/span><\/address>\n<address><span style=\"color: #000000;\"><strong>Caja con estuche de seguridad que contiene: <\/strong><\/span><\/address>\n<address><span style=\"color: #000000;\"><strong>Soluci\u00f3n inyectable (ampolla 1 ml + 2 ml) + jeringa descartable + algod\u00f3n con alcohol.<\/strong><\/span><\/address>\n<\/address>\n<address style=\"text-align: center;\">\u00a0<\/address>\n<address style=\"text-align: center;\"><strong><span style=\"color: #000000;\"><span style=\"color: #0000ff;\">DOSIS Y VIA DE ADMINISTRACION<\/span>:<\/span><\/strong><\/address>\n<address style=\"text-align: center;\"><strong><span style=\"color: #000000;\">Observaciones: \u00a0Combinar el contenido de ambas ampollas antes de su uso en una sola jeringa, \u00e9sta presentar\u00e1 una coloraci\u00f3n lechosa, misma que desaparece inmediatamente agitando la jeringa. <\/span><\/strong><\/address>\n<address style=\"text-align: center;\"><strong><span style=\"color: #000000;\">Administrar DOLO-DOCEPLEX-D \u00a0una vez al d\u00eda, por 5 d\u00edas.<\/span><\/strong><\/address>\n<address style=\"text-align: center;\">\u00a0<\/address>\n<address style=\"text-align: center;\">\u00a0<\/address>\n","protected":false},"excerpt":{"rendered":"<address style=\"text-align: center;\"><span style=\"color: #ff0000;\"><strong>INDICACIONES:<\/strong><\/span><\/address>\n<address style=\"text-align: center;\"><strong><span style=\"color: #000000;\">Inflamaci\u00f3n y dolor por alteraciones en el sistema nervioso muscular, dolores oculares, reum\u00e1ticos, musculosquel\u00e9ticos y postraum\u00e1ticos acompa\u00f1ados de inflamaci\u00f3n.<\/span><\/strong><\/address>\n<address style=\"text-align: center;\"><strong><span style=\"color: #000000;\">Neuritis, neuralgias, s\u00edndrome cervical, lumbago, ci\u00e1tica, par\u00e1lisis facial, herpes zoster, traumatismos diversos, lesiones dolorosas de la columna vertebral, ataque agudo de gota, luxaciones, fracturas y esguinces, dolores m\u00fasculonerviosos en hombros y brazos.<\/span><\/strong><\/address>\n<address style=\"text-align: center;\">\u00a0<\/address>\n","protected":false},"featured_media":3312,"comment_status":"closed","ping_status":"closed","template":"","meta":{"_kad_post_transparent":"","_kad_post_title":"","_kad_post_layout":"","_kad_post_sidebar_id":"","_kad_post_content_style":"","_kad_post_vertical_padding":"","_kad_post_feature":"","_kad_post_feature_position":"","_kad_post_header":false,"_kad_post_footer":false},"product_brand":[],"product_cat":[549,104,516,94,107],"product_tag":[559,560,561,562,474,540,300,301],"class_list":{"0":"post-3425","1":"product","2":"type-product","3":"status-publish","4":"has-post-thumbnail","6":"product_cat-ampolla-intramuscular","7":"product_cat-artritis","8":"product_cat-inyectables","9":"product_cat-laboratorios-vijosa","10":"product_cat-medicamento-para-el-dolor","11":"product_tag-dolo-doceplex-d","12":"product_tag-dolo-doceplex-d-amazon","13":"product_tag-dolo-doceplex-d-ebay","14":"product_tag-dolo-doceplex-d-original","15":"product_tag-dolor-por-reuma","16":"product_tag-para-el-reumatismo","17":"product_tag-reuma","18":"product_tag-reumatismo","20":"first","21":"instock","22":"purchasable","23":"product-type-simple","24":"entry","25":"content-bg","26":"loop-entry"},"_links":{"self":[{"href":"https:\/\/vitaminaselsalvador.net\/index.php\/wp-json\/wp\/v2\/product\/3425","targetHints":{"allow":["GET"]}}],"collection":[{"href":"https:\/\/vitaminaselsalvador.net\/index.php\/wp-json\/wp\/v2\/product"}],"about":[{"href":"https:\/\/vitaminaselsalvador.net\/index.php\/wp-json\/wp\/v2\/types\/product"}],"replies":[{"embeddable":true,"href":"https:\/\/vitaminaselsalvador.net\/index.php\/wp-json\/wp\/v2\/comments?post=3425"}],"wp:featuredmedia":[{"embeddable":true,"href":"https:\/\/vitaminaselsalvador.net\/index.php\/wp-json\/wp\/v2\/media\/3312"}],"wp:attachment":[{"href":"https:\/\/vitaminaselsalvador.net\/index.php\/wp-json\/wp\/v2\/media?parent=3425"}],"wp:term":[{"taxonomy":"product_brand","embeddable":true,"href":"https:\/\/vitaminaselsalvador.net\/index.php\/wp-json\/wp\/v2\/product_brand?post=3425"},{"taxonomy":"product_cat","embeddable":true,"href":"https:\/\/vitaminaselsalvador.net\/index.php\/wp-json\/wp\/v2\/product_cat?post=3425"},{"taxonomy":"product_tag","embeddable":true,"href":"https:\/\/vitaminaselsalvador.net\/index.php\/wp-json\/wp\/v2\/product_tag?post=3425"}],"curies":[{"name":"wp","href":"https:\/\/api.w.org\/{rel}","templated":true}]}}