{"id":3424,"date":"2022-11-02T21:15:27","date_gmt":"2022-11-03T03:15:27","guid":{"rendered":"https:\/\/vitaminaselsalvador.net\/?post_type=product&#038;p=3424"},"modified":"2025-07-08T11:04:57","modified_gmt":"2025-07-08T17:04:57","slug":"rosa-mosqueta-mas-vitamina-e","status":"publish","type":"product","link":"https:\/\/vitaminaselsalvador.net\/index.php\/product\/rosa-mosqueta-mas-vitamina-e\/","title":{"rendered":"ROSA MOSQUETA MAS VITAMINA E"},"content":{"rendered":"<div class=\"fieldset-wrapper\">\n<div class=\"field field--name-field-activos field--type-text-long field--label-hidden\">\n<div class=\"field__items\">\n<div class=\"field__item even\">\n<p style=\"text-align: center;\"><span style=\"color: #000000;\"><em><strong><span style=\"color: #ff0000;\">Uso Externo.<\/span> <\/strong><\/em><\/span><br \/>\n<span style=\"color: #000000;\"><em><strong>Para piel madura y seca.<\/strong><\/em><\/span><\/p>\n<p style=\"text-align: center;\"><span style=\"color: #000000;\"><em><strong><span style=\"color: #0000ff;\">Paso 1:<\/span> Sujete la c\u00e1psula. <\/strong><\/em><\/span><br \/>\n<span style=\"color: #000000;\"><em><strong><span style=\"color: #0000ff;\">Paso 2:<\/span> Corte con una tijera la punta de la c\u00e1psula. <\/strong><\/em><\/span><br \/>\n<span style=\"color: #000000;\"><em><strong><span style=\"color: #0000ff;\">Paso 3:<\/span> Dosifique gota a gota en la yema de los dedos <\/strong><\/em><\/span><br \/>\n<span style=\"color: #000000;\"><em><strong><span style=\"color: #0000ff;\">Paso 4:<\/span> Aplique directamente en las l\u00edneas de expresi\u00f3n, cicatrices o manchas a desvanecer. <\/strong><\/em><\/span><\/p>\n<\/div>\n<p style=\"text-align: center;\"><span style=\"color: #ff0000;\"><em><strong>Son perlas dermatologicas, <span style=\"color: #0000ff;\">no bebibles<\/span>, sirven para aplicar en la piel.<\/strong><\/em><\/span><\/p>\n<div class=\"field__item even\">\n<p style=\"text-align: center;\">\n<\/div>\n<\/div>\n<\/div>\n<\/div>\n","protected":false},"excerpt":{"rendered":"<h4 style=\"text-align: center;\"><span style=\"color: #0000ff;\"><strong><em>Contiene 30 perlas dermatologicas<br \/>\n<\/em><\/strong><\/span><\/h4>\n<h4 style=\"text-align: center;\"><span style=\"color: #ff00ff;\"><strong><em>Rosa Mosqueta:<\/em><\/strong><\/span><br \/>\n<span style=\"color: #000000;\"><strong><em>Contiene \u00e1cidos grasos insaturados, vitamina c y d que son potentes antioxidantes, vitamina a y mol\u00e9culas que combaten el envejecimiento.<\/em><\/strong><\/span><\/h4>\n<h4 style=\"text-align: center;\"><span style=\"color: #ffcc00;\"><strong><em>Vitamina E:<\/em><\/strong><\/span><br \/>\n<span style=\"color: #000000;\"><strong><em>Difumina las cicatrices, elimina los peque\u00f1os granitos e imperfecciones y crea una barrera natural para proteger tu piel de los rayos solares. Esta vitamina, tambi\u00e9n es un antioxidante que protege las c\u00e9lulas.<\/em><\/strong><\/span><\/h4>\n<h4 style=\"text-align: center;\"><span style=\"color: #ff0000;\"><strong><em>Reparador de la piel<\/em><\/strong><\/span><br \/>\n<span style=\"color: #000000;\"><strong><em>Antiarrugas<\/em><\/strong><\/span><br \/>\n<span style=\"color: #ff0000;\"><strong><em>Hidratante<\/em><\/strong><\/span><br \/>\n<span style=\"color: #000000;\"><strong><em>Antioxidante<\/em><\/strong><\/span><br \/>\n<span style=\"color: #ff0000;\"><strong><em>Fotoprotector<\/em><\/strong><\/span><br \/>\n<span style=\"color: #000000;\"><strong><em>Regenerador Capilar<\/em><\/strong><\/span><br \/>\n<span style=\"color: #ff0000;\"><strong><em>Cicatrizante<\/em><\/strong><\/span><br \/>\n<span style=\"color: #000000;\"><strong><em>Protector de los rayos del sol<\/em><\/strong><\/span><\/h4>\n<h4 style=\"text-align: center;\"><span style=\"color: #ff0000;\"><strong><em>Beneficios Caracter\u00edsticas:<\/em><\/strong><\/span><\/h4>\n<h4 style=\"text-align: center;\"><span style=\"color: #000000;\"><strong><em>Disminuye cicatrices.<\/em><\/strong><\/span><br \/>\n<span style=\"color: #000000;\"><strong><em>Desvanece manchas.<\/em><\/strong><\/span><br \/>\n<span style=\"color: #000000;\"><strong><em>Desvanece l\u00edneas de expresi\u00f3n.<\/em><\/strong><\/span><\/h4>\n","protected":false},"featured_media":3475,"comment_status":"closed","ping_status":"closed","template":"","meta":{"_kad_post_transparent":"","_kad_post_title":"","_kad_post_layout":"","_kad_post_sidebar_id":"","_kad_post_content_style":"","_kad_post_vertical_padding":"","_kad_post_feature":"","_kad_post_feature_position":"","_kad_post_header":false,"_kad_post_footer":false},"product_brand":[],"product_cat":[612,978,108],"product_tag":[1002,1003,290,1004,1005,1006,1007,1008,1009,1010,1011,1012,1013,841,1014,1015],"class_list":{"0":"post-3424","1":"product","2":"type-product","3":"status-publish","4":"has-post-thumbnail","6":"product_cat-cuidado-de-la-piel-y-unas","7":"product_cat-laboratorios-farquisal","8":"product_cat-salud-y-belleza","9":"product_tag-acidos-grasos-insaturados","10":"product_tag-antiarrugas","11":"product_tag-antioxidante","12":"product_tag-cicatrizante","13":"product_tag-crea-una-barrera-natural-para-proteger-tu-piel-de-los-rayos-solares","14":"product_tag-difumina-las-cicatrices","15":"product_tag-elimina-los-pequenos-granitos-e-imperfecciones","16":"product_tag-fotoprotector","17":"product_tag-hidratante","18":"product_tag-protector-de-los-rayos-del-sol","19":"product_tag-regenerador-capilar","20":"product_tag-reparador-de-la-piel","21":"product_tag-rosa-mosqueta","22":"product_tag-vitamina-a","23":"product_tag-vitamina-c","24":"product_tag-vitamina-d","26":"first","27":"instock","28":"shipping-taxable","29":"purchasable","30":"product-type-simple","31":"entry","32":"content-bg","33":"loop-entry"},"_links":{"self":[{"href":"https:\/\/vitaminaselsalvador.net\/index.php\/wp-json\/wp\/v2\/product\/3424","targetHints":{"allow":["GET"]}}],"collection":[{"href":"https:\/\/vitaminaselsalvador.net\/index.php\/wp-json\/wp\/v2\/product"}],"about":[{"href":"https:\/\/vitaminaselsalvador.net\/index.php\/wp-json\/wp\/v2\/types\/product"}],"replies":[{"embeddable":true,"href":"https:\/\/vitaminaselsalvador.net\/index.php\/wp-json\/wp\/v2\/comments?post=3424"}],"wp:featuredmedia":[{"embeddable":true,"href":"https:\/\/vitaminaselsalvador.net\/index.php\/wp-json\/wp\/v2\/media\/3475"}],"wp:attachment":[{"href":"https:\/\/vitaminaselsalvador.net\/index.php\/wp-json\/wp\/v2\/media?parent=3424"}],"wp:term":[{"taxonomy":"product_brand","embeddable":true,"href":"https:\/\/vitaminaselsalvador.net\/index.php\/wp-json\/wp\/v2\/product_brand?post=3424"},{"taxonomy":"product_cat","embeddable":true,"href":"https:\/\/vitaminaselsalvador.net\/index.php\/wp-json\/wp\/v2\/product_cat?post=3424"},{"taxonomy":"product_tag","embeddable":true,"href":"https:\/\/vitaminaselsalvador.net\/index.php\/wp-json\/wp\/v2\/product_tag?post=3424"}],"curies":[{"name":"wp","href":"https:\/\/api.w.org\/{rel}","templated":true}]}}