{"id":3421,"date":"2022-11-02T21:15:26","date_gmt":"2022-11-03T03:15:26","guid":{"rendered":"https:\/\/vitaminaselsalvador.net\/?post_type=product&#038;p=3421"},"modified":"2025-07-08T11:04:55","modified_gmt":"2025-07-08T17:04:55","slug":"sildenafil-50mg-potenciador-sexual","status":"publish","type":"product","link":"https:\/\/vitaminaselsalvador.net\/index.php\/product\/sildenafil-50mg-potenciador-sexual\/","title":{"rendered":"SILDENAFIL 50mg Potenciador Sexual"},"content":{"rendered":"<h4 style=\"text-align: center;\"><span style=\"color: #ff0000;\"><em><strong>Dosis<\/strong><\/em><\/span><br \/>\n<span style=\"color: #000000;\"><em><strong> Como tratamiento de la disfunci\u00f3n er\u00e9ctil, la dosis usualmente recomendada es de 100mg, no debiendo superar los citados 100mg, desaconsej\u00e1ndose la toma de m\u00e1s de una dosis diaria.<\/strong><\/em><\/span><br \/>\n<span style=\"color: #000000;\"><em><strong> Lo m\u00e1s habitual es el consumo de 50mg \u00f3 100mg &#8211; 30 minutos antes de las relaciones sexuales<\/strong><\/em><\/span><\/h4>\n","protected":false},"excerpt":{"rendered":"<h4 style=\"text-align: center;\"><em><strong><span style=\"color: #000000;\">PRECIO DE <span style=\"color: #ff0000;\">10<\/span> TABLETAS DE 50mg.<\/span><\/strong><\/em><\/h4>\n<h4 style=\"text-align: center;\"><em><strong><span style=\"color: #000000;\">El descubrimiento del Sildenafil para el tratamiento de los problemas de erecci\u00f3n marc\u00f3 el inicio de la 3a revoluci\u00f3n sexual cambiando para siempre, el abordaje de los problemas sexuales.<\/span><\/strong><\/em><br \/>\n<em><strong> <span style=\"color: #ff0000;\">COMO SE TOMA?<\/span><\/strong><\/em><br \/>\n<em><strong> <span style=\"color: #000000;\">Se toma aproximadamente veinticinco a sesenta minutos antes de la relaci\u00f3n sexual.<\/span><\/strong><\/em><br \/>\n<em><strong> <span style=\"color: #000000;\"> Los estudios demuestran que es eficaz tom\u00e1ndola incluso con cinco o seis horas de anticipaci\u00f3n.<\/span><\/strong><\/em><br \/>\n<em><strong> <span style=\"color: #ff0000;\">Se puede tomar en cualquier momento del d\u00eda?<\/span><\/strong><\/em><br \/>\n<em><strong> <span style=\"color: #000000;\">Es recomendable tomarla dos horas despu\u00e9s de comer, es decir, con el estomago vac\u00edo.<\/span><\/strong><\/em><br \/>\n<em><strong> <span style=\"color: #000000;\"> Nunca se debe tomar m\u00e1s de una pastilla por d\u00eda.<\/span><\/strong><\/em><br \/>\n<em><strong> <span style=\"color: #000000;\"> Es importante destacar que este medicamento funciona en el tanto exista un est\u00edmulo sexual, sea una caricia, un pensamiento, un beso o un encuentro sexual propiamente dicho.<\/span><\/strong><\/em><br \/>\n<em><strong> <span style=\"color: #000000;\"> No provoca erecciones espont\u00e1neas.<\/span><\/strong><\/em><br \/>\n<em><strong> <span style=\"color: #ff0000;\">Cu\u00e1nto tarda en hacer efecto?<\/span><\/strong><\/em><br \/>\n<em><strong> <span style=\"color: #000000;\">Usualmente se presenta entre los treinta y sesenta minutos, o incluso antes.<\/span><\/strong><\/em><br \/>\n<em><strong> <span style=\"color: #ff0000;\">Cu\u00e1nto dura el efecto?<\/span><\/strong><\/em><br \/>\n<em><strong> <span style=\"color: #000000;\">El efecto se mantiene por un per\u00edodo de cinco a seis horas.<\/span><\/strong><\/em><br \/>\n<em><strong> <span style=\"color: #ff0000;\">Provoca erecciones por seis horas?<\/span><\/strong><\/em><br \/>\n<em><strong> <span style=\"color: #000000;\">De ninguna manera.<\/span><\/strong><\/em><br \/>\n<em><strong> <span style=\"color: #000000;\"> Este medicamento permite que durante seis horas se pueda desencadenar la erecci\u00f3n ante un est\u00edmulo sexual, pero no provoca erecciones por varias horas.<\/span><\/strong><\/em><\/h4>\n","protected":false},"featured_media":3472,"comment_status":"closed","ping_status":"closed","template":"","meta":{"_kad_post_transparent":"","_kad_post_title":"","_kad_post_layout":"","_kad_post_sidebar_id":"","_kad_post_content_style":"","_kad_post_vertical_padding":"","_kad_post_feature":"","_kad_post_feature_position":"","_kad_post_header":false,"_kad_post_footer":false},"product_brand":[],"product_cat":[443,504],"product_tag":[789,586,790,512,792,977,793],"class_list":{"0":"post-3421","1":"product","2":"type-product","3":"status-publish","4":"has-post-thumbnail","6":"product_cat-laboratorios-medikem","7":"product_cat-potenciador-sexual","8":"product_tag-encuentro-sexual","9":"product_tag-ereccion","10":"product_tag-estimulo-sexual","11":"product_tag-problemas-de-ereccion","12":"product_tag-relacion-sexual","13":"product_tag-sildenafil-medikem","14":"product_tag-viagra","16":"first","17":"instock","18":"shipping-taxable","19":"purchasable","20":"product-type-simple","21":"entry","22":"content-bg","23":"loop-entry"},"_links":{"self":[{"href":"https:\/\/vitaminaselsalvador.net\/index.php\/wp-json\/wp\/v2\/product\/3421","targetHints":{"allow":["GET"]}}],"collection":[{"href":"https:\/\/vitaminaselsalvador.net\/index.php\/wp-json\/wp\/v2\/product"}],"about":[{"href":"https:\/\/vitaminaselsalvador.net\/index.php\/wp-json\/wp\/v2\/types\/product"}],"replies":[{"embeddable":true,"href":"https:\/\/vitaminaselsalvador.net\/index.php\/wp-json\/wp\/v2\/comments?post=3421"}],"wp:featuredmedia":[{"embeddable":true,"href":"https:\/\/vitaminaselsalvador.net\/index.php\/wp-json\/wp\/v2\/media\/3472"}],"wp:attachment":[{"href":"https:\/\/vitaminaselsalvador.net\/index.php\/wp-json\/wp\/v2\/media?parent=3421"}],"wp:term":[{"taxonomy":"product_brand","embeddable":true,"href":"https:\/\/vitaminaselsalvador.net\/index.php\/wp-json\/wp\/v2\/product_brand?post=3421"},{"taxonomy":"product_cat","embeddable":true,"href":"https:\/\/vitaminaselsalvador.net\/index.php\/wp-json\/wp\/v2\/product_cat?post=3421"},{"taxonomy":"product_tag","embeddable":true,"href":"https:\/\/vitaminaselsalvador.net\/index.php\/wp-json\/wp\/v2\/product_tag?post=3421"}],"curies":[{"name":"wp","href":"https:\/\/api.w.org\/{rel}","templated":true}]}}