{"id":3420,"date":"2022-11-02T21:15:26","date_gmt":"2022-11-03T03:15:26","guid":{"rendered":"https:\/\/vitaminaselsalvador.net\/?post_type=product&#038;p=3420"},"modified":"2025-07-08T11:04:55","modified_gmt":"2025-07-08T17:04:55","slug":"lecitina-de-soya-2pack","status":"publish","type":"product","link":"https:\/\/vitaminaselsalvador.net\/index.php\/product\/lecitina-de-soya-2pack\/","title":{"rendered":"LECITINA DE SOYA 2PACK"},"content":{"rendered":"<h4 style=\"text-align: center;\"><em><strong>\u00a0<\/strong><\/em><\/h4>\n<h4 style=\"text-align: center;\"><em><strong><span style=\"color: #ff0000;\">Dosis:<\/span><\/strong><\/em><\/h4>\n<h4 style=\"text-align: center;\"><em><strong><span style=\"color: #000000;\">1 a 3 c\u00e1psulas al d\u00eda, en adultos y ni\u00f1os mayores de 12 a\u00f1os. <\/span><\/strong><\/em><\/h4>\n","protected":false},"excerpt":{"rendered":"<address>\n<h4 style=\"text-align: center;\"><code><\/code><span style=\"color: #000000;\"><strong><em>Contenido: <span style=\"color: #0000ff;\">2Pack<\/span> incluye dos cajitas de 30 C\u00e1psulas cada una<\/em><\/strong><\/span><\/h4>\n<\/address>\n<h4 style=\"text-align: center;\"><span style=\"color: #ff0000;\"><strong><em>PROPIEDADES:<\/em><\/strong><\/span><\/h4>\n<h4 style=\"text-align: center;\"><span style=\"color: #000000;\"><strong><em>La lecitina de soya es un complemento diet\u00e9tico que ayuda a reducir los niveles de colesterol, aporta F\u00f3sforo, por lo que ayuda a fortalecer el cerebro contra fallos de la memoria y en casos de falta de concentraci\u00f3n. <\/em><\/strong><\/span><\/h4>\n<h4 style=\"text-align: center;\"><span style=\"color: #000000;\"><strong><em>Est\u00e1 indicado en regimenes de adelgazamiento, ya que quema las grasas del tejido adiposo.<\/em><\/strong><\/span><\/h4>\n","protected":false},"featured_media":3471,"comment_status":"closed","ping_status":"closed","template":"","meta":{"_kad_post_transparent":"","_kad_post_title":"","_kad_post_layout":"","_kad_post_sidebar_id":"","_kad_post_content_style":"","_kad_post_vertical_padding":"","_kad_post_feature":"","_kad_post_feature_position":"","_kad_post_header":false,"_kad_post_footer":false},"product_brand":[],"product_cat":[250,735,443],"product_tag":[972,973,149,974,975,976],"class_list":{"0":"post-3420","1":"product","2":"type-product","3":"status-publish","4":"has-post-thumbnail","6":"product_cat-capsulas","7":"product_cat-contro-de-peso","8":"product_cat-laboratorios-medikem","9":"product_tag-aporta-fosforo","10":"product_tag-contra-fallos-de-la-memoria","11":"product_tag-falta-de-concentracion","12":"product_tag-fortalece-el-cerebro","13":"product_tag-lecitina-de-soya","14":"product_tag-reduce-los-niveles-de-colesterol","16":"first","17":"instock","18":"shipping-taxable","19":"purchasable","20":"product-type-simple","21":"entry","22":"content-bg","23":"loop-entry"},"_links":{"self":[{"href":"https:\/\/vitaminaselsalvador.net\/index.php\/wp-json\/wp\/v2\/product\/3420","targetHints":{"allow":["GET"]}}],"collection":[{"href":"https:\/\/vitaminaselsalvador.net\/index.php\/wp-json\/wp\/v2\/product"}],"about":[{"href":"https:\/\/vitaminaselsalvador.net\/index.php\/wp-json\/wp\/v2\/types\/product"}],"replies":[{"embeddable":true,"href":"https:\/\/vitaminaselsalvador.net\/index.php\/wp-json\/wp\/v2\/comments?post=3420"}],"wp:featuredmedia":[{"embeddable":true,"href":"https:\/\/vitaminaselsalvador.net\/index.php\/wp-json\/wp\/v2\/media\/3471"}],"wp:attachment":[{"href":"https:\/\/vitaminaselsalvador.net\/index.php\/wp-json\/wp\/v2\/media?parent=3420"}],"wp:term":[{"taxonomy":"product_brand","embeddable":true,"href":"https:\/\/vitaminaselsalvador.net\/index.php\/wp-json\/wp\/v2\/product_brand?post=3420"},{"taxonomy":"product_cat","embeddable":true,"href":"https:\/\/vitaminaselsalvador.net\/index.php\/wp-json\/wp\/v2\/product_cat?post=3420"},{"taxonomy":"product_tag","embeddable":true,"href":"https:\/\/vitaminaselsalvador.net\/index.php\/wp-json\/wp\/v2\/product_tag?post=3420"}],"curies":[{"name":"wp","href":"https:\/\/api.w.org\/{rel}","templated":true}]}}