{"id":3415,"date":"2022-11-02T21:15:25","date_gmt":"2022-11-03T03:15:25","guid":{"rendered":"https:\/\/vitaminaselsalvador.net\/?post_type=product&#038;p=3415"},"modified":"2025-07-08T11:04:55","modified_gmt":"2025-07-08T17:04:55","slug":"nordifenac-anti-reumatico-inyectable-3-pack","status":"publish","type":"product","link":"https:\/\/vitaminaselsalvador.net\/index.php\/product\/nordifenac-anti-reumatico-inyectable-3-pack\/","title":{"rendered":"Nordifenac Anti Reumatico Inyectable 3 Pack"},"content":{"rendered":"<address style=\"text-align: center;\">\u00a0<\/address>\n<address style=\"text-align: center;\"><strong><span style=\"color: #000000;\">Dosis y V\u00eda de Administraci\u00f3n: <\/span><\/strong><\/address>\n<address style=\"text-align: center;\"><strong><span style=\"color: #000000;\">Salvo prescripci\u00f3n\u00a0 m\u00e9dica se recomienda:<br \/>\nAdministrar una ampolla de <span style=\"color: #008080;\">Nordifenac<\/span> diaria.<\/span><\/strong><\/address>\n<address style=\"text-align: center;\"><strong><span style=\"color: #000000;\"> En casos <\/span><\/strong><strong><span style=\"color: #000000;\">severos administrar una ampolla de <span style=\"color: #008080;\">Nordifenac<\/span> cada<br \/>\n12 horas por no m\u00e1s de tres dias.<\/span><\/strong><\/address>\n<address style=\"text-align: center;\"><strong><span style=\"color: #0000ff;\">RECOMENDACIONES:<\/span><\/strong><\/address>\n<address style=\"text-align: center;\"><span style=\"color: #000000;\"><strong>Consulte a su m\u00e9dico antes de utilizar este prod\u00facto en caso de embarazo, lactancia, pacientes que padecen de asma. No utilice este prod\u00facto en caso de hipersensibilidad a alg\u00fan componente de la f\u00f3rmula u otro anti-inflamatorio no esteroideo.<\/strong><\/span><\/address>\n","protected":false},"excerpt":{"rendered":"<h2 style=\"text-align: center;\"><strong><span style=\"color: #0000ff;\">PRECIO TRIPACK (3 Inyecciones)<\/span><\/strong><\/h2>\n<address style=\"text-align: center;\"><strong><span style=\"color: #ff0000;\">Indicaciones: <\/span><\/strong><\/address>\n<address style=\"text-align: center;\"><span style=\"color: #008080;\"><strong>Todo tipo de inflamaci\u00f3n, reumatismo y dolor.<\/strong><\/span><\/address>\n<address style=\"text-align: center;\"><span style=\"color: #008080;\"><strong>Inflamaci\u00f3n de tendones, ligamentos y\/o articulaciones. <\/strong><\/span><\/address>\n<address style=\"text-align: center;\"><span style=\"color: #008080;\"><strong>Artritis.<\/strong><\/span><\/address>\n<address style=\"text-align: center;\"><span style=\"color: #008080;\"><strong>Cefaleas, migra\u00f1as. <\/strong><\/span><\/address>\n<address style=\"text-align: center;\"><span style=\"color: #008080;\"><strong>Dolores de columna vertebral.<\/strong><\/span><\/address>\n<address style=\"text-align: center;\"><span style=\"color: #008080;\"><strong>Inflamaci\u00f3n y dolor post-operatorio y traum\u00e1tico, cirug\u00eda dental u ortop\u00e9dica.<\/strong><\/span><\/address>\n<address style=\"text-align: center;\"><span style=\"color: #008080;\"><strong>Dismenorrea (dolor y\/o inflamaci\u00f3n del vientre \/ \u00fatero).<\/strong><\/span><\/address>\n<address style=\"text-align: center;\"><span style=\"color: #008080;\"><strong>Anexitis (lnflamaci\u00f3n de los ovarios).<\/strong><\/span><\/address>\n<address style=\"text-align: center;\"><span style=\"color: #008080;\"><strong>Tratamiento del dolor e inflamaci\u00f3n del tracto respiratorio en infecciones graves del o\u00eddo, nar\u00edz y garganta.<\/strong><\/span><\/address>\n<address style=\"text-align: center;\"><span style=\"color: #008080;\"><strong>Cuadros e inflamaci\u00f3n de or\u00edgen gotoso (ataque de gota).<\/strong><\/span><\/address>\n","protected":false},"featured_media":3444,"comment_status":"closed","ping_status":"closed","template":"","meta":{"_kad_post_transparent":"","_kad_post_title":"","_kad_post_layout":"","_kad_post_sidebar_id":"","_kad_post_content_style":"","_kad_post_vertical_padding":"","_kad_post_feature":"","_kad_post_feature_position":"","_kad_post_header":false,"_kad_post_footer":false},"product_brand":[],"product_cat":[549,104,235,516,94],"product_tag":[912,355,463,913,914,915,916,917,918,919,920,921,922,923],"class_list":{"0":"post-3415","1":"product","2":"type-product","3":"status-publish","4":"has-post-thumbnail","6":"product_cat-ampolla-intramuscular","7":"product_cat-artritis","8":"product_cat-artritis-artrosis-reuma","9":"product_cat-inyectables","10":"product_cat-laboratorios-vijosa","11":"product_tag-anexitis-lnflamacion-de-los-ovarios","12":"product_tag-artritis","13":"product_tag-cefaleas","14":"product_tag-cirugia-dental-u-ortopedica","15":"product_tag-dismenorrea-dolor-y-o-inflamacion-del-vientre-utero","16":"product_tag-dolor-e-inflamacion-del-tracto-respiratorio","17":"product_tag-dolores-de-columna-vertebral","18":"product_tag-inflamacion","19":"product_tag-inflamacion-de-ligamentos-y-o-articulaciones","20":"product_tag-inflamacion-de-origen-gotoso-ataque-de-gota","21":"product_tag-inflamacion-de-tendones","22":"product_tag-inflamacion-y-dolor-post-operatorio-y-traumatico","23":"product_tag-migranas","24":"product_tag-reumatismo-y-dolor","26":"first","27":"instock","28":"purchasable","29":"product-type-simple","30":"entry","31":"content-bg","32":"loop-entry"},"_links":{"self":[{"href":"https:\/\/vitaminaselsalvador.net\/index.php\/wp-json\/wp\/v2\/product\/3415","targetHints":{"allow":["GET"]}}],"collection":[{"href":"https:\/\/vitaminaselsalvador.net\/index.php\/wp-json\/wp\/v2\/product"}],"about":[{"href":"https:\/\/vitaminaselsalvador.net\/index.php\/wp-json\/wp\/v2\/types\/product"}],"replies":[{"embeddable":true,"href":"https:\/\/vitaminaselsalvador.net\/index.php\/wp-json\/wp\/v2\/comments?post=3415"}],"wp:featuredmedia":[{"embeddable":true,"href":"https:\/\/vitaminaselsalvador.net\/index.php\/wp-json\/wp\/v2\/media\/3444"}],"wp:attachment":[{"href":"https:\/\/vitaminaselsalvador.net\/index.php\/wp-json\/wp\/v2\/media?parent=3415"}],"wp:term":[{"taxonomy":"product_brand","embeddable":true,"href":"https:\/\/vitaminaselsalvador.net\/index.php\/wp-json\/wp\/v2\/product_brand?post=3415"},{"taxonomy":"product_cat","embeddable":true,"href":"https:\/\/vitaminaselsalvador.net\/index.php\/wp-json\/wp\/v2\/product_cat?post=3415"},{"taxonomy":"product_tag","embeddable":true,"href":"https:\/\/vitaminaselsalvador.net\/index.php\/wp-json\/wp\/v2\/product_tag?post=3415"}],"curies":[{"name":"wp","href":"https:\/\/api.w.org\/{rel}","templated":true}]}}