{"id":3414,"date":"2022-11-02T21:15:25","date_gmt":"2022-11-03T03:15:25","guid":{"rendered":"https:\/\/vitaminaselsalvador.net\/?post_type=product&#038;p=3414"},"modified":"2025-07-08T11:04:55","modified_gmt":"2025-07-08T17:04:55","slug":"estimulante-del-apetito-buclifeno-vita-medikem","status":"publish","type":"product","link":"https:\/\/vitaminaselsalvador.net\/index.php\/product\/estimulante-del-apetito-buclifeno-vita-medikem\/","title":{"rendered":"Estimulante del Apetito BUCLIFENO VITA MEDIKEM"},"content":{"rendered":"<h5 style=\"text-align: center;\"><span style=\"color: #ff0000;\"><strong><em>DOSIS:<\/em><\/strong><\/span><\/h5>\n<h5 style=\"text-align: center;\"><span style=\"color: #000000;\"><strong><em>1 c\u00e1psula 2 \u00f3 3 veces al d\u00eda.<\/em><\/strong><\/span><br \/>\n<span style=\"color: #000000;\"><strong><em> Cada c\u00e1psula contiene:<\/em><\/strong><\/span><\/h5>\n<h5 style=\"text-align: center;\"><span style=\"color: #000000;\"><strong><em>Buclizina HCI &#8230;&#8230;&#8230;&#8230;&#8230;&#8230;&#8230;&#8230;&#8230;&#8230;&#8230;&#8230;&#8230;&#8230;&#8230;&#8230;.. 25.0 mg<\/em><\/strong><\/span><br \/>\n<span style=\"color: #000000;\"><strong><em> Vitamina A &#8230;&#8230;&#8230;&#8230;&#8230;&#8230;&#8230;&#8230;&#8230;&#8230;&#8230;&#8230;&#8230;&#8230;&#8230;&#8230;&#8230;. 2,000 U.I.<\/em><\/strong><\/span><br \/>\n<span style=\"color: #000000;\"><strong><em> Vitamina D3 &#8230;&#8230;&#8230;&#8230;&#8230;&#8230;&#8230;&#8230;&#8230;&#8230;&#8230;&#8230;&#8230;&#8230;&#8230;&#8230;&#8230;.. 167 U.I.<\/em><\/strong><\/span><br \/>\n<span style=\"color: #000000;\"><strong><em> Vitamina B1 (Tiamina mononitrato) &#8230;&#8230;&#8230;&#8230;&#8230;&#8230;.. 5.0 mg<\/em><\/strong><\/span><br \/>\n<span style=\"color: #000000;\"><strong><em> Vitamina B2 (Riboflavina base) &#8230;&#8230;&#8230;&#8230;&#8230;&#8230;&#8230;&#8230;&#8230; 5.0 mg<\/em><\/strong><\/span><br \/>\n<span style=\"color: #000000;\"><strong><em> Vitamina B6 (Piridoxina HCl) &#8230;&#8230;&#8230;&#8230;&#8230;&#8230;&#8230;&#8230;&#8230;.. 5.0 mg<\/em><\/strong><\/span><br \/>\n<span style=\"color: #000000;\"><strong><em> Vitamina B12 (Cianocobalamina &#8230;&#8230;&#8230;&#8230;&#8230;&#8230;&#8230;&#8230; 2.5 mcg<\/em><\/strong><\/span><br \/>\n<span style=\"color: #000000;\"><strong><em> Vitamina B3 (Nicotinamida) &#8230;&#8230;&#8230;&#8230;&#8230;&#8230;&#8230;&#8230;&#8230;&#8230;. 5.0 mg<\/em><\/strong><\/span><br \/>\n<span style=\"color: #000000;\"><strong><em> Vitamina C (\u00c1cido Asc\u00f3rbico) &#8230;&#8230;&#8230;&#8230;&#8230;&#8230;&#8230;&#8230;&#8230; 20.0 mg<\/em><\/strong><\/span><\/h5>\n","protected":false},"excerpt":{"rendered":"<h5 style=\"text-align: center;\"><span style=\"color: #000000;\"><em><strong><span style=\"color: #ff0000;\">OFERTA<\/span>: Incluye 1 caja de 20 C\u00e1psulas<\/strong><\/em><\/span><\/h5>\n<h5 style=\"text-align: center;\"><span style=\"color: #000000;\"><em><strong><span style=\"color: #008000;\">INDICACIONES<\/span>:<\/strong><\/em><\/span><\/h5>\n<h5 style=\"text-align: center;\"><span style=\"color: #000000;\"><em><strong><span style=\"color: #ff0000;\">BUCLIFENO\u00ae VITA<\/span>, est\u00e1 indicado para pacientes que presenta disminuci\u00f3n del apetito o malos h\u00e1bitos alimenticios y por consiguiente con deficiencia de peso, en los casos en que se desee estimular el apetito, aumentar el peso corporal y para prevenir la hipovitaminosis.<\/strong><\/em><\/span><\/h5>\n","protected":false},"featured_media":3443,"comment_status":"closed","ping_status":"closed","template":"","meta":{"_kad_post_transparent":"","_kad_post_title":"","_kad_post_layout":"","_kad_post_sidebar_id":"","_kad_post_content_style":"","_kad_post_vertical_padding":"","_kad_post_feature":"","_kad_post_feature_position":"","_kad_post_header":false,"_kad_post_footer":false},"product_brand":[],"product_cat":[250,206,443,379,98],"product_tag":[905,906,907,908,909,910,911],"class_list":{"0":"post-3414","1":"product","2":"type-product","3":"status-publish","4":"has-post-thumbnail","6":"product_cat-capsulas","7":"product_cat-estimulante-del-apetito","8":"product_cat-laboratorios-medikem","9":"product_cat-vitaminas","10":"product_cat-vitaminas-y-suplementos","11":"product_tag-aumentar-el-peso-corporal","12":"product_tag-buclifeno-vita","13":"product_tag-deficiencia-de-peso","14":"product_tag-disminucion-del-apetito","15":"product_tag-estimular-el-apetito","16":"product_tag-malos-habitos-alimenticios","17":"product_tag-prevenir-la-hipovitaminosis","19":"first","20":"instock","21":"shipping-taxable","22":"purchasable","23":"product-type-simple","24":"entry","25":"content-bg","26":"loop-entry"},"_links":{"self":[{"href":"https:\/\/vitaminaselsalvador.net\/index.php\/wp-json\/wp\/v2\/product\/3414","targetHints":{"allow":["GET"]}}],"collection":[{"href":"https:\/\/vitaminaselsalvador.net\/index.php\/wp-json\/wp\/v2\/product"}],"about":[{"href":"https:\/\/vitaminaselsalvador.net\/index.php\/wp-json\/wp\/v2\/types\/product"}],"replies":[{"embeddable":true,"href":"https:\/\/vitaminaselsalvador.net\/index.php\/wp-json\/wp\/v2\/comments?post=3414"}],"wp:featuredmedia":[{"embeddable":true,"href":"https:\/\/vitaminaselsalvador.net\/index.php\/wp-json\/wp\/v2\/media\/3443"}],"wp:attachment":[{"href":"https:\/\/vitaminaselsalvador.net\/index.php\/wp-json\/wp\/v2\/media?parent=3414"}],"wp:term":[{"taxonomy":"product_brand","embeddable":true,"href":"https:\/\/vitaminaselsalvador.net\/index.php\/wp-json\/wp\/v2\/product_brand?post=3414"},{"taxonomy":"product_cat","embeddable":true,"href":"https:\/\/vitaminaselsalvador.net\/index.php\/wp-json\/wp\/v2\/product_cat?post=3414"},{"taxonomy":"product_tag","embeddable":true,"href":"https:\/\/vitaminaselsalvador.net\/index.php\/wp-json\/wp\/v2\/product_tag?post=3414"}],"curies":[{"name":"wp","href":"https:\/\/api.w.org\/{rel}","templated":true}]}}