{"id":3394,"date":"2022-11-02T21:15:00","date_gmt":"2022-11-03T03:15:00","guid":{"rendered":"https:\/\/vitaminaselsalvador.net\/?post_type=product&#038;p=3394"},"modified":"2025-07-08T11:06:31","modified_gmt":"2025-07-08T17:06:31","slug":"anticonceptivo-oral-perla-formula-mejorada-3-pack","status":"publish","type":"product","link":"https:\/\/vitaminaselsalvador.net\/index.php\/product\/anticonceptivo-oral-perla-formula-mejorada-3-pack\/","title":{"rendered":"Anticonceptivo Oral Perla Formula Mejorada 3 Pack"},"content":{"rendered":"<h4 style=\"text-align: center;\"><span style=\"color: #ff0000;\"><strong><em>Instrucciones para el empleo de Nueva Perla<\/em><\/strong><\/span><\/h4>\n<h4 style=\"text-align: center;\"><span style=\"color: #000000;\"><strong><em>El tratamiento se iniciar\u00e1 al quinto d\u00eda del ciclo menstrual<\/em><\/strong><\/span><br \/>\n<span style=\"color: #000000;\"><strong><em>(primera dosis), es decir, 5 dias despu\u00e9s de iniciado el flujo<\/em><\/strong><\/span><br \/>\n<span style=\"color: #000000;\"><strong><em>menstrual, haya o no terminado el sangrado.<\/em><\/strong><\/span><\/h4>\n<h4 style=\"text-align: center;\"><span style=\"color: #000000;\"><strong><em>Siguiendo la direcci\u00f3n de las flechas, tome la segunda d\u00f3sis<\/em><\/strong><\/span><br \/>\n<span style=\"color: #000000;\"><strong><em>y as\u00ed sucesivamente cada d\u00eda hasta terminar el paquete.<\/em><\/strong><\/span><\/h4>\n<h4 style=\"text-align: center;\"><span style=\"color: #000000;\"><strong><em>Tome la tableta de ser posible a la misma hora cada d\u00eda,<\/em><\/strong><\/span><br \/>\n<span style=\"color: #000000;\"><strong><em>preferiblemente a la hora de la cena o al acostarse.<\/em><\/strong><\/span><\/h4>\n<h4 style=\"text-align: center;\"><span style=\"color: #000000;\"><strong><em>Despu\u00e9s de terminar el primer paquete no tome\u00a0 el producto<\/em><\/strong><\/span><br \/>\n<span style=\"color: #000000;\"><strong><em>por 7 d\u00edas (por lo general la menstruaci\u00f3n se iniciara al tercer<\/em><\/strong><\/span><br \/>\n<span style=\"color: #000000;\"><strong><em>d\u00eda despu\u00e9s de haber tomado la ultima tableta).<\/em><\/strong><\/span><\/h4>\n<h4 style=\"text-align: center;\"><span style=\"color: #000000;\"><strong><em>Comience el otro paquete 8 d\u00edas despu\u00e9s de haber tomado<\/em><\/strong><\/span><br \/>\n<span style=\"color: #000000;\"><strong><em>la ultima tableta, aunque no haya cesado el sangrado.<\/em><\/strong><\/span><\/h4>\n<h4 style=\"text-align: center;\"><span style=\"color: #000000;\"><strong><em>Empiece siempre un nuevo paquete de <span style=\"color: #800080;\">NUEVA PERLA<\/span> el<\/em><\/strong><\/span><br \/>\n<span style=\"color: #000000;\"><strong><em>mismo d\u00eda que inicio el primer paquete.<\/em><\/strong><\/span><\/h4>\n<h4 style=\"text-align: center;\"><span style=\"color: #0000ff;\"><strong><em>Su m\u00e9dico o consejero de salud dispone de informaci\u00f3n m\u00e1s<\/em><\/strong><\/span><br \/>\n<span style=\"color: #0000ff;\"><strong><em>completa para usted.<\/em><\/strong><\/span><\/h4>\n","protected":false},"excerpt":{"rendered":"<div class=\"margin\" style=\"text-align: center;\"><span style=\"color: #0000ff;\"><em>3Pack ingluye tres carteritas de 21 tabletas cada<br \/>\n<\/em><\/span><\/div>\n<h4 style=\"text-align: center;\"><span style=\"color: #000000;\"><strong><em><span style=\"color: #800080;\">Las p\u00edldoras anticonceptivas de Perla<\/span> cumplen diversas funciones adem\u00e1s de estar <span style=\"color: #ff0000;\">indicada para las mujeres<\/span> en las cuales los f\u00e1rmacos <span style=\"color: #ff0000;\">para evitar la anticoncepci\u00f3n<\/span> no est\u00e1n contraindicados, en resumen, es <span style=\"color: #ff0000;\">indicada para evitar el embarazo.<\/span><\/em><\/strong><\/span><\/h4>\n<h4 style=\"text-align: center;\"><span style=\"color: #000000;\"><strong><em>Esta p\u00edldora se encarga de inhibir la ovulaci\u00f3n como la gran mayor\u00eda de los f\u00e1rmacos orales combinados, as\u00ed como tambi\u00e9n, se encarga de modificar la producci\u00f3n del mucus cervical, cabe destacar, este mucus es producido por el cuello uterino. Adem\u00e1s de cumplir con estas funciones estas p\u00edldoras disminuyen el riesgo de desarrollar varios tipos de c\u00e1nceres, tales como el CA de Endometrio y el CA de Ovario.<\/em><\/strong><\/span><\/h4>\n<h4 style=\"text-align: center;\"><span style=\"color: #000000;\"><strong><em>Los f\u00e1rmacos Orales Combinados tales como la Perla, son beneficiosos para tratar el acn\u00e9 papulo-pustulosos, es decir, tanto el acn\u00e9 vulgar como el acn\u00e9 ros\u00e1ceo. Cabe destacar, este anticonceptivo es de bajas dosis, debido a que su composici\u00f3n hormonal principalmente los estr\u00f3genos es m\u00e1s baja, por lo cual presenta una menor probabilidad de que las mujeres desarrollen efectos secundarios.<\/em><\/strong><\/span><\/h4>\n<p>&nbsp;<\/p>\n","protected":false},"featured_media":3438,"comment_status":"closed","ping_status":"closed","template":"","meta":{"_kad_post_transparent":"","_kad_post_title":"","_kad_post_layout":"","_kad_post_sidebar_id":"","_kad_post_content_style":"","_kad_post_vertical_padding":"","_kad_post_feature":"","_kad_post_feature_position":"","_kad_post_header":false,"_kad_post_footer":false},"product_brand":[],"product_cat":[697,698,181],"product_tag":[888,889,890,891,892,893,894,895,896],"class_list":{"0":"post-3394","1":"product","2":"type-product","3":"status-publish","4":"has-post-thumbnail","6":"product_cat-anticonceptivo","7":"product_cat-planificacion-familiar","8":"product_cat-tabletas-recubiertas","9":"product_tag-acne-papulo-pustulosos","10":"product_tag-acne-rosaceo","11":"product_tag-acne-vulgar","12":"product_tag-anticoncepcion","13":"product_tag-anticonceptivo-de-bajas-dosis","14":"product_tag-evitar-el-embarazo","15":"product_tag-inhibir-la-ovulacion","16":"product_tag-modifica-la-produccion-del-mucus-cervical","17":"product_tag-pildoras-anticonceptivas-de-perla","19":"first","20":"instock","21":"shipping-taxable","22":"purchasable","23":"product-type-simple","24":"entry","25":"content-bg","26":"loop-entry"},"_links":{"self":[{"href":"https:\/\/vitaminaselsalvador.net\/index.php\/wp-json\/wp\/v2\/product\/3394","targetHints":{"allow":["GET"]}}],"collection":[{"href":"https:\/\/vitaminaselsalvador.net\/index.php\/wp-json\/wp\/v2\/product"}],"about":[{"href":"https:\/\/vitaminaselsalvador.net\/index.php\/wp-json\/wp\/v2\/types\/product"}],"replies":[{"embeddable":true,"href":"https:\/\/vitaminaselsalvador.net\/index.php\/wp-json\/wp\/v2\/comments?post=3394"}],"wp:featuredmedia":[{"embeddable":true,"href":"https:\/\/vitaminaselsalvador.net\/index.php\/wp-json\/wp\/v2\/media\/3438"}],"wp:attachment":[{"href":"https:\/\/vitaminaselsalvador.net\/index.php\/wp-json\/wp\/v2\/media?parent=3394"}],"wp:term":[{"taxonomy":"product_brand","embeddable":true,"href":"https:\/\/vitaminaselsalvador.net\/index.php\/wp-json\/wp\/v2\/product_brand?post=3394"},{"taxonomy":"product_cat","embeddable":true,"href":"https:\/\/vitaminaselsalvador.net\/index.php\/wp-json\/wp\/v2\/product_cat?post=3394"},{"taxonomy":"product_tag","embeddable":true,"href":"https:\/\/vitaminaselsalvador.net\/index.php\/wp-json\/wp\/v2\/product_tag?post=3394"}],"curies":[{"name":"wp","href":"https:\/\/api.w.org\/{rel}","templated":true}]}}