{"id":3392,"date":"2022-11-02T21:15:00","date_gmt":"2022-11-03T03:15:00","guid":{"rendered":"https:\/\/vitaminaselsalvador.net\/?post_type=product&#038;p=3392"},"modified":"2025-07-08T11:06:31","modified_gmt":"2025-07-08T17:06:31","slug":"sin-dolor-con-vitaminas-neurotropasdiclofenac-bote","status":"publish","type":"product","link":"https:\/\/vitaminaselsalvador.net\/index.php\/product\/sin-dolor-con-vitaminas-neurotropasdiclofenac-bote\/","title":{"rendered":"Sin dolor con VITAMINAS NEUROTROPAS+DICLOFENAC BOTE"},"content":{"rendered":"<h3 style=\"text-align: center;\"><em><span style=\"color: #000000;\"><strong><span style=\"color: #ff0000;\">DOSIS:<\/span> <\/strong><\/span><\/em><\/h3>\n<h4 style=\"text-align: center;\"><em><span style=\"color: #000000;\"><strong>1 a 3 C\u00e1psulas al d\u00eda o seg\u00fan prescripci\u00f3n m\u00e9dica<\/strong><\/span><br \/>\n<\/em><\/h4>\n","protected":false},"excerpt":{"rendered":"<div class=\"margin\" style=\"text-align: center;\"><span style=\"color: #0000ff;\"><em>Bote contiene 100 C\u00e1psulas Blandas<\/em><br \/>\n<\/span><\/div>\n<p style=\"text-align: center;\"><strong><em><span style=\"color: #ff0000;\">VITAMINAS<\/span> <span style=\"color: #808000;\">NEUROTROPAS + DICLOFENAC<\/span><br \/>\n<\/em><\/strong><\/p>\n<h4 style=\"text-align: center;\"><strong><em>Indicaciones:<\/em><\/strong><\/h4>\n<h4 style=\"text-align: center;\"><strong><em>Antiinflamatorio con acci\u00f3n analg\u00e9sica y antineuritica. <\/em><\/strong><\/h4>\n<h4 style=\"text-align: center;\"><strong><em>Lumbagos, cervialgias, branquialgias, neuropatias perifericas de diversas cito-patogenia; Neuralgias intercostales, Neuralgia herp\u00e9tica, Neuralgia alcoh\u00f3lica, neuropat\u00eda diab\u00e9tica. <\/em><\/strong><\/h4>\n<h4 style=\"text-align: center;\"><strong><em>Procesos inflamatorios dolorosos, como degenerativos activados por inflamaci\u00f3n por ejemplo: artrosis, esp\u00f3ndiloartrosis, poliartritis anquilosante, ataque agudo de gota, reumatismo de los tejidos blandos y afecciones inflamatorias dolorosas no reum\u00e1ticas.<\/em><\/strong><\/h4>\n<h4 style=\"text-align: center;\"><\/h4>\n","protected":false},"featured_media":3437,"comment_status":"closed","ping_status":"closed","template":"","meta":{"_kad_post_transparent":"","_kad_post_title":"","_kad_post_layout":"","_kad_post_sidebar_id":"","_kad_post_content_style":"","_kad_post_vertical_padding":"","_kad_post_feature":"","_kad_post_feature_position":"","_kad_post_header":false,"_kad_post_footer":false},"product_brand":[],"product_cat":[104,105,107,97],"product_tag":[161,474,883,884,885,886,887,300],"class_list":{"0":"post-3392","1":"product","2":"type-product","3":"status-publish","4":"has-post-thumbnail","6":"product_cat-artritis","7":"product_cat-capsulas-de-gelatina-blanda","8":"product_cat-medicamento-para-el-dolor","9":"product_cat-vitaminas-neurotropas","10":"product_tag-dolor-de-cabeza","11":"product_tag-dolor-por-reuma","12":"product_tag-neurotropas-con-vitaminas-amazon","13":"product_tag-neurotropas-con-vitaminas-bote","14":"product_tag-neurotropas-con-vitaminas-ebay","15":"product_tag-neurotropas-con-vitaminas-original-de-el-salvador","16":"product_tag-neurotropas-con-vitaminas-pomo","17":"product_tag-reuma","19":"first","20":"instock","21":"shipping-taxable","22":"purchasable","23":"product-type-simple","24":"entry","25":"content-bg","26":"loop-entry"},"_links":{"self":[{"href":"https:\/\/vitaminaselsalvador.net\/index.php\/wp-json\/wp\/v2\/product\/3392","targetHints":{"allow":["GET"]}}],"collection":[{"href":"https:\/\/vitaminaselsalvador.net\/index.php\/wp-json\/wp\/v2\/product"}],"about":[{"href":"https:\/\/vitaminaselsalvador.net\/index.php\/wp-json\/wp\/v2\/types\/product"}],"replies":[{"embeddable":true,"href":"https:\/\/vitaminaselsalvador.net\/index.php\/wp-json\/wp\/v2\/comments?post=3392"}],"wp:featuredmedia":[{"embeddable":true,"href":"https:\/\/vitaminaselsalvador.net\/index.php\/wp-json\/wp\/v2\/media\/3437"}],"wp:attachment":[{"href":"https:\/\/vitaminaselsalvador.net\/index.php\/wp-json\/wp\/v2\/media?parent=3392"}],"wp:term":[{"taxonomy":"product_brand","embeddable":true,"href":"https:\/\/vitaminaselsalvador.net\/index.php\/wp-json\/wp\/v2\/product_brand?post=3392"},{"taxonomy":"product_cat","embeddable":true,"href":"https:\/\/vitaminaselsalvador.net\/index.php\/wp-json\/wp\/v2\/product_cat?post=3392"},{"taxonomy":"product_tag","embeddable":true,"href":"https:\/\/vitaminaselsalvador.net\/index.php\/wp-json\/wp\/v2\/product_tag?post=3392"}],"curies":[{"name":"wp","href":"https:\/\/api.w.org\/{rel}","templated":true}]}}