{"id":3390,"date":"2022-11-02T21:14:59","date_gmt":"2022-11-03T03:14:59","guid":{"rendered":"https:\/\/vitaminaselsalvador.net\/?post_type=product&#038;p=3390"},"modified":"2025-07-08T11:06:31","modified_gmt":"2025-07-08T17:06:31","slug":"ginkgo-biloba-80mg-capsulas-2-pack","status":"publish","type":"product","link":"https:\/\/vitaminaselsalvador.net\/index.php\/product\/ginkgo-biloba-80mg-capsulas-2-pack\/","title":{"rendered":"Ginkgo Biloba 80mg C\u00e1psulas 2 Pack"},"content":{"rendered":"<h3 style=\"text-align: center;\"><em><span style=\"color: #000000;\"><strong><span style=\"color: #ff0000;\">DOSIS:<\/span> <\/strong><\/span><\/em><\/h3>\n<h4 class=\"margin\" style=\"text-align: center;\"><span style=\"color: #000000;\"><em><strong>1 c\u00e1psula 2-3 veces al d\u00eda. <\/strong><\/em><\/span><\/h4>\n<h4 class=\"margin\" style=\"text-align: center;\"><span style=\"color: #000000;\"><em><strong>Si los s\u00edntomas persisten consulte a su m\u00e9dico.<\/strong><\/em><\/span><\/h4>\n<h4 style=\"text-align: center;\"><em><span style=\"color: #000000;\">CONTRAINDICACIONES:<\/span><\/em><\/h4>\n<h4 style=\"text-align: center;\"><em><span style=\"color: #000000;\">No debe utilizarse cuando las arterias presentan un alto grado de arterioesclerosis y\/o hayan perdido<\/span><\/em><br \/>\n<em><span style=\"color: #000000;\">su capacidad de respuesta. Debe usarse con precauci\u00f3n en pacientes con sangrado activo. No se<\/span><\/em><br \/>\n<em><span style=\"color: #000000;\">conoce ninguna interacci\u00f3n con otros medicamentos.<\/span><\/em><\/h4>\n<h4 style=\"text-align: center;\"><em><span style=\"color: #000000;\">ADVERTENCIAS Y PRECAUCIONES: El problema clinico potencial m\u00e1s importante con el Ginkgo Biloba<\/span><\/em><br \/>\n<em><span style=\"color: #000000;\">es causado por su inhibici\u00f3n del factor activador plaquetario; usar con precauci\u00f3n conjuntamente con<\/span><\/em><br \/>\n<em><span style=\"color: #000000;\">warfarina, \u00e1cido acetilsalicilico, u otros agentes antiplaquetarios porque puede aumentar el riesgo de<\/span><\/em><br \/>\n<em><span style=\"color: #000000;\">sangrado. <\/span><\/em><\/h4>\n<h4 style=\"text-align: center;\"><span style=\"color: #ff0000;\"><em>El Ginkgo Biloba debe ser descontinuado 36 horas antes de una cirugia.<\/em><\/span><\/h4>\n","protected":false},"excerpt":{"rendered":"<div class=\"margin\" style=\"text-align: center;\"><span style=\"color: #ff0000;\">Precio 2 Pack Incluye 2 cajas<\/span><\/div>\n<div class=\"margin\" style=\"text-align: center;\"><span style=\"color: #0000ff;\">Cada caja x 30 c\u00e1psulas<\/span><\/div>\n<h3 style=\"text-align: center;\"><span style=\"color: #000000;\"><strong><em>INDICACIONES:<\/em><\/strong><\/span><\/h3>\n<h4 style=\"text-align: center;\"><span style=\"color: #993300;\"><strong><em>GINKGO BILOBA 80 mg<\/em><\/strong><\/span><\/h4>\n<h4 style=\"text-align: center;\"><strong><em><span style=\"color: #000000;\"><span style=\"color: #00ccff;\">PHARMA<\/span>&#8211;<span style=\"color: #000080;\">NATURA<\/span><\/span><\/em><\/strong><\/h4>\n<h4 style=\"text-align: center;\"><strong><em><span style=\"color: #000000;\"><span style=\"color: #ff0000;\">INDICACIONES:<\/span> <\/span><\/em><\/strong><\/h4>\n<h4 style=\"text-align: center;\"><strong><em><span style=\"color: #000000;\">Indicado para pacientes con mala circulaci\u00f3n cerebral y perif\u00e9rica con manifestaciones<\/span><\/em><\/strong><br \/>\n<strong><em><span style=\"color: #000000;\">de v\u00e9rtigos, tinn\u00edtus (zumbido de oidos) claudicaci\u00f3n Intermitente (calambres) mejora la concentraci\u00f3n<\/span><\/em><\/strong><br \/>\n<strong><em><span style=\"color: #000000;\">cerebral. <\/span><\/em><\/strong><\/h4>\n<h4 style=\"text-align: center;\"><strong><em><span style=\"color: #000000;\">Tiene propiedades antioxidantes.<\/span><\/em><\/strong><\/h4>\n","protected":false},"featured_media":3435,"comment_status":"closed","ping_status":"closed","template":"","meta":{"_kad_post_transparent":"","_kad_post_title":"","_kad_post_layout":"","_kad_post_sidebar_id":"","_kad_post_content_style":"","_kad_post_vertical_padding":"","_kad_post_feature":"","_kad_post_feature_position":"","_kad_post_header":false,"_kad_post_footer":false},"product_brand":[],"product_cat":[250,443],"product_tag":[865,866,867,868,869,870,871,872],"class_list":{"0":"post-3390","1":"product","2":"type-product","3":"status-publish","4":"has-post-thumbnail","6":"product_cat-capsulas","7":"product_cat-laboratorios-medikem","8":"product_tag-claudicacion-intermitente","9":"product_tag-concentracion-cerebral","10":"product_tag-ginkgo-biloba-80-mg","11":"product_tag-mala-circulacion-cerebral","12":"product_tag-mala-circulacion-periferica","13":"product_tag-propiedades-antioxidantes","14":"product_tag-tinnitus","15":"product_tag-vertigos","17":"first","18":"instock","19":"purchasable","20":"product-type-simple","21":"entry","22":"content-bg","23":"loop-entry"},"_links":{"self":[{"href":"https:\/\/vitaminaselsalvador.net\/index.php\/wp-json\/wp\/v2\/product\/3390","targetHints":{"allow":["GET"]}}],"collection":[{"href":"https:\/\/vitaminaselsalvador.net\/index.php\/wp-json\/wp\/v2\/product"}],"about":[{"href":"https:\/\/vitaminaselsalvador.net\/index.php\/wp-json\/wp\/v2\/types\/product"}],"replies":[{"embeddable":true,"href":"https:\/\/vitaminaselsalvador.net\/index.php\/wp-json\/wp\/v2\/comments?post=3390"}],"wp:featuredmedia":[{"embeddable":true,"href":"https:\/\/vitaminaselsalvador.net\/index.php\/wp-json\/wp\/v2\/media\/3435"}],"wp:attachment":[{"href":"https:\/\/vitaminaselsalvador.net\/index.php\/wp-json\/wp\/v2\/media?parent=3390"}],"wp:term":[{"taxonomy":"product_brand","embeddable":true,"href":"https:\/\/vitaminaselsalvador.net\/index.php\/wp-json\/wp\/v2\/product_brand?post=3390"},{"taxonomy":"product_cat","embeddable":true,"href":"https:\/\/vitaminaselsalvador.net\/index.php\/wp-json\/wp\/v2\/product_cat?post=3390"},{"taxonomy":"product_tag","embeddable":true,"href":"https:\/\/vitaminaselsalvador.net\/index.php\/wp-json\/wp\/v2\/product_tag?post=3390"}],"curies":[{"name":"wp","href":"https:\/\/api.w.org\/{rel}","templated":true}]}}