{"id":3383,"date":"2022-11-02T21:14:58","date_gmt":"2022-11-03T03:14:58","guid":{"rendered":"https:\/\/vitaminaselsalvador.net\/?post_type=product&#038;p=3383"},"modified":"2025-07-08T11:06:31","modified_gmt":"2025-07-08T17:06:31","slug":"cobalex-vitamina-b12-vial-10ml-3pack-inyecciones","status":"publish","type":"product","link":"https:\/\/vitaminaselsalvador.net\/index.php\/product\/cobalex-vitamina-b12-vial-10ml-3pack-inyecciones\/","title":{"rendered":"COBALEX Vitamina B12 Vial 10ml 3Pack (Inyecciones)"},"content":{"rendered":"<h4 style=\"text-align: center;\"><em><strong><span style=\"color: #000000;\">Composici\u00f3n:<\/span><\/strong><\/em><\/h4>\n<h4 style=\"text-align: center;\"><em><strong><span style=\"color: #000000;\">Cada Vial de 10ml contiene:<\/span><\/strong><\/em><\/h4>\n<p style=\"text-align: center;\"><span style=\"color: #000000;\"><em><strong>VITAMINA B12 (CIANOCOBALAMINA) 10,000 MCG.<\/strong><\/em><\/span><\/p>\n<p>&nbsp;<\/p>\n<p>&nbsp;<\/p>\n<p>&nbsp;<\/p>\n","protected":false},"excerpt":{"rendered":"<p style=\"text-align: center;\"><span style=\"color: #ff0000;\"><strong>COBALEX Vial Inyectable 10ml<\/strong><\/span><\/p>\n<p style=\"text-align: center;\"><em><strong><span style=\"color: #ff0000;\">Precio 3 Pack (Incluye 3 Viales de 10ml cada uno y 15 Jeringas Descartables 3ml)<\/span><\/strong><\/em><\/p>\n<p style=\"text-align: center;\"><span style=\"color: #0000ff;\"><em><strong>INDICACION:<\/strong><\/em><\/span><\/p>\n<p style=\"text-align: center;\"><span style=\"color: #000000;\"><em><strong>An\u00e9mia Perniciosa, <\/strong><\/em><\/span><\/p>\n<p style=\"text-align: center;\"><span style=\"color: #000000;\"><em><strong>An\u00e9mia Megalobl\u00e1stica, <\/strong><\/em><\/span><\/p>\n<p style=\"text-align: center;\"><span style=\"color: #000000;\"><em><strong>Lesiones Neur\u00e1lgicas, <\/strong><\/em><\/span><\/p>\n<p style=\"text-align: center;\"><span style=\"color: #000000;\"><em><strong>S\u00edndrome De Mal Absorci\u00f3n, <\/strong><\/em><\/span><\/p>\n<p style=\"text-align: center;\"><span style=\"color: #000000;\"><em><strong>Alcoholismo, <\/strong><\/em><\/span><\/p>\n<p style=\"text-align: center;\"><span style=\"color: #000000;\"><em><strong>D\u00e9ficit De Vitamina B12 De Or\u00edgen Diet\u00e9tico, <\/strong><\/em><\/span><\/p>\n<p style=\"text-align: center;\"><span style=\"color: #000000;\"><em><strong>Estr\u00e9s Prolongado.<\/strong><\/em><\/span><\/p>\n<p>&nbsp;<\/p>\n<p>&nbsp;<\/p>\n","protected":false},"featured_media":3428,"comment_status":"closed","ping_status":"closed","template":"","meta":{"_kad_post_transparent":"","_kad_post_title":"","_kad_post_layout":"","_kad_post_sidebar_id":"","_kad_post_content_style":"","_kad_post_vertical_padding":"","_kad_post_feature":"","_kad_post_feature_position":"","_kad_post_header":false,"_kad_post_footer":false},"product_brand":[],"product_cat":[516,94,379,97,98],"product_tag":[801,802,803,804,751,805,806,807],"class_list":{"0":"post-3383","1":"product","2":"type-product","3":"status-publish","4":"has-post-thumbnail","6":"product_cat-inyectables","7":"product_cat-laboratorios-vijosa","8":"product_cat-vitaminas","9":"product_cat-vitaminas-neurotropas","10":"product_cat-vitaminas-y-suplementos","11":"product_tag-alcoholismo","12":"product_tag-anemia-megaloblastica","13":"product_tag-anemia-perniciosa","14":"product_tag-cobalex-vial-inyectable-10ml","15":"product_tag-deficit-de-vitamina-b12-de-origen-dietetico","16":"product_tag-estres-prolongado","17":"product_tag-lesiones-neuralgicas","18":"product_tag-sindrome-de-mal-absorcion","20":"first","21":"instock","22":"shipping-taxable","23":"purchasable","24":"product-type-simple","25":"entry","26":"content-bg","27":"loop-entry"},"_links":{"self":[{"href":"https:\/\/vitaminaselsalvador.net\/index.php\/wp-json\/wp\/v2\/product\/3383","targetHints":{"allow":["GET"]}}],"collection":[{"href":"https:\/\/vitaminaselsalvador.net\/index.php\/wp-json\/wp\/v2\/product"}],"about":[{"href":"https:\/\/vitaminaselsalvador.net\/index.php\/wp-json\/wp\/v2\/types\/product"}],"replies":[{"embeddable":true,"href":"https:\/\/vitaminaselsalvador.net\/index.php\/wp-json\/wp\/v2\/comments?post=3383"}],"wp:featuredmedia":[{"embeddable":true,"href":"https:\/\/vitaminaselsalvador.net\/index.php\/wp-json\/wp\/v2\/media\/3428"}],"wp:attachment":[{"href":"https:\/\/vitaminaselsalvador.net\/index.php\/wp-json\/wp\/v2\/media?parent=3383"}],"wp:term":[{"taxonomy":"product_brand","embeddable":true,"href":"https:\/\/vitaminaselsalvador.net\/index.php\/wp-json\/wp\/v2\/product_brand?post=3383"},{"taxonomy":"product_cat","embeddable":true,"href":"https:\/\/vitaminaselsalvador.net\/index.php\/wp-json\/wp\/v2\/product_cat?post=3383"},{"taxonomy":"product_tag","embeddable":true,"href":"https:\/\/vitaminaselsalvador.net\/index.php\/wp-json\/wp\/v2\/product_tag?post=3383"}],"curies":[{"name":"wp","href":"https:\/\/api.w.org\/{rel}","templated":true}]}}