{"id":3382,"date":"2022-11-02T21:14:58","date_gmt":"2022-11-03T03:14:58","guid":{"rendered":"https:\/\/vitaminaselsalvador.net\/?post_type=product&#038;p=3382"},"modified":"2025-07-08T11:06:31","modified_gmt":"2025-07-08T17:06:31","slug":"veloz-rapido-para-la-diarrea","status":"publish","type":"product","link":"https:\/\/vitaminaselsalvador.net\/index.php\/product\/veloz-rapido-para-la-diarrea\/","title":{"rendered":"Veloz &#8211; R\u00e1pido PARA la diarrea"},"content":{"rendered":"<address style=\"text-align: center;\">\u00a0<\/address>\n<address style=\"text-align: center;\">\u00a0<\/address>\n<address style=\"text-align: center;\"><span style=\"color: #ff0000;\"><strong>DOSIS : <\/strong><\/span><\/address>\n<h4 style=\"text-align: center;\"><strong><span style=\"color: #339966;\"><em>Adolescentes entre 12 y 18 a\u00f1os: 1 tableta al inicio y luego 1 despu\u00e9s de cada evacuaci\u00f3n.<\/em><\/span><\/strong><\/h4>\n<h4 style=\"text-align: center;\"><strong><span style=\"color: #339966;\"><em>Mayores de 18 a\u00f1os: 2 tabletas al inicio y luego 1 despu\u00e9s de cada evacuaci\u00f3n.<\/em><\/span><\/strong><\/h4>\n<h4 style=\"text-align: center;\"><span style=\"color: #ff0000;\"><strong><em>Contraindicaciones:<\/em> <\/strong><\/span><\/h4>\n<h5 style=\"text-align: center;\"><strong>No tomar m\u00e1s de 4 tabletas al d\u00eda<span style=\"color: #000000;\">.<br \/>\n<\/span><\/strong><\/h5>\n<p>&nbsp;<\/p>\n<p>&nbsp;<\/p>\n<address style=\"text-align: center;\">\u00a0<\/address>\n","protected":false},"excerpt":{"rendered":"<address style=\"text-align: center;\"><code><\/code><\/address>\n<h6><iframe loading=\"lazy\" src=\"https:\/\/www.youtube.com\/embed\/3LHhMfBFzSE\" width=\"560\" height=\"315\" frameborder=\"0\" allowfullscreen=\"allowfullscreen\"><\/iframe><\/h6>\n<h6 style=\"text-align: center;\"><span style=\"color: #ff0000;\"><strong>Contiene 50 sobres de 2 tabletas<\/strong><\/span><\/h6>\n<h5 style=\"text-align: center;\"><span style=\"color: #ff0000;\"><em><strong>Indicaciones:<\/strong><\/em><\/span><\/h5>\n<h5 style=\"text-align: center;\"><span style=\"color: #000000;\"><em><strong>Para el control de la diarrea de cualquier tipo, actuando desde la primera d\u00f3sis.<\/strong><\/em><\/span><\/h5>\n","protected":false},"featured_media":3427,"comment_status":"closed","ping_status":"closed","template":"","meta":{"_kad_post_transparent":"","_kad_post_title":"","_kad_post_layout":"","_kad_post_sidebar_id":"","_kad_post_content_style":"","_kad_post_vertical_padding":"","_kad_post_feature":"","_kad_post_feature_position":"","_kad_post_header":false,"_kad_post_footer":false},"product_brand":[],"product_cat":[452,228,215],"product_tag":[457,146,458,459,460,201],"class_list":{"0":"post-3382","1":"product","2":"type-product","3":"status-publish","4":"has-post-thumbnail","6":"product_cat-laboratorios-pharmedic","7":"product_cat-para-el-estomago","8":"product_cat-tabletas","9":"product_tag-controla-la-diarrea","10":"product_tag-el-salvador","11":"product_tag-loperamida","12":"product_tag-para-la-diarrea","13":"product_tag-veloz","14":"product_tag-vitaminas-en-el-salvador","16":"first","17":"instock","18":"purchasable","19":"product-type-simple","20":"entry","21":"content-bg","22":"loop-entry"},"_links":{"self":[{"href":"https:\/\/vitaminaselsalvador.net\/index.php\/wp-json\/wp\/v2\/product\/3382","targetHints":{"allow":["GET"]}}],"collection":[{"href":"https:\/\/vitaminaselsalvador.net\/index.php\/wp-json\/wp\/v2\/product"}],"about":[{"href":"https:\/\/vitaminaselsalvador.net\/index.php\/wp-json\/wp\/v2\/types\/product"}],"replies":[{"embeddable":true,"href":"https:\/\/vitaminaselsalvador.net\/index.php\/wp-json\/wp\/v2\/comments?post=3382"}],"wp:featuredmedia":[{"embeddable":true,"href":"https:\/\/vitaminaselsalvador.net\/index.php\/wp-json\/wp\/v2\/media\/3427"}],"wp:attachment":[{"href":"https:\/\/vitaminaselsalvador.net\/index.php\/wp-json\/wp\/v2\/media?parent=3382"}],"wp:term":[{"taxonomy":"product_brand","embeddable":true,"href":"https:\/\/vitaminaselsalvador.net\/index.php\/wp-json\/wp\/v2\/product_brand?post=3382"},{"taxonomy":"product_cat","embeddable":true,"href":"https:\/\/vitaminaselsalvador.net\/index.php\/wp-json\/wp\/v2\/product_cat?post=3382"},{"taxonomy":"product_tag","embeddable":true,"href":"https:\/\/vitaminaselsalvador.net\/index.php\/wp-json\/wp\/v2\/product_tag?post=3382"}],"curies":[{"name":"wp","href":"https:\/\/api.w.org\/{rel}","templated":true}]}}