{"id":3379,"date":"2022-11-02T21:14:58","date_gmt":"2022-11-03T03:14:58","guid":{"rendered":"https:\/\/vitaminaselsalvador.net\/?post_type=product&#038;p=3379"},"modified":"2025-11-17T10:06:25","modified_gmt":"2025-11-17T16:06:25","slug":"forxex-50mg-potenciador-sexual-mejora-tu-rendimiento-de-forma-confiable-aumenta-tu-confianza-y-disfruta-de-una-vida-intima-plena","status":"publish","type":"product","link":"https:\/\/vitaminaselsalvador.net\/index.php\/product\/forxex-50mg-potenciador-sexual-mejora-tu-rendimiento-de-forma-confiable-aumenta-tu-confianza-y-disfruta-de-una-vida-intima-plena\/","title":{"rendered":"FORXEX 50mg Potenciador Sexual mejora tu rendimiento de forma confiable Aumenta tu confianza y disfruta de una vida \u00edntima plena"},"content":{"rendered":"<div style=\"color:black;font-family: Arial, sans-serif\">\n<p><strong>FORXEX 50mg Potenciador Sexual<\/strong> es una opci\u00f3n confiable dise\u00f1ada para mejorar el rendimiento. En <strong>VitaGlobe &#8211; Tu salud, sin fronteras<\/strong>, sabemos lo importante que es sentirse seguro y pleno en cada momento. Por eso, te ofrecemos un producto respaldado y valorado por usuarios que buscan resultados reales y consistentes.<\/p>\n<p>Con <strong>FORXEX 50mg<\/strong> puedes potenciar tu desempe\u00f1o de forma segura y efectiva. Su presentaci\u00f3n pr\u00e1ctica facilita el uso cuando m\u00e1s lo necesitas, d\u00e1ndote tranquilidad y bienestar. Perfecto para quienes desean <strong>mejorar su experiencia sin complicaciones<\/strong> y con la confianza de un producto valorado en el mercado.<\/p>\n<p>En <strong>VitaGlobe<\/strong> creemos en productos de calidad que cumplen lo que prometen. Descubre la diferencia y vive la experiencia de una vida m\u00e1s plena con el respaldo de nuestro lema: <strong>\u201cConectando salud con el mundo.\u201d<\/strong> \ud83c\udf0e\ud83d\udc99<\/p>\n<\/div>\n","protected":false},"excerpt":{"rendered":"<div style=\"color:black;font-family: Arial, sans-serif\">\nDescubre el <strong>FORXEX 50mg Potenciador Sexual<\/strong>, la opci\u00f3n ideal para <strong>mejorar tu rendimiento<\/strong> de forma confiable. Vive una experiencia superior y siente la seguridad que buscas. \u00a1Empodera tus momentos especiales con confianza! <br \/> <br \/>\nConf\u00eda en VitaGlobe: <strong>Conectando salud con el mundo<\/strong> \ud83c\udf0d\ud83d\udcaa<\/p>\n<p style=\"color:red;font-weight:bold;font-style:italic;font-size:1.1em\">\u00a1Potencia tu bienestar hoy mismo y siente la diferencia!<\/p>\n<\/div>\n","protected":false},"featured_media":3409,"comment_status":"closed","ping_status":"closed","template":"","meta":{"_kad_post_transparent":"","_kad_post_title":"","_kad_post_layout":"","_kad_post_sidebar_id":"","_kad_post_content_style":"","_kad_post_vertical_padding":"","_kad_post_feature":"","_kad_post_feature_position":"","_kad_post_header":false,"_kad_post_footer":false},"product_brand":[],"product_cat":[788,504,215],"product_tag":[789,586,790,791,512,792,793],"class_list":{"0":"post-3379","1":"product","2":"type-product","3":"status-publish","4":"has-post-thumbnail","6":"product_cat-laboratorios-rowalt","7":"product_cat-potenciador-sexual","8":"product_cat-tabletas","9":"product_tag-encuentro-sexual","10":"product_tag-ereccion","11":"product_tag-estimulo-sexual","12":"product_tag-forxex-50mg","13":"product_tag-problemas-de-ereccion","14":"product_tag-relacion-sexual","15":"product_tag-viagra","17":"first","18":"instock","19":"shipping-taxable","20":"purchasable","21":"product-type-simple","22":"entry","23":"content-bg","24":"loop-entry"},"_links":{"self":[{"href":"https:\/\/vitaminaselsalvador.net\/index.php\/wp-json\/wp\/v2\/product\/3379","targetHints":{"allow":["GET"]}}],"collection":[{"href":"https:\/\/vitaminaselsalvador.net\/index.php\/wp-json\/wp\/v2\/product"}],"about":[{"href":"https:\/\/vitaminaselsalvador.net\/index.php\/wp-json\/wp\/v2\/types\/product"}],"replies":[{"embeddable":true,"href":"https:\/\/vitaminaselsalvador.net\/index.php\/wp-json\/wp\/v2\/comments?post=3379"}],"wp:featuredmedia":[{"embeddable":true,"href":"https:\/\/vitaminaselsalvador.net\/index.php\/wp-json\/wp\/v2\/media\/3409"}],"wp:attachment":[{"href":"https:\/\/vitaminaselsalvador.net\/index.php\/wp-json\/wp\/v2\/media?parent=3379"}],"wp:term":[{"taxonomy":"product_brand","embeddable":true,"href":"https:\/\/vitaminaselsalvador.net\/index.php\/wp-json\/wp\/v2\/product_brand?post=3379"},{"taxonomy":"product_cat","embeddable":true,"href":"https:\/\/vitaminaselsalvador.net\/index.php\/wp-json\/wp\/v2\/product_cat?post=3379"},{"taxonomy":"product_tag","embeddable":true,"href":"https:\/\/vitaminaselsalvador.net\/index.php\/wp-json\/wp\/v2\/product_tag?post=3379"}],"curies":[{"name":"wp","href":"https:\/\/api.w.org\/{rel}","templated":true}]}}